{"id":3611721,"date":"2026-02-15T01:01:32","date_gmt":"2026-02-15T00:01:32","guid":{"rendered":"https:\/\/streetmarkets.fr\/app\/produit\/engineered-garments-bedford-jacket-olive-heavyweight-ripstop\/"},"modified":"2026-05-06T02:03:16","modified_gmt":"2026-05-06T00:03:16","slug":"engineered-garments-bedford-jacket-olive-heavyweight-ripstop","status":"publish","type":"product","link":"https:\/\/streetmarkets.fr\/app\/produit\/engineered-garments-bedford-jacket-olive-heavyweight-ripstop\/","title":{"rendered":"ENGINEERED GARMENTS BEDFORD Jacket Olive Heavyweight Ripstop"},"content":{"rendered":"<p><strong>Cr\u00e9ateur : <\/strong>Engineered Garnment, Fabriqu\u00e9 aux Etats-Unis<\/p>\n<p><strong>R\u00e9alisation : <\/strong>L&#8217;embl\u00e9matique veste Bedford d&rsquo;Engineered Garments. Confectionn\u00e9e en coton ripstop, entre la veste habill\u00e9e et la veste de travail. Revers pointu et coutures renforc\u00e9es aux points de tension (pour une meilleure durabilit\u00e9);<\/p>\n<p>100 % coton, ripstop, boutons de monnaie amovibles, revers pointu, 4 poches plaqu\u00e9es ext\u00e9rieures, 2 poches int\u00e9rieures<\/p>\n<p>Biais, coutures renforc\u00e9es aux points de tension<\/p>\n<p>Code produit\u00a0: 25F1D005-BK002<\/p>\n<p><em>Engineered Garments&rsquo; iconic Bedford jacket. Made from ripstop cotton, it bridges the gap between a dress jacket and a work jacket. Features include a peaked lapel and reinforced seams at stress points for enhanced durability.<\/em><\/p>\n<p><em>100% cotton, ripstop, removable coin buttons, peaked lapel, four exterior patch pockets, two interior pockets<\/em><\/p>\n<p><em>Bias binding, reinforced seams at stress points<\/em><\/p>\n","protected":false},"excerpt":{"rendered":"<p>Cr\u00e9ateur : Engineered Garnment, Fabriqu\u00e9 aux Etats-Unis R\u00e9alisation : L&#8217;embl\u00e9matique veste Bedford d&rsquo;Engineered Garments. Confectionn\u00e9e en coton ripstop, entre la veste habill\u00e9e et la veste de travail. Revers pointu et coutures renforc\u00e9es aux points de tension (pour une meilleure durabilit\u00e9); 100 % coton, ripstop, boutons de monnaie amovibles, revers pointu, 4 poches plaqu\u00e9es ext\u00e9rieures, 2 [&hellip;]<\/p>\n","protected":false},"featured_media":3611722,"comment_status":"open","ping_status":"closed","template":"","meta":[],"product_brand":[],"product_cat":[],"product_tag":[],"acf":[],"_links":{"self":[{"href":"https:\/\/streetmarkets.fr\/app\/wp-json\/wp\/v2\/product\/3611721"}],"collection":[{"href":"https:\/\/streetmarkets.fr\/app\/wp-json\/wp\/v2\/product"}],"about":[{"href":"https:\/\/streetmarkets.fr\/app\/wp-json\/wp\/v2\/types\/product"}],"replies":[{"embeddable":true,"href":"https:\/\/streetmarkets.fr\/app\/wp-json\/wp\/v2\/comments?post=3611721"}],"wp:featuredmedia":[{"embeddable":true,"href":"https:\/\/streetmarkets.fr\/app\/wp-json\/wp\/v2\/media\/3611722"}],"wp:attachment":[{"href":"https:\/\/streetmarkets.fr\/app\/wp-json\/wp\/v2\/media?parent=3611721"}],"wp:term":[{"taxonomy":"product_brand","embeddable":true,"href":"https:\/\/streetmarkets.fr\/app\/wp-json\/wp\/v2\/product_brand?post=3611721"},{"taxonomy":"product_cat","embeddable":true,"href":"https:\/\/streetmarkets.fr\/app\/wp-json\/wp\/v2\/product_cat?post=3611721"},{"taxonomy":"product_tag","embeddable":true,"href":"https:\/\/streetmarkets.fr\/app\/wp-json\/wp\/v2\/product_tag?post=3611721"}],"curies":[{"name":"wp","href":"https:\/\/api.w.org\/{rel}","templated":true}]}}