{"id":3611714,"date":"2026-02-15T01:01:31","date_gmt":"2026-02-15T00:01:31","guid":{"rendered":"https:\/\/streetmarkets.fr\/app\/produit\/andersen-andersen-navy-half-zip-hunter-green\/"},"modified":"2026-05-06T02:03:16","modified_gmt":"2026-05-06T00:03:16","slug":"andersen-andersen-navy-half-zip-hunter-green","status":"publish","type":"product","link":"https:\/\/streetmarkets.fr\/app\/produit\/andersen-andersen-navy-half-zip-hunter-green\/","title":{"rendered":"ANDERSEN-ANDERSEN Navy Half-zip Hunter green"},"content":{"rendered":"<p><strong>Cr\u00e9ateur :<\/strong> <a href=\"https:\/\/www.authentiqueparenthese.fr\/andersen-andersen\/\">Andersen-Andersen<\/a>, con\u00e7u au Danemark, tricot\u00e9 et li\u00e9 en Italie<\/p>\n<p><strong>R\u00e9alisation : <\/strong>Pull demi-zip tricot\u00e9 en point cardigan complet. Coupe classique, col haut et manches c\u00f4tel\u00e9es allong\u00e9es avec trous pour les pouces. Enti\u00e8rement tricot\u00e9 et reli\u00e9 entre eux. Tous les assemblages sont renforc\u00e9s par des points d&rsquo;arr\u00eat. Livr\u00e9 avec une fermeture \u00e9clair YKK sans nickel. Tricot\u00e9 sur une machine \u00e0 tricoter plate de calibre 5 avec 6 fils extra fil\u00e9s, pure laine vierge pour une qualit\u00e9 lourde et durable.<\/p>\n<p>La laine est originaire de Patagonie et est fil\u00e9e en Italie<\/p>\n<p id=\"tw-target-text\" class=\"tw-data-text tw-text-large tw-ta\" dir=\"ltr\" data-placeholder=\"Traduction\" data-ved=\"2ahUKEwjkh9W5qZCJAxU-TKQEHY4SNy4Q3ewLegQICxAU\" aria-label=\"Texte traduit\u00a0: 100 % pure laine vierge - extra fil\u00e9e\"><span class=\"Y2IQFc\" lang=\"fr\">100 % pure laine vierge &#8211; extra fil\u00e9e<\/span><\/p>\n<p id=\"tw-target-text\" class=\"tw-data-text tw-text-large tw-ta\" dir=\"ltr\" data-placeholder=\"Traduction\" data-ved=\"2ahUKEwjkh9W5qZCJAxU-TKQEHY4SNy4Q3ewLegQICxAU\" aria-label=\"Texte traduit\u00a0: Half-zip sweater knitted in full cardigan stitch. Classic fit, high collar and elongated ribbed sleeves with thumbholes. Fully knitted and linked together. All assemblies are reinforced with tie-off points. Comes with a nickel-free YKK zipper. Knitted on a 5 gauge flat knitting machine with 6 extra spun yarns, pure new wool for heavy, durable quality. The wool comes from Patagonia and is spun in Italy 100% pure virgin wool - extra spun\"><em><span class=\"Y2IQFc\" lang=\"en\">Half-zip sweater knitted in full cardigan stitch. Classic fit, high collar and elongated ribbed sleeves with thumbholes. Fully knitted and linked together. All assemblies are reinforced with tie-off points. Comes with a nickel-free YKK zipper. Knitted on a 5 gauge flat knitting machine with 6 extra spun yarns, pure new wool for heavy, durable quality. The wool comes from Patagonia and is spun in Italy 100% pure virgin wool &#8211; extra spun<\/span><\/em><\/p>\n","protected":false},"excerpt":{"rendered":"<p>Cr\u00e9ateur : Andersen-Andersen, con\u00e7u au Danemark, tricot\u00e9 et li\u00e9 en Italie R\u00e9alisation : Pull demi-zip tricot\u00e9 en point cardigan complet. Coupe classique, col haut et manches c\u00f4tel\u00e9es allong\u00e9es avec trous pour les pouces. Enti\u00e8rement tricot\u00e9 et reli\u00e9 entre eux. Tous les assemblages sont renforc\u00e9s par des points d&rsquo;arr\u00eat. Livr\u00e9 avec une fermeture \u00e9clair YKK sans [&hellip;]<\/p>\n","protected":false},"featured_media":3611715,"comment_status":"open","ping_status":"closed","template":"","meta":[],"product_brand":[7133],"product_cat":[],"product_tag":[],"acf":[],"_links":{"self":[{"href":"https:\/\/streetmarkets.fr\/app\/wp-json\/wp\/v2\/product\/3611714"}],"collection":[{"href":"https:\/\/streetmarkets.fr\/app\/wp-json\/wp\/v2\/product"}],"about":[{"href":"https:\/\/streetmarkets.fr\/app\/wp-json\/wp\/v2\/types\/product"}],"replies":[{"embeddable":true,"href":"https:\/\/streetmarkets.fr\/app\/wp-json\/wp\/v2\/comments?post=3611714"}],"wp:featuredmedia":[{"embeddable":true,"href":"https:\/\/streetmarkets.fr\/app\/wp-json\/wp\/v2\/media\/3611715"}],"wp:attachment":[{"href":"https:\/\/streetmarkets.fr\/app\/wp-json\/wp\/v2\/media?parent=3611714"}],"wp:term":[{"taxonomy":"product_brand","embeddable":true,"href":"https:\/\/streetmarkets.fr\/app\/wp-json\/wp\/v2\/product_brand?post=3611714"},{"taxonomy":"product_cat","embeddable":true,"href":"https:\/\/streetmarkets.fr\/app\/wp-json\/wp\/v2\/product_cat?post=3611714"},{"taxonomy":"product_tag","embeddable":true,"href":"https:\/\/streetmarkets.fr\/app\/wp-json\/wp\/v2\/product_tag?post=3611714"}],"curies":[{"name":"wp","href":"https:\/\/api.w.org\/{rel}","templated":true}]}}