{"id":3611693,"date":"2026-02-15T01:01:19","date_gmt":"2026-02-15T00:01:19","guid":{"rendered":"https:\/\/streetmarkets.fr\/app\/produit\/batoner-signature-crew-neck-navy\/"},"modified":"2026-05-15T02:00:46","modified_gmt":"2026-05-15T00:00:46","slug":"batoner-signature-crew-neck-navy","status":"publish","type":"product","link":"https:\/\/streetmarkets.fr\/app\/produit\/batoner-signature-crew-neck-navy\/","title":{"rendered":"BATONER SIGNATURE Crew neck Navy"},"content":{"rendered":"<p><strong>Cr\u00e9ateur :<\/strong> Batoner, Japon<\/p>\n<p><strong>R\u00e9alisation : <\/strong>Confectionn\u00e9 en fil SOLIDWOOL, ce pull est r\u00e9sistant au boulochage et \u00e0 l&rsquo; affaissement<\/p>\n<p>Coupe standard, manches raglan 100 % laine<\/p>\n<p><em>Made with SOLIDWOOL yarn, this sweater is resistant to pilling and sagging.<\/em><\/p>\n<p><em>Regular fit, raglan sleeves<\/em><\/p>\n<p><em>100% wool<\/em><\/p>\n<p>&nbsp;<\/p>\n","protected":false},"excerpt":{"rendered":"<p>Cr\u00e9ateur : Batoner, Japon R\u00e9alisation : Confectionn\u00e9 en fil SOLIDWOOL, ce pull est r\u00e9sistant au boulochage et \u00e0 l&rsquo; affaissement Coupe standard, manches raglan 100 % laine Made with SOLIDWOOL yarn, this sweater is resistant to pilling and sagging. Regular fit, raglan sleeves 100% wool &nbsp;<\/p>\n","protected":false},"featured_media":3611694,"comment_status":"open","ping_status":"closed","template":"","meta":[],"product_brand":[],"product_cat":[],"product_tag":[],"acf":[],"_links":{"self":[{"href":"https:\/\/streetmarkets.fr\/app\/wp-json\/wp\/v2\/product\/3611693"}],"collection":[{"href":"https:\/\/streetmarkets.fr\/app\/wp-json\/wp\/v2\/product"}],"about":[{"href":"https:\/\/streetmarkets.fr\/app\/wp-json\/wp\/v2\/types\/product"}],"replies":[{"embeddable":true,"href":"https:\/\/streetmarkets.fr\/app\/wp-json\/wp\/v2\/comments?post=3611693"}],"wp:featuredmedia":[{"embeddable":true,"href":"https:\/\/streetmarkets.fr\/app\/wp-json\/wp\/v2\/media\/3611694"}],"wp:attachment":[{"href":"https:\/\/streetmarkets.fr\/app\/wp-json\/wp\/v2\/media?parent=3611693"}],"wp:term":[{"taxonomy":"product_brand","embeddable":true,"href":"https:\/\/streetmarkets.fr\/app\/wp-json\/wp\/v2\/product_brand?post=3611693"},{"taxonomy":"product_cat","embeddable":true,"href":"https:\/\/streetmarkets.fr\/app\/wp-json\/wp\/v2\/product_cat?post=3611693"},{"taxonomy":"product_tag","embeddable":true,"href":"https:\/\/streetmarkets.fr\/app\/wp-json\/wp\/v2\/product_tag?post=3611693"}],"curies":[{"name":"wp","href":"https:\/\/api.w.org\/{rel}","templated":true}]}}