{"id":3611686,"date":"2026-02-15T01:01:18","date_gmt":"2026-02-15T00:01:18","guid":{"rendered":"https:\/\/streetmarkets.fr\/app\/produit\/goldwin-one-tuck-tapered-stretch-pants-black\/"},"modified":"2026-05-14T01:58:56","modified_gmt":"2026-05-13T23:58:56","slug":"goldwin-one-tuck-tapered-stretch-pants-black","status":"publish","type":"product","link":"https:\/\/streetmarkets.fr\/app\/produit\/goldwin-one-tuck-tapered-stretch-pants-black\/","title":{"rendered":"GOLDWIN ONE TUCK Tapered Stretch Pants Black"},"content":{"rendered":"<p><b>Cr\u00e9ateur :<\/b> GOLDWIN, Japan<\/p>\n<p><b>Detail : <\/b>Pantalon en mat\u00e9riau extensible, 100 % polyester. Il conserve sa forme sans risque de se froisser. L&rsquo;\u00e9tirement sans polyur\u00e9thane rend le mat\u00e9riau plus r\u00e9sistant \u00e0 l&rsquo;usure. Trait\u00e9 avec un rev\u00eatement r\u00e9sistant \u00e0 l&rsquo;eau pour r\u00e9sister \u00e0 une pluie l\u00e9g\u00e8re. La poche lat\u00e9rale droite est dot\u00e9e d&rsquo;une poche int\u00e9rieure de s\u00e9curit\u00e9. Les poches arri\u00e8re sont positionn\u00e9es pour mettre en valeur la ligne incurv\u00e9e de l&#8217;empi\u00e8cement qui longe la ligne des hanches.<\/p>\n<p>Composite Fiber (Polyester) 100%<\/p>\n<p>Code : <span class=\"s1\">GL75177<\/span><\/p>\n<p id=\"tw-target-text\" class=\"tw-data-text tw-text-large tw-ta\" dir=\"ltr\" data-placeholder=\"Traduction\" data-ved=\"2ahUKEwiYw8Sx8KuJAxX_VqQEHWAxCHIQ3ewLegQIAxAU\" aria-label=\"Texte traduit\u00a0: Trousers made from stretch material, 100% polyester. It retains its shape without risk of creasing. Stretching without polyurethane makes the material more resistant to wear. Treated with a water-resistant coating to withstand light rain. The right side pocket has an interior security pocket. The back pockets are positioned to highlight the curved line of the yoke that runs along the hip line.\"><em><span class=\"Y2IQFc\" lang=\"en\">Trousers made from stretch material, 100% polyester. It retains its shape without risk of creasing. Stretching without polyurethane makes the material more resistant to wear. Treated with a water-resistant coating to withstand light rain. The right side pocket has an interior security pocket. The back pockets are positioned to highlight the curved line of the yoke that runs along the hip line.<\/span><\/em><\/p>\n","protected":false},"excerpt":{"rendered":"<p>Cr\u00e9ateur : GOLDWIN, Japan Detail : Pantalon en mat\u00e9riau extensible, 100 % polyester. Il conserve sa forme sans risque de se froisser. L&rsquo;\u00e9tirement sans polyur\u00e9thane rend le mat\u00e9riau plus r\u00e9sistant \u00e0 l&rsquo;usure. Trait\u00e9 avec un rev\u00eatement r\u00e9sistant \u00e0 l&rsquo;eau pour r\u00e9sister \u00e0 une pluie l\u00e9g\u00e8re. La poche lat\u00e9rale droite est dot\u00e9e d&rsquo;une poche int\u00e9rieure de [&hellip;]<\/p>\n","protected":false},"featured_media":3611687,"comment_status":"open","ping_status":"closed","template":"","meta":[],"product_brand":[],"product_cat":[],"product_tag":[],"acf":[],"_links":{"self":[{"href":"https:\/\/streetmarkets.fr\/app\/wp-json\/wp\/v2\/product\/3611686"}],"collection":[{"href":"https:\/\/streetmarkets.fr\/app\/wp-json\/wp\/v2\/product"}],"about":[{"href":"https:\/\/streetmarkets.fr\/app\/wp-json\/wp\/v2\/types\/product"}],"replies":[{"embeddable":true,"href":"https:\/\/streetmarkets.fr\/app\/wp-json\/wp\/v2\/comments?post=3611686"}],"wp:featuredmedia":[{"embeddable":true,"href":"https:\/\/streetmarkets.fr\/app\/wp-json\/wp\/v2\/media\/3611687"}],"wp:attachment":[{"href":"https:\/\/streetmarkets.fr\/app\/wp-json\/wp\/v2\/media?parent=3611686"}],"wp:term":[{"taxonomy":"product_brand","embeddable":true,"href":"https:\/\/streetmarkets.fr\/app\/wp-json\/wp\/v2\/product_brand?post=3611686"},{"taxonomy":"product_cat","embeddable":true,"href":"https:\/\/streetmarkets.fr\/app\/wp-json\/wp\/v2\/product_cat?post=3611686"},{"taxonomy":"product_tag","embeddable":true,"href":"https:\/\/streetmarkets.fr\/app\/wp-json\/wp\/v2\/product_tag?post=3611686"}],"curies":[{"name":"wp","href":"https:\/\/api.w.org\/{rel}","templated":true}]}}