{"id":3611670,"date":"2026-02-15T01:01:16","date_gmt":"2026-02-15T00:01:16","guid":{"rendered":"https:\/\/streetmarkets.fr\/app\/produit\/jackman-henleyneck-longsleeved-t-shirt-retro-olive\/"},"modified":"2026-05-11T02:01:50","modified_gmt":"2026-05-11T00:01:50","slug":"jackman-henleyneck-longsleeved-t-shirt-retro-olive","status":"publish","type":"product","link":"https:\/\/streetmarkets.fr\/app\/produit\/jackman-henleyneck-longsleeved-t-shirt-retro-olive\/","title":{"rendered":"JACKMAN HENLEYNECK Longsleeved T-Shirt Retro olive"},"content":{"rendered":"<p><b>Cr\u00e9ateur :<\/b> JACKMAN, Japan<\/p>\n<p><b>Detail : <\/b>Tee-shirt manches longues avec col Henry, fabriqu\u00e9 \u00e0 partir de coton de riz et un filage particulier lui donnant une texture s\u00e8che et un aspect rugueux. Le design unique fait refl\u00e8te fortement l&rsquo;ADN du baseball.<\/p>\n<p>100 % coton<\/p>\n<p>Code : JM5318 Retro olive<\/p>\n<p id=\"tw-target-text\" class=\"tw-data-text tw-text-large tw-ta\" dir=\"ltr\" data-placeholder=\"Traduction\" data-ved=\"2ahUKEwio2InMkr6JAxUrSKQEHQzVJaUQ3ewLegQICRAU\" aria-label=\"Texte traduit\u00a0: Long-sleeved T-shirt with Henry collar, made from rice cotton and a particular spinning giving it a dry texture and a rough appearance. The unique design strongly reflects baseball's DNA.\u00a0 100% cotton\"><em><span class=\"Y2IQFc\" lang=\"en\">Long-sleeved T-shirt with Henry collar, made from rice cotton and a particular spinning giving it a dry texture and a rough appearance. The unique design strongly reflects baseball&rsquo;s DNA.\u00a0 <\/span><\/em><\/p>\n<p class=\"tw-data-text tw-text-large tw-ta\" dir=\"ltr\" data-placeholder=\"Traduction\" data-ved=\"2ahUKEwio2InMkr6JAxUrSKQEHQzVJaUQ3ewLegQICRAU\" aria-label=\"Texte traduit\u00a0: Long-sleeved T-shirt with Henry collar, made from rice cotton and a particular spinning giving it a dry texture and a rough appearance. The unique design strongly reflects baseball's DNA.\u00a0 100% cotton\"><em><span class=\"Y2IQFc\" lang=\"en\">100% cotton<\/span><\/em><\/p>\n","protected":false},"excerpt":{"rendered":"<p>Cr\u00e9ateur : JACKMAN, Japan Detail : Tee-shirt manches longues avec col Henry, fabriqu\u00e9 \u00e0 partir de coton de riz et un filage particulier lui donnant une texture s\u00e8che et un aspect rugueux. Le design unique fait refl\u00e8te fortement l&rsquo;ADN du baseball. 100 % coton Code : JM5318 Retro olive Long-sleeved T-shirt with Henry collar, made [&hellip;]<\/p>\n","protected":false},"featured_media":3611671,"comment_status":"open","ping_status":"closed","template":"","meta":[],"product_brand":[],"product_cat":[],"product_tag":[],"acf":[],"_links":{"self":[{"href":"https:\/\/streetmarkets.fr\/app\/wp-json\/wp\/v2\/product\/3611670"}],"collection":[{"href":"https:\/\/streetmarkets.fr\/app\/wp-json\/wp\/v2\/product"}],"about":[{"href":"https:\/\/streetmarkets.fr\/app\/wp-json\/wp\/v2\/types\/product"}],"replies":[{"embeddable":true,"href":"https:\/\/streetmarkets.fr\/app\/wp-json\/wp\/v2\/comments?post=3611670"}],"wp:featuredmedia":[{"embeddable":true,"href":"https:\/\/streetmarkets.fr\/app\/wp-json\/wp\/v2\/media\/3611671"}],"wp:attachment":[{"href":"https:\/\/streetmarkets.fr\/app\/wp-json\/wp\/v2\/media?parent=3611670"}],"wp:term":[{"taxonomy":"product_brand","embeddable":true,"href":"https:\/\/streetmarkets.fr\/app\/wp-json\/wp\/v2\/product_brand?post=3611670"},{"taxonomy":"product_cat","embeddable":true,"href":"https:\/\/streetmarkets.fr\/app\/wp-json\/wp\/v2\/product_cat?post=3611670"},{"taxonomy":"product_tag","embeddable":true,"href":"https:\/\/streetmarkets.fr\/app\/wp-json\/wp\/v2\/product_tag?post=3611670"}],"curies":[{"name":"wp","href":"https:\/\/api.w.org\/{rel}","templated":true}]}}