{"id":3611666,"date":"2026-02-15T01:01:15","date_gmt":"2026-02-15T00:01:15","guid":{"rendered":"https:\/\/streetmarkets.fr\/app\/produit\/jackman-bigloop-crewneck-ink-black\/"},"modified":"2026-05-03T01:59:43","modified_gmt":"2026-05-02T23:59:43","slug":"jackman-bigloop-crewneck-ink-black","status":"publish","type":"product","link":"https:\/\/streetmarkets.fr\/app\/produit\/jackman-bigloop-crewneck-ink-black\/","title":{"rendered":"JACKMAN BIGLOOP Crewneck Ink Black"},"content":{"rendered":"<p><b>Cr\u00e9ateur :<\/b> JACKMAN, Japan<\/p>\n<p><b>Detail : <\/b>Le fil ext\u00e9rieur est en coton biologique fil\u00e9 \u00e0 l&rsquo;air, et la polaire est tricot\u00e9e sur une machine \u00e0 tricoter \u00e0 bouclettes traditionnelle. Jackman accorde une attention particuli\u00e8re \u00e0 la structure du tricot, en ajustant la densit\u00e9 et la taille des boucles pour un fini proche de celui d&rsquo;un tapis de haute qualit\u00e9. Ce sweat-shirt allie non seulement la douceur propre \u00e0 la bouclette, mais aussi la durabilit\u00e9. Il est dot\u00e9 de manches \u00e0 soufflets en V de chaque c\u00f4t\u00e9. D\u00e9velopp\u00e9es dans les ann\u00e9es 1940 et 1950, les manches \u00e0 soufflets sont une caract\u00e9ristique des v\u00eatements de sport, con\u00e7ues pour offrir une grande libert\u00e9 de mouvement gr\u00e2ce \u00e0 une ligne incurv\u00e9e de l&rsquo;\u00e9paule au bras. La coupe est ample au niveau de la poitrine et arrondie aux \u00e9paules, tandis que la silhouette est fusel\u00e9e d&rsquo;un ourlet \u00e0 l&rsquo;autre. Ce sweat-shirt est dot\u00e9 de coutures de recouvrement pour plus de solidit\u00e9 et de coutures plates aux bons endroits, garantissant durabilit\u00e9 et confort.<\/p>\n<p>100 % coton<\/p>\n<p>Code : JM7580 black<\/p>\n<p><em>The outer yarn is air-spun organic cotton, and the fleece is knitted on a traditional loop knitting machine. Jackman pays careful attention to the structure of the knit, adjusting the density and size of the loops for a finish close to that of a high-quality carpet. This sweatshirt combines not only the softness of loop, but also durability. It features V-shaped sleeves on each side. Developed in the 1940s and 1950s, gusseted sleeves are a feature of sportswear, designed to allow freedom of movement thanks to a curved line from shoulder to arm. The fit is loose through the chest and rounded at the shoulders, while the silhouette is tapered from hem to hem. This sweatshirt has cover stitching for strength and flatlock seams in all the right places, ensuring durability and comfort.<\/em><\/p>\n","protected":false},"excerpt":{"rendered":"<p>Cr\u00e9ateur : JACKMAN, Japan Detail : Le fil ext\u00e9rieur est en coton biologique fil\u00e9 \u00e0 l&rsquo;air, et la polaire est tricot\u00e9e sur une machine \u00e0 tricoter \u00e0 bouclettes traditionnelle. Jackman accorde une attention particuli\u00e8re \u00e0 la structure du tricot, en ajustant la densit\u00e9 et la taille des boucles pour un fini proche de celui d&rsquo;un [&hellip;]<\/p>\n","protected":false},"featured_media":3611667,"comment_status":"open","ping_status":"closed","template":"","meta":[],"product_brand":[],"product_cat":[],"product_tag":[],"acf":[],"_links":{"self":[{"href":"https:\/\/streetmarkets.fr\/app\/wp-json\/wp\/v2\/product\/3611666"}],"collection":[{"href":"https:\/\/streetmarkets.fr\/app\/wp-json\/wp\/v2\/product"}],"about":[{"href":"https:\/\/streetmarkets.fr\/app\/wp-json\/wp\/v2\/types\/product"}],"replies":[{"embeddable":true,"href":"https:\/\/streetmarkets.fr\/app\/wp-json\/wp\/v2\/comments?post=3611666"}],"wp:featuredmedia":[{"embeddable":true,"href":"https:\/\/streetmarkets.fr\/app\/wp-json\/wp\/v2\/media\/3611667"}],"wp:attachment":[{"href":"https:\/\/streetmarkets.fr\/app\/wp-json\/wp\/v2\/media?parent=3611666"}],"wp:term":[{"taxonomy":"product_brand","embeddable":true,"href":"https:\/\/streetmarkets.fr\/app\/wp-json\/wp\/v2\/product_brand?post=3611666"},{"taxonomy":"product_cat","embeddable":true,"href":"https:\/\/streetmarkets.fr\/app\/wp-json\/wp\/v2\/product_cat?post=3611666"},{"taxonomy":"product_tag","embeddable":true,"href":"https:\/\/streetmarkets.fr\/app\/wp-json\/wp\/v2\/product_tag?post=3611666"}],"curies":[{"name":"wp","href":"https:\/\/api.w.org\/{rel}","templated":true}]}}