{"id":3611622,"date":"2026-02-15T01:01:09","date_gmt":"2026-02-15T00:01:09","guid":{"rendered":"https:\/\/streetmarkets.fr\/app\/produit\/goldwin-fine-wale-corduroy-straight-pants-deep-charcoal\/"},"modified":"2026-05-16T02:02:29","modified_gmt":"2026-05-16T00:02:29","slug":"goldwin-fine-wale-corduroy-straight-pants-deep-charcoal","status":"publish","type":"product","link":"https:\/\/streetmarkets.fr\/app\/produit\/goldwin-fine-wale-corduroy-straight-pants-deep-charcoal\/","title":{"rendered":"GOLDWIN Fine Wale Corduroy Straight Pants Deep charcoal"},"content":{"rendered":"<p><b>Cr\u00e9ateur :<\/b> GOLDWIN, Japan<\/p>\n<p><b>Detail : <\/b>Velours c\u00f4tel\u00e9 7W en polyester recycl\u00e9 (100 % polyester)<\/p>\n<p>Pantalon en velours c\u00f4tel\u00e9 alliant confort et fonctionnalit\u00e9.<\/p>\n<p>Confectionn\u00e9 en velours c\u00f4tel\u00e9 7 c\u00f4tes, avec des c\u00f4tes l\u00e9g\u00e8rement plus larges, il convient aussi bien aux tenues d\u00e9contract\u00e9es qu&rsquo;aux looks raffin\u00e9s.<br \/>\nLe tissu 100 % polyester r\u00e9siste aux plis et offre un look \u00e9pur\u00e9.<br \/>\nSa silhouette droite et sa coupe d\u00e9contract\u00e9e optimisent le confort et la libert\u00e9 de mouvement.<br \/>\nLa taille \u00e9lastique avec cordon de serrage offre un confort optimal, tandis que les passants de ceinture ajoutent \u00e0 la polyvalence.<br \/>\nUne poche de s\u00e9curit\u00e9 est plac\u00e9e \u00e0 l&rsquo;int\u00e9rieur de la poche de hanche pour ranger vos petits objets de valeur.<br \/>\nFabriqu\u00e9 en partie \u00e0 partir de fils recycl\u00e9s pour r\u00e9duire l&rsquo;impact environnemental.<\/p>\n<p>Code : GL75376<\/p>\n<p><em><strong>Detail :<\/strong> 7W Corduroy in Recycled Polyester (100% Polyester)<\/em><\/p>\n<p><em>Corduroy pants combining comfort and functionality.<\/em><\/p>\n<p><em>Crafted in 7-rib corduroy with a slightly wider rib, they work equally well with casual outfits and refined looks.<\/em><br \/>\n<em>The 100% polyester fabric resists wrinkles and offers a clean look.<\/em><br \/>\n<em>The straight silhouette and relaxed fit optimize comfort and ease of movement.<\/em><br \/>\n<em>The elastic waistband with drawstring offers optimal comfort, while the belt loops add versatility.<\/em><br \/>\n<em>A security pocket is placed inside the hip pocket to store your small valuables.<\/em><br \/>\n<em>Partly made with recycled yarns to reduce environmental impact.<\/em><\/p>\n<p id=\"tw-target-text\" class=\"tw-data-text tw-text-large tw-ta\" dir=\"ltr\" data-placeholder=\"Traduction\" data-ved=\"2ahUKEwiYw8Sx8KuJAxX_VqQEHWAxCHIQ3ewLegQIAxAU\" aria-label=\"Texte traduit\u00a0: Zip-up jacket with the heat retention and moisture control properties of wool. Slightly loose silhouette that can be adjusted with the drawstring hem. Mesh lining for easy layering. Elbows to protect against chafing. Hip pockets with zippers on both sides. Recycled yarn is partially used to reduce environmental impact.\">\n","protected":false},"excerpt":{"rendered":"<p>Cr\u00e9ateur : GOLDWIN, Japan Detail : Velours c\u00f4tel\u00e9 7W en polyester recycl\u00e9 (100 % polyester) Pantalon en velours c\u00f4tel\u00e9 alliant confort et fonctionnalit\u00e9. Confectionn\u00e9 en velours c\u00f4tel\u00e9 7 c\u00f4tes, avec des c\u00f4tes l\u00e9g\u00e8rement plus larges, il convient aussi bien aux tenues d\u00e9contract\u00e9es qu&rsquo;aux looks raffin\u00e9s. Le tissu 100 % polyester r\u00e9siste aux plis et offre [&hellip;]<\/p>\n","protected":false},"featured_media":3611623,"comment_status":"open","ping_status":"closed","template":"","meta":[],"product_brand":[],"product_cat":[],"product_tag":[],"acf":[],"_links":{"self":[{"href":"https:\/\/streetmarkets.fr\/app\/wp-json\/wp\/v2\/product\/3611622"}],"collection":[{"href":"https:\/\/streetmarkets.fr\/app\/wp-json\/wp\/v2\/product"}],"about":[{"href":"https:\/\/streetmarkets.fr\/app\/wp-json\/wp\/v2\/types\/product"}],"replies":[{"embeddable":true,"href":"https:\/\/streetmarkets.fr\/app\/wp-json\/wp\/v2\/comments?post=3611622"}],"wp:featuredmedia":[{"embeddable":true,"href":"https:\/\/streetmarkets.fr\/app\/wp-json\/wp\/v2\/media\/3611623"}],"wp:attachment":[{"href":"https:\/\/streetmarkets.fr\/app\/wp-json\/wp\/v2\/media?parent=3611622"}],"wp:term":[{"taxonomy":"product_brand","embeddable":true,"href":"https:\/\/streetmarkets.fr\/app\/wp-json\/wp\/v2\/product_brand?post=3611622"},{"taxonomy":"product_cat","embeddable":true,"href":"https:\/\/streetmarkets.fr\/app\/wp-json\/wp\/v2\/product_cat?post=3611622"},{"taxonomy":"product_tag","embeddable":true,"href":"https:\/\/streetmarkets.fr\/app\/wp-json\/wp\/v2\/product_tag?post=3611622"}],"curies":[{"name":"wp","href":"https:\/\/api.w.org\/{rel}","templated":true}]}}