{"id":3611594,"date":"2026-02-15T01:01:07","date_gmt":"2026-02-15T00:01:07","guid":{"rendered":"https:\/\/streetmarkets.fr\/app\/produit\/nanamica-gore-tex-short-down-jacket-black\/"},"modified":"2026-05-12T01:59:07","modified_gmt":"2026-05-11T23:59:07","slug":"nanamica-gore-tex-short-down-jacket-black","status":"publish","type":"product","link":"https:\/\/streetmarkets.fr\/app\/produit\/nanamica-gore-tex-short-down-jacket-black\/","title":{"rendered":"NANAMICA GORE TEX SHORT DOWN Jacket Black"},"content":{"rendered":"<div class=\"woocommerce-product-details__short-description\">\n<p><b>Cr\u00e9ateur :<\/b> NANAMICA, Japan<\/p>\n<p><b>Detail : <\/b><span class=\"Y2IQFc\" lang=\"fr\">Doudoune courte \u00e0 col montant. Le mat\u00e9riau ext\u00e9rieur est un tissu GORE-TEX en polyester 2 couches imperm\u00e9able et respirant. La doublure est en polyester ripstop. Le devant comporte des boutons \u00e0 points qui peuvent \u00eatre ferm\u00e9s d&rsquo;une seule main. Les manches \u00e0 empi\u00e8cement comme sur les vestes de montagne permettent un mouvement facile des bras de haut en bas. Le dos de la patte comporte une poche de s\u00e9curit\u00e9 avec fermeture. 2 poches int\u00e9rieures avec fermeture. Col int\u00e9rieur et poignets avec nervures qui emp\u00eachent l&rsquo;entr\u00e9e d&rsquo;air froid. Le rembourrage est en duvet KODENSHI\u00ae\ufe0e haute fonctionnalit\u00e9 qui r\u00e9fl\u00e9chit les rayons infrarouges lointains \u00e9mis par le corps pour maintenir la chaleur.<\/span><\/p>\n<p><em><span class=\"Y2IQFc\" lang=\"en\">Short down jacket with stand-up collar. The outer material is a waterproof and breathable 2-layer polyester GORE-TEX fabric. The lining is ripstop polyester. The front features dot buttons that can be closed with one hand. Yoke sleeves like on mountain jackets allow for easy up and down arm movement. The back of the tab has a security pocket with closure. 2 interior pockets with closure. Inner collar and cuffs with ribs that prevent the entry of cold air. The padding is high-functional KODENSHI\u00ae\ufe0e down which reflects far-infrared rays emitted by the body to maintain heat.<\/span><\/em><\/p>\n<\/div>\n","protected":false},"excerpt":{"rendered":"<p>Cr\u00e9ateur : NANAMICA, Japan Detail : Doudoune courte \u00e0 col montant. Le mat\u00e9riau ext\u00e9rieur est un tissu GORE-TEX en polyester 2 couches imperm\u00e9able et respirant. La doublure est en polyester ripstop. Le devant comporte des boutons \u00e0 points qui peuvent \u00eatre ferm\u00e9s d&rsquo;une seule main. Les manches \u00e0 empi\u00e8cement comme sur les vestes de montagne [&hellip;]<\/p>\n","protected":false},"featured_media":3611595,"comment_status":"open","ping_status":"closed","template":"","meta":[],"product_brand":[],"product_cat":[],"product_tag":[],"acf":[],"_links":{"self":[{"href":"https:\/\/streetmarkets.fr\/app\/wp-json\/wp\/v2\/product\/3611594"}],"collection":[{"href":"https:\/\/streetmarkets.fr\/app\/wp-json\/wp\/v2\/product"}],"about":[{"href":"https:\/\/streetmarkets.fr\/app\/wp-json\/wp\/v2\/types\/product"}],"replies":[{"embeddable":true,"href":"https:\/\/streetmarkets.fr\/app\/wp-json\/wp\/v2\/comments?post=3611594"}],"wp:featuredmedia":[{"embeddable":true,"href":"https:\/\/streetmarkets.fr\/app\/wp-json\/wp\/v2\/media\/3611595"}],"wp:attachment":[{"href":"https:\/\/streetmarkets.fr\/app\/wp-json\/wp\/v2\/media?parent=3611594"}],"wp:term":[{"taxonomy":"product_brand","embeddable":true,"href":"https:\/\/streetmarkets.fr\/app\/wp-json\/wp\/v2\/product_brand?post=3611594"},{"taxonomy":"product_cat","embeddable":true,"href":"https:\/\/streetmarkets.fr\/app\/wp-json\/wp\/v2\/product_cat?post=3611594"},{"taxonomy":"product_tag","embeddable":true,"href":"https:\/\/streetmarkets.fr\/app\/wp-json\/wp\/v2\/product_tag?post=3611594"}],"curies":[{"name":"wp","href":"https:\/\/api.w.org\/{rel}","templated":true}]}}