{"id":3611586,"date":"2026-02-15T01:01:06","date_gmt":"2026-02-15T00:01:06","guid":{"rendered":"https:\/\/streetmarkets.fr\/app\/produit\/norse-projects-benn-relaxed-twill-black\/"},"modified":"2026-05-11T02:01:50","modified_gmt":"2026-05-11T00:01:50","slug":"norse-projects-benn-relaxed-twill-black","status":"publish","type":"product","link":"https:\/\/streetmarkets.fr\/app\/produit\/norse-projects-benn-relaxed-twill-black\/","title":{"rendered":"NORSE PROJECTS BENN Relaxed Twill Black"},"content":{"rendered":"<p><strong>Cr\u00e9ateur :<\/strong> Norse Projects, Danemark<\/p>\n<p><strong>R\u00e9alisation : <\/strong>Pantalon \u00e0 plis d\u00e9contract\u00e9 en serg\u00e9 italien extensible, compact et \u00e9pur\u00e9. Il pr\u00e9sente des doubles plis et une jambe large pour une coupe d\u00e9contract\u00e9e. Il est dot\u00e9 de poches italiennes devant, de poches passepoil\u00e9es dos, d&rsquo;une braguette zipp\u00e9e<\/p>\n<p>97 % coton biologique, 3 % \u00e9lasthanne<br \/>\nBraguette zipp\u00e9e, tissu italien, coupe d\u00e9contract\u00e9e<\/p>\n<p dir=\"ltr\" data-placeholder=\"Traduction\"><em>Design : Relaxed pleated pants in Italian stretch twill, compact and streamlined. They feature double pleats and a wide leg for a relaxed fit. They feature front slant pockets, back welt pockets, and a zipper fly.<\/em><\/p>\n<p><em>97% organic cotton, 3% elastane<\/em><br \/>\n<em>Zip fly, Italian fabric, relaxed fit<\/em><\/p>\n","protected":false},"excerpt":{"rendered":"<p>Cr\u00e9ateur : Norse Projects, Danemark R\u00e9alisation : Pantalon \u00e0 plis d\u00e9contract\u00e9 en serg\u00e9 italien extensible, compact et \u00e9pur\u00e9. Il pr\u00e9sente des doubles plis et une jambe large pour une coupe d\u00e9contract\u00e9e. Il est dot\u00e9 de poches italiennes devant, de poches passepoil\u00e9es dos, d&rsquo;une braguette zipp\u00e9e 97 % coton biologique, 3 % \u00e9lasthanne Braguette zipp\u00e9e, tissu [&hellip;]<\/p>\n","protected":false},"featured_media":3611587,"comment_status":"open","ping_status":"closed","template":"","meta":[],"product_brand":[],"product_cat":[],"product_tag":[],"acf":[],"_links":{"self":[{"href":"https:\/\/streetmarkets.fr\/app\/wp-json\/wp\/v2\/product\/3611586"}],"collection":[{"href":"https:\/\/streetmarkets.fr\/app\/wp-json\/wp\/v2\/product"}],"about":[{"href":"https:\/\/streetmarkets.fr\/app\/wp-json\/wp\/v2\/types\/product"}],"replies":[{"embeddable":true,"href":"https:\/\/streetmarkets.fr\/app\/wp-json\/wp\/v2\/comments?post=3611586"}],"wp:featuredmedia":[{"embeddable":true,"href":"https:\/\/streetmarkets.fr\/app\/wp-json\/wp\/v2\/media\/3611587"}],"wp:attachment":[{"href":"https:\/\/streetmarkets.fr\/app\/wp-json\/wp\/v2\/media?parent=3611586"}],"wp:term":[{"taxonomy":"product_brand","embeddable":true,"href":"https:\/\/streetmarkets.fr\/app\/wp-json\/wp\/v2\/product_brand?post=3611586"},{"taxonomy":"product_cat","embeddable":true,"href":"https:\/\/streetmarkets.fr\/app\/wp-json\/wp\/v2\/product_cat?post=3611586"},{"taxonomy":"product_tag","embeddable":true,"href":"https:\/\/streetmarkets.fr\/app\/wp-json\/wp\/v2\/product_tag?post=3611586"}],"curies":[{"name":"wp","href":"https:\/\/api.w.org\/{rel}","templated":true}]}}