{"id":3611573,"date":"2026-02-15T01:01:05","date_gmt":"2026-02-15T00:01:05","guid":{"rendered":"https:\/\/streetmarkets.fr\/app\/produit\/nanamica-2l-pertex-unlimited-field-jacket-dark-olive\/"},"modified":"2026-05-15T02:00:46","modified_gmt":"2026-05-15T00:00:46","slug":"nanamica-2l-pertex-unlimited-field-jacket-dark-olive","status":"publish","type":"product","link":"https:\/\/streetmarkets.fr\/app\/produit\/nanamica-2l-pertex-unlimited-field-jacket-dark-olive\/","title":{"rendered":"NANAMICA 2L PERTEX UNLIMITED Field Jacket Dark Olive"},"content":{"rendered":"<div class=\"woocommerce-product-details__short-description\">\n<p><b>Cr\u00e9ateur :<\/b> NANAMICA, Japan<\/p>\n<p><b>Detail : <\/b>Cette veste de combat est dot\u00e9e d&rsquo;un tissu ext\u00e9rieur PERTEX\u00ae UNLIMITED \u00e0 deux couches, hautement imperm\u00e9able et respirant, avec une finition d\u00e9perlante durable.<br \/>\nTaffetas de nylon \u00e0 la texture mate semblable \u00e0 du coton.<br \/>\nDoublure en coton biologique\/Coolmax\u00ae \u00e0 motif carreaux.<br \/>\nCapuche amovible.<br \/>\nPatte de serrage coupe-vent \u00e0 l&rsquo;arri\u00e8re du col.<br \/>\nPoches de s\u00e9curit\u00e9 zipp\u00e9es sur la poitrine gauche et derri\u00e8re le rabat de la hanche droite.<br \/>\nPoche int\u00e9rieure zipp\u00e9e.<\/p>\n<p>100 % nylon<\/p>\n<p><em>This combat jacket features a highly waterproof and breathable two-layer PERTEX\u00ae UNLIMITED outer fabric with a durable water-repellent finish.<\/em><br \/>\n<em>Nylon taffeta with a matte, cotton-like texture.<\/em><br \/>\n<em>Organic cotton\/Coolmax\u00ae lining with a check pattern.<\/em><br \/>\n<em>Detachable hood.<\/em><br \/>\n<em>Windproof drawcord at the back of the collar.<\/em><br \/>\n<em>Zippered security pockets on the left chest and behind the right hip flap.<\/em><br \/>\n<em>Interior zippered pocket.<\/em><\/p>\n<p>&nbsp;<\/p>\n<p>&nbsp;<\/p>\n<\/div>\n","protected":false},"excerpt":{"rendered":"<p>Cr\u00e9ateur : NANAMICA, Japan Detail : Cette veste de combat est dot\u00e9e d&rsquo;un tissu ext\u00e9rieur PERTEX\u00ae UNLIMITED \u00e0 deux couches, hautement imperm\u00e9able et respirant, avec une finition d\u00e9perlante durable. Taffetas de nylon \u00e0 la texture mate semblable \u00e0 du coton. Doublure en coton biologique\/Coolmax\u00ae \u00e0 motif carreaux. Capuche amovible. Patte de serrage coupe-vent \u00e0 l&rsquo;arri\u00e8re [&hellip;]<\/p>\n","protected":false},"featured_media":3611574,"comment_status":"open","ping_status":"closed","template":"","meta":[],"product_brand":[],"product_cat":[],"product_tag":[],"acf":[],"_links":{"self":[{"href":"https:\/\/streetmarkets.fr\/app\/wp-json\/wp\/v2\/product\/3611573"}],"collection":[{"href":"https:\/\/streetmarkets.fr\/app\/wp-json\/wp\/v2\/product"}],"about":[{"href":"https:\/\/streetmarkets.fr\/app\/wp-json\/wp\/v2\/types\/product"}],"replies":[{"embeddable":true,"href":"https:\/\/streetmarkets.fr\/app\/wp-json\/wp\/v2\/comments?post=3611573"}],"wp:featuredmedia":[{"embeddable":true,"href":"https:\/\/streetmarkets.fr\/app\/wp-json\/wp\/v2\/media\/3611574"}],"wp:attachment":[{"href":"https:\/\/streetmarkets.fr\/app\/wp-json\/wp\/v2\/media?parent=3611573"}],"wp:term":[{"taxonomy":"product_brand","embeddable":true,"href":"https:\/\/streetmarkets.fr\/app\/wp-json\/wp\/v2\/product_brand?post=3611573"},{"taxonomy":"product_cat","embeddable":true,"href":"https:\/\/streetmarkets.fr\/app\/wp-json\/wp\/v2\/product_cat?post=3611573"},{"taxonomy":"product_tag","embeddable":true,"href":"https:\/\/streetmarkets.fr\/app\/wp-json\/wp\/v2\/product_tag?post=3611573"}],"curies":[{"name":"wp","href":"https:\/\/api.w.org\/{rel}","templated":true}]}}