{"id":3611546,"date":"2026-02-15T01:00:49","date_gmt":"2026-02-15T00:00:49","guid":{"rendered":"https:\/\/streetmarkets.fr\/app\/produit\/gramicci-pant-straight-fit-black\/"},"modified":"2026-05-10T01:59:39","modified_gmt":"2026-05-09T23:59:39","slug":"gramicci-pant-straight-fit-black","status":"publish","type":"product","link":"https:\/\/streetmarkets.fr\/app\/produit\/gramicci-pant-straight-fit-black\/","title":{"rendered":"GRAMICCI Pant STRAIGHT FIT Black"},"content":{"rendered":"<p><strong>Cr\u00e9ateur :<\/strong> Gramicci<\/p>\n<p><strong>R\u00e9alisation : <\/strong>100 % coton \u00e9cologique, tissu serg\u00e9 r\u00e9sistant<br \/>\nCeinture de serrage int\u00e9gr\u00e9e en nylon, ceinture \u00e9lastique<br \/>\nGousset d&rsquo;entrejambe en losange, deux poches avant, deux poches arri\u00e8re passepoil\u00e9es<br \/>\nSurpiq\u00fbres renforc\u00e9es sur toute la longueur, jambes droites<\/p>\n<div class=\"page\" title=\"Page 2\">\n<div class=\"section\">\n<div class=\"layoutArea\">\n<div class=\"column\">\n<p><em>100% eco-friendly cotton, durable twill fabric<\/em><br \/>\n<em>Integrated nylon drawstring waistband, elastic waistband<\/em><br \/>\n<em>Diamond-shaped crotch gusset, two front pockets, two back welt pockets<\/em><br \/>\n<em>Full-length reinforced stitching, straight legs<\/em><\/p>\n<p>Code produit : G116-OGT<\/p>\n<\/div>\n<\/div>\n<\/div>\n<\/div>\n<p>&nbsp;<\/p>\n","protected":false},"excerpt":{"rendered":"<p>Cr\u00e9ateur : Gramicci R\u00e9alisation : 100 % coton \u00e9cologique, tissu serg\u00e9 r\u00e9sistant Ceinture de serrage int\u00e9gr\u00e9e en nylon, ceinture \u00e9lastique Gousset d&rsquo;entrejambe en losange, deux poches avant, deux poches arri\u00e8re passepoil\u00e9es Surpiq\u00fbres renforc\u00e9es sur toute la longueur, jambes droites 100% eco-friendly cotton, durable twill fabric Integrated nylon drawstring waistband, elastic waistband Diamond-shaped crotch gusset, two [&hellip;]<\/p>\n","protected":false},"featured_media":3611547,"comment_status":"open","ping_status":"closed","template":"","meta":[],"product_brand":[7137],"product_cat":[],"product_tag":[],"acf":[],"_links":{"self":[{"href":"https:\/\/streetmarkets.fr\/app\/wp-json\/wp\/v2\/product\/3611546"}],"collection":[{"href":"https:\/\/streetmarkets.fr\/app\/wp-json\/wp\/v2\/product"}],"about":[{"href":"https:\/\/streetmarkets.fr\/app\/wp-json\/wp\/v2\/types\/product"}],"replies":[{"embeddable":true,"href":"https:\/\/streetmarkets.fr\/app\/wp-json\/wp\/v2\/comments?post=3611546"}],"wp:featuredmedia":[{"embeddable":true,"href":"https:\/\/streetmarkets.fr\/app\/wp-json\/wp\/v2\/media\/3611547"}],"wp:attachment":[{"href":"https:\/\/streetmarkets.fr\/app\/wp-json\/wp\/v2\/media?parent=3611546"}],"wp:term":[{"taxonomy":"product_brand","embeddable":true,"href":"https:\/\/streetmarkets.fr\/app\/wp-json\/wp\/v2\/product_brand?post=3611546"},{"taxonomy":"product_cat","embeddable":true,"href":"https:\/\/streetmarkets.fr\/app\/wp-json\/wp\/v2\/product_cat?post=3611546"},{"taxonomy":"product_tag","embeddable":true,"href":"https:\/\/streetmarkets.fr\/app\/wp-json\/wp\/v2\/product_tag?post=3611546"}],"curies":[{"name":"wp","href":"https:\/\/api.w.org\/{rel}","templated":true}]}}