{"id":3611532,"date":"2026-02-15T01:00:47","date_gmt":"2026-02-15T00:00:47","guid":{"rendered":"https:\/\/streetmarkets.fr\/app\/produit\/gramicci-salem-hooded-jacket-charcoal\/"},"modified":"2026-05-06T02:02:40","modified_gmt":"2026-05-06T00:02:40","slug":"gramicci-salem-hooded-jacket-charcoal","status":"publish","type":"product","link":"https:\/\/streetmarkets.fr\/app\/produit\/gramicci-salem-hooded-jacket-charcoal\/","title":{"rendered":"GRAMICCI SALEM Hooded jacket Charcoal"},"content":{"rendered":"<p><strong>Cr\u00e9ateur :<\/strong> Gramicci<\/p>\n<p><strong>R\u00e9alisation : <\/strong>Tissu polycoton haute densit\u00e9, poches chauffe-mains zipp\u00e9es<br \/>\nCapuche avec cordon de serrage<\/p>\n<div class=\"page\" title=\"Page 2\">\n<div class=\"section\">\n<div class=\"layoutArea\">\n<div class=\"column\">\n<p>Polyester 80% Cotton 20%<\/p>\n<p><em>High-density polycotton fabric, zippered handwarmer pockets<\/em><br \/>\n<em>Drawstring hood<\/em><\/p>\n<p><em>80% Polyester, 20% Cotton<\/em><\/p>\n<p>Code produit : G5FM-J045<\/p>\n<\/div>\n<\/div>\n<\/div>\n<\/div>\n<p>&nbsp;<\/p>\n","protected":false},"excerpt":{"rendered":"<p>Cr\u00e9ateur : Gramicci R\u00e9alisation : Tissu polycoton haute densit\u00e9, poches chauffe-mains zipp\u00e9es Capuche avec cordon de serrage Polyester 80% Cotton 20% High-density polycotton fabric, zippered handwarmer pockets Drawstring hood 80% Polyester, 20% Cotton Code produit : G5FM-J045 &nbsp;<\/p>\n","protected":false},"featured_media":3611533,"comment_status":"open","ping_status":"closed","template":"","meta":[],"product_brand":[7137],"product_cat":[],"product_tag":[],"acf":[],"_links":{"self":[{"href":"https:\/\/streetmarkets.fr\/app\/wp-json\/wp\/v2\/product\/3611532"}],"collection":[{"href":"https:\/\/streetmarkets.fr\/app\/wp-json\/wp\/v2\/product"}],"about":[{"href":"https:\/\/streetmarkets.fr\/app\/wp-json\/wp\/v2\/types\/product"}],"replies":[{"embeddable":true,"href":"https:\/\/streetmarkets.fr\/app\/wp-json\/wp\/v2\/comments?post=3611532"}],"wp:featuredmedia":[{"embeddable":true,"href":"https:\/\/streetmarkets.fr\/app\/wp-json\/wp\/v2\/media\/3611533"}],"wp:attachment":[{"href":"https:\/\/streetmarkets.fr\/app\/wp-json\/wp\/v2\/media?parent=3611532"}],"wp:term":[{"taxonomy":"product_brand","embeddable":true,"href":"https:\/\/streetmarkets.fr\/app\/wp-json\/wp\/v2\/product_brand?post=3611532"},{"taxonomy":"product_cat","embeddable":true,"href":"https:\/\/streetmarkets.fr\/app\/wp-json\/wp\/v2\/product_cat?post=3611532"},{"taxonomy":"product_tag","embeddable":true,"href":"https:\/\/streetmarkets.fr\/app\/wp-json\/wp\/v2\/product_tag?post=3611532"}],"curies":[{"name":"wp","href":"https:\/\/api.w.org\/{rel}","templated":true}]}}