{"id":3611498,"date":"2026-02-15T01:00:44","date_gmt":"2026-02-15T00:00:44","guid":{"rendered":"https:\/\/streetmarkets.fr\/app\/produit\/mhl-flatlock-guernsey-utility-wool-dark-green\/"},"modified":"2026-05-06T02:02:40","modified_gmt":"2026-05-06T00:02:40","slug":"mhl-flatlock-guernsey-utility-wool-dark-green","status":"publish","type":"product","link":"https:\/\/streetmarkets.fr\/app\/produit\/mhl-flatlock-guernsey-utility-wool-dark-green\/","title":{"rendered":"MHL Flatlock Guernsey Utility Wool Dark Green"},"content":{"rendered":"<p><b>Cr\u00e9ateur :<\/b> MHL, by Margareth howell<\/p>\n<p><b>R\u00e9alisation : <\/b>Pull Flatlock Guernsey coupe d\u00e9contract\u00e9e, tricot\u00e9 en laine mi-\u00e9paisse, au toucher sec et dense. Version moderne du mod\u00e8le Guernsey traditionnel, il pr\u00e9sente des \u00e9paules en T, un gousset d&rsquo;aisance int\u00e9gr\u00e9 au col, des bords-c\u00f4tes contrast\u00e9s au col, aux poignets et \u00e0 l&rsquo;ourlet, ainsi que des coutures plates.<\/p>\n<p>Coupe d\u00e9contract\u00e9e<br \/>\nFabriqu\u00e9 au Portugal<br \/>\n100 % laine m\u00e9rinos<br \/>\nLavage \u00e0 la main<\/p>\n<p>Code produit : MHKN0121A25EXZDKG<\/p>\n<p><em>Relaxed-fit flatlock Guernsey sweater, knitted in mid-weight wool with a dry, dense feel. A modern take on the traditional Guernsey design, it features T-shaped shoulders, an integrated neck gusset, contrast ribbing at the collar, cuffs, and hem, and flatlock seams.<\/em><\/p>\n<p><em>Relaxed fit<\/em><br \/>\n<em>Made in Portugal<\/em><br \/>\n<em>100% Merino wool<\/em><br \/>\n<em>Hand wash<\/em><\/p>\n<p><em>Product code: MHKN0121A25EXZDKG<\/em><\/p>\n<p>&nbsp;<\/p>\n","protected":false},"excerpt":{"rendered":"<p>Cr\u00e9ateur : MHL, by Margareth howell R\u00e9alisation : Pull Flatlock Guernsey coupe d\u00e9contract\u00e9e, tricot\u00e9 en laine mi-\u00e9paisse, au toucher sec et dense. Version moderne du mod\u00e8le Guernsey traditionnel, il pr\u00e9sente des \u00e9paules en T, un gousset d&rsquo;aisance int\u00e9gr\u00e9 au col, des bords-c\u00f4tes contrast\u00e9s au col, aux poignets et \u00e0 l&rsquo;ourlet, ainsi que des coutures plates. [&hellip;]<\/p>\n","protected":false},"featured_media":3611499,"comment_status":"open","ping_status":"closed","template":"","meta":[],"product_brand":[],"product_cat":[],"product_tag":[],"acf":[],"_links":{"self":[{"href":"https:\/\/streetmarkets.fr\/app\/wp-json\/wp\/v2\/product\/3611498"}],"collection":[{"href":"https:\/\/streetmarkets.fr\/app\/wp-json\/wp\/v2\/product"}],"about":[{"href":"https:\/\/streetmarkets.fr\/app\/wp-json\/wp\/v2\/types\/product"}],"replies":[{"embeddable":true,"href":"https:\/\/streetmarkets.fr\/app\/wp-json\/wp\/v2\/comments?post=3611498"}],"wp:featuredmedia":[{"embeddable":true,"href":"https:\/\/streetmarkets.fr\/app\/wp-json\/wp\/v2\/media\/3611499"}],"wp:attachment":[{"href":"https:\/\/streetmarkets.fr\/app\/wp-json\/wp\/v2\/media?parent=3611498"}],"wp:term":[{"taxonomy":"product_brand","embeddable":true,"href":"https:\/\/streetmarkets.fr\/app\/wp-json\/wp\/v2\/product_brand?post=3611498"},{"taxonomy":"product_cat","embeddable":true,"href":"https:\/\/streetmarkets.fr\/app\/wp-json\/wp\/v2\/product_cat?post=3611498"},{"taxonomy":"product_tag","embeddable":true,"href":"https:\/\/streetmarkets.fr\/app\/wp-json\/wp\/v2\/product_tag?post=3611498"}],"curies":[{"name":"wp","href":"https:\/\/api.w.org\/{rel}","templated":true}]}}