{"id":3611492,"date":"2026-02-15T01:00:44","date_gmt":"2026-02-15T00:00:44","guid":{"rendered":"https:\/\/streetmarkets.fr\/app\/produit\/mhl-chore-shirt-double-twisted-cotton-canvas-black\/"},"modified":"2026-05-10T01:59:27","modified_gmt":"2026-05-09T23:59:27","slug":"mhl-chore-shirt-double-twisted-cotton-canvas-black","status":"publish","type":"product","link":"https:\/\/streetmarkets.fr\/app\/produit\/mhl-chore-shirt-double-twisted-cotton-canvas-black\/","title":{"rendered":"MHL chore Shirt Double Twisted Cotton Canvas Black"},"content":{"rendered":"<p><b>Cr\u00e9ateur :<\/b> MHL, by Margareth howell<\/p>\n<p><b>R\u00e9alisation :<\/b> Chemise de travail, coupe d\u00e9contract\u00e9e et surchemise. Elle est confectionn\u00e9e en toile de coton dense et douce au toucher. Elle est dot\u00e9e de boutons-pression, d&rsquo;une poche poitrine cousue, de poignets r\u00e9glables par boutons et d&rsquo;un ourlet fendu avec bande \u00e0 chevrons.<\/p>\n<p>Coupe d\u00e9contract\u00e9e et surchemise<br \/>\nFinition boutons-pression<br \/>\nFabriqu\u00e9e au Portugal<br \/>\n100 % coton<br \/>\nLavable en machine<\/p>\n<p>Code produit : MHSH0517A25MLJBLK<\/p>\n<p><em>Relaxed fit work shirt and overshirt. Made from dense, soft-touch cotton canvas. It features snap closures, a sewn-on chest pocket, button-adjustable cuffs, and a slit hem with herringbone tape.<\/em><\/p>\n<p><em>Relaxed fit and overshirt<\/em><br \/>\n<em>Snap closure<\/em><br \/>\n<em>Made in Portugal<\/em><br \/>\n<em>100% cotton<\/em><br \/>\n<em>Machine washable<\/em><\/p>\n<p>&nbsp;<\/p>\n","protected":false},"excerpt":{"rendered":"<p>Cr\u00e9ateur : MHL, by Margareth howell R\u00e9alisation : Chemise de travail, coupe d\u00e9contract\u00e9e et surchemise. Elle est confectionn\u00e9e en toile de coton dense et douce au toucher. Elle est dot\u00e9e de boutons-pression, d&rsquo;une poche poitrine cousue, de poignets r\u00e9glables par boutons et d&rsquo;un ourlet fendu avec bande \u00e0 chevrons. Coupe d\u00e9contract\u00e9e et surchemise Finition boutons-pression [&hellip;]<\/p>\n","protected":false},"featured_media":3611493,"comment_status":"open","ping_status":"closed","template":"","meta":[],"product_brand":[],"product_cat":[],"product_tag":[],"acf":[],"_links":{"self":[{"href":"https:\/\/streetmarkets.fr\/app\/wp-json\/wp\/v2\/product\/3611492"}],"collection":[{"href":"https:\/\/streetmarkets.fr\/app\/wp-json\/wp\/v2\/product"}],"about":[{"href":"https:\/\/streetmarkets.fr\/app\/wp-json\/wp\/v2\/types\/product"}],"replies":[{"embeddable":true,"href":"https:\/\/streetmarkets.fr\/app\/wp-json\/wp\/v2\/comments?post=3611492"}],"wp:featuredmedia":[{"embeddable":true,"href":"https:\/\/streetmarkets.fr\/app\/wp-json\/wp\/v2\/media\/3611493"}],"wp:attachment":[{"href":"https:\/\/streetmarkets.fr\/app\/wp-json\/wp\/v2\/media?parent=3611492"}],"wp:term":[{"taxonomy":"product_brand","embeddable":true,"href":"https:\/\/streetmarkets.fr\/app\/wp-json\/wp\/v2\/product_brand?post=3611492"},{"taxonomy":"product_cat","embeddable":true,"href":"https:\/\/streetmarkets.fr\/app\/wp-json\/wp\/v2\/product_cat?post=3611492"},{"taxonomy":"product_tag","embeddable":true,"href":"https:\/\/streetmarkets.fr\/app\/wp-json\/wp\/v2\/product_tag?post=3611492"}],"curies":[{"name":"wp","href":"https:\/\/api.w.org\/{rel}","templated":true}]}}