{"id":3611473,"date":"2026-02-15T01:00:43","date_gmt":"2026-02-15T00:00:43","guid":{"rendered":"https:\/\/streetmarkets.fr\/app\/produit\/universal-works-navy-wool-fleece-zip-bomber\/"},"modified":"2026-05-09T02:00:11","modified_gmt":"2026-05-09T00:00:11","slug":"universal-works-navy-wool-fleece-zip-bomber","status":"publish","type":"product","link":"https:\/\/streetmarkets.fr\/app\/produit\/universal-works-navy-wool-fleece-zip-bomber\/","title":{"rendered":"UNIVERSAL WORKS Navy Wool Fleece Zip bomber"},"content":{"rendered":"<p><b>Cr\u00e9ateur :<\/b> Universal Works<\/p>\n<p><b>R\u00e9alisation : <\/b>Bomber, c<span class=\"Y2IQFc\" lang=\"fr\">ol c\u00f4tel\u00e9 arrondi, fermeture \u00e9clair \u00e0 double sens 2 poches avant, ourlets c\u00f4tel\u00e9s<\/span><\/p>\n<p>65% Wool, 35% Recycled Polyester<\/p>\n<p><em><span class=\"Y2IQFc\" lang=\"en\">Bomber jacket, rounded ribbed collar, two-way zipper, 2 front pockets, ribbed hems<\/span><\/em><\/p>\n","protected":false},"excerpt":{"rendered":"<p>Cr\u00e9ateur : Universal Works R\u00e9alisation : Bomber, col c\u00f4tel\u00e9 arrondi, fermeture \u00e9clair \u00e0 double sens 2 poches avant, ourlets c\u00f4tel\u00e9s 65% Wool, 35% Recycled Polyester Bomber jacket, rounded ribbed collar, two-way zipper, 2 front pockets, ribbed hems<\/p>\n","protected":false},"featured_media":3611474,"comment_status":"open","ping_status":"closed","template":"","meta":[],"product_brand":[],"product_cat":[],"product_tag":[],"acf":[],"_links":{"self":[{"href":"https:\/\/streetmarkets.fr\/app\/wp-json\/wp\/v2\/product\/3611473"}],"collection":[{"href":"https:\/\/streetmarkets.fr\/app\/wp-json\/wp\/v2\/product"}],"about":[{"href":"https:\/\/streetmarkets.fr\/app\/wp-json\/wp\/v2\/types\/product"}],"replies":[{"embeddable":true,"href":"https:\/\/streetmarkets.fr\/app\/wp-json\/wp\/v2\/comments?post=3611473"}],"wp:featuredmedia":[{"embeddable":true,"href":"https:\/\/streetmarkets.fr\/app\/wp-json\/wp\/v2\/media\/3611474"}],"wp:attachment":[{"href":"https:\/\/streetmarkets.fr\/app\/wp-json\/wp\/v2\/media?parent=3611473"}],"wp:term":[{"taxonomy":"product_brand","embeddable":true,"href":"https:\/\/streetmarkets.fr\/app\/wp-json\/wp\/v2\/product_brand?post=3611473"},{"taxonomy":"product_cat","embeddable":true,"href":"https:\/\/streetmarkets.fr\/app\/wp-json\/wp\/v2\/product_cat?post=3611473"},{"taxonomy":"product_tag","embeddable":true,"href":"https:\/\/streetmarkets.fr\/app\/wp-json\/wp\/v2\/product_tag?post=3611473"}],"curies":[{"name":"wp","href":"https:\/\/api.w.org\/{rel}","templated":true}]}}