{"id":3611459,"date":"2026-02-15T01:00:42","date_gmt":"2026-02-15T00:00:42","guid":{"rendered":"https:\/\/streetmarkets.fr\/app\/produit\/norse-projects-roald-wool-cotton-rib-sweater-dark-grey-melange\/"},"modified":"2026-04-30T02:00:02","modified_gmt":"2026-04-30T00:00:02","slug":"norse-projects-roald-wool-cotton-rib-sweater-dark-grey-melange","status":"publish","type":"product","link":"https:\/\/streetmarkets.fr\/app\/produit\/norse-projects-roald-wool-cotton-rib-sweater-dark-grey-melange\/","title":{"rendered":"NORSE PROJECTS ROALD WOOL cotton rib sweater Dark grey melange"},"content":{"rendered":"<p><strong>Cr\u00e9ateur :<\/strong> Norse Projects, Danemark<\/p>\n<p><strong>R\u00e9alisation : <\/strong>Le Roald Cotton Wool est tricot\u00e9 \u00e0 partir d&rsquo;un m\u00e9lange de coton fin et de laine. Le fil de laine est trait\u00e9 sans chlore tout en restant lavable. Il a un aspect authentique mais un toucher confortable. La laine maintient la temp\u00e9rature corporelle stable et am\u00e9liore la respirabilit\u00e9, ce qui cr\u00e9e plus de confort. En ajoutant du fil de coton, cela donne une structure de demi-cardigan plus \u00e9paisse et avec un toucher l\u00e9g\u00e8rement plus doux. Le style est construit avec des manches raglan et fini avec une bordure de cou, des poignets et un ourlet c\u00f4tel\u00e9s.<\/p>\n<p dir=\"ltr\" data-placeholder=\"Traduction\">79% wool, 21% cotton<br \/>\n7 gauge 3 ply<br \/>\nRelaxed fit<br \/>\nKnitted in Italy<br \/>\nAssembled in Tunisia<\/p>\n<p dir=\"ltr\" data-placeholder=\"Traduction\"><em>Design : The Roald Cotton Wool is knitted from a mix of fine cotton and wool. The wool yarn is treated without the use of chlorine while remaining washable. It has an authentic look yet comfortable hand-feel. By adding cotton yarn, this gives a thicker half-cardigan structure with a slightly softer feel. Wool keeps the body temperature stable and enhances breathability which creates more comfort. The style is constructed with raglan sleeves and finished with a ribbed neck trim, cuffs and hem.<br \/>\n<\/em><\/p>\n<p dir=\"ltr\" data-placeholder=\"Traduction\">\n","protected":false},"excerpt":{"rendered":"<p>Cr\u00e9ateur : Norse Projects, Danemark R\u00e9alisation : Le Roald Cotton Wool est tricot\u00e9 \u00e0 partir d&rsquo;un m\u00e9lange de coton fin et de laine. Le fil de laine est trait\u00e9 sans chlore tout en restant lavable. Il a un aspect authentique mais un toucher confortable. La laine maintient la temp\u00e9rature corporelle stable et am\u00e9liore la respirabilit\u00e9, [&hellip;]<\/p>\n","protected":false},"featured_media":3611460,"comment_status":"open","ping_status":"closed","template":"","meta":[],"product_brand":[],"product_cat":[],"product_tag":[],"acf":[],"_links":{"self":[{"href":"https:\/\/streetmarkets.fr\/app\/wp-json\/wp\/v2\/product\/3611459"}],"collection":[{"href":"https:\/\/streetmarkets.fr\/app\/wp-json\/wp\/v2\/product"}],"about":[{"href":"https:\/\/streetmarkets.fr\/app\/wp-json\/wp\/v2\/types\/product"}],"replies":[{"embeddable":true,"href":"https:\/\/streetmarkets.fr\/app\/wp-json\/wp\/v2\/comments?post=3611459"}],"wp:featuredmedia":[{"embeddable":true,"href":"https:\/\/streetmarkets.fr\/app\/wp-json\/wp\/v2\/media\/3611460"}],"wp:attachment":[{"href":"https:\/\/streetmarkets.fr\/app\/wp-json\/wp\/v2\/media?parent=3611459"}],"wp:term":[{"taxonomy":"product_brand","embeddable":true,"href":"https:\/\/streetmarkets.fr\/app\/wp-json\/wp\/v2\/product_brand?post=3611459"},{"taxonomy":"product_cat","embeddable":true,"href":"https:\/\/streetmarkets.fr\/app\/wp-json\/wp\/v2\/product_cat?post=3611459"},{"taxonomy":"product_tag","embeddable":true,"href":"https:\/\/streetmarkets.fr\/app\/wp-json\/wp\/v2\/product_tag?post=3611459"}],"curies":[{"name":"wp","href":"https:\/\/api.w.org\/{rel}","templated":true}]}}