{"id":3611427,"date":"2026-02-15T01:00:40","date_gmt":"2026-02-15T00:00:40","guid":{"rendered":"https:\/\/streetmarkets.fr\/app\/produit\/universal-works-navy-wool-fleece-field-jacket\/"},"modified":"2026-05-06T02:02:40","modified_gmt":"2026-05-06T00:02:40","slug":"universal-works-navy-wool-fleece-field-jacket","status":"publish","type":"product","link":"https:\/\/streetmarkets.fr\/app\/produit\/universal-works-navy-wool-fleece-field-jacket\/","title":{"rendered":"UNIVERSAL WORKS Navy Wool Fleece Field Jacket"},"content":{"rendered":"<p><b>Cr\u00e9ateur :<\/b> Universal Works<\/p>\n<p><b>R\u00e9alisation : <\/b>Veste de travail revisit\u00e9, coupe d\u00e9contract\u00e9e, trois poches plaqu\u00e9es et renforts de poches<\/p>\n<p>65% Wool, 35% Recycled Polyester<\/p>\n<p>Code produit : 00017-NAVY<\/p>\n<p><em><span class=\"Y2IQFc\" lang=\"en\">Revamped work jacket with a relaxed fit, three patch pockets and pocket reinforcements<\/span><\/em><\/p>\n","protected":false},"excerpt":{"rendered":"<p>Cr\u00e9ateur : Universal Works R\u00e9alisation : Veste de travail revisit\u00e9, coupe d\u00e9contract\u00e9e, trois poches plaqu\u00e9es et renforts de poches 65% Wool, 35% Recycled Polyester Code produit : 00017-NAVY Revamped work jacket with a relaxed fit, three patch pockets and pocket reinforcements<\/p>\n","protected":false},"featured_media":3611428,"comment_status":"open","ping_status":"closed","template":"","meta":[],"product_brand":[],"product_cat":[],"product_tag":[],"acf":[],"_links":{"self":[{"href":"https:\/\/streetmarkets.fr\/app\/wp-json\/wp\/v2\/product\/3611427"}],"collection":[{"href":"https:\/\/streetmarkets.fr\/app\/wp-json\/wp\/v2\/product"}],"about":[{"href":"https:\/\/streetmarkets.fr\/app\/wp-json\/wp\/v2\/types\/product"}],"replies":[{"embeddable":true,"href":"https:\/\/streetmarkets.fr\/app\/wp-json\/wp\/v2\/comments?post=3611427"}],"wp:featuredmedia":[{"embeddable":true,"href":"https:\/\/streetmarkets.fr\/app\/wp-json\/wp\/v2\/media\/3611428"}],"wp:attachment":[{"href":"https:\/\/streetmarkets.fr\/app\/wp-json\/wp\/v2\/media?parent=3611427"}],"wp:term":[{"taxonomy":"product_brand","embeddable":true,"href":"https:\/\/streetmarkets.fr\/app\/wp-json\/wp\/v2\/product_brand?post=3611427"},{"taxonomy":"product_cat","embeddable":true,"href":"https:\/\/streetmarkets.fr\/app\/wp-json\/wp\/v2\/product_cat?post=3611427"},{"taxonomy":"product_tag","embeddable":true,"href":"https:\/\/streetmarkets.fr\/app\/wp-json\/wp\/v2\/product_tag?post=3611427"}],"curies":[{"name":"wp","href":"https:\/\/api.w.org\/{rel}","templated":true}]}}