{"id":3611407,"date":"2026-02-15T01:00:38","date_gmt":"2026-02-15T00:00:38","guid":{"rendered":"https:\/\/streetmarkets.fr\/app\/produit\/universal-works-uniform-jacket-wool-fleece-navy\/"},"modified":"2026-05-06T02:02:40","modified_gmt":"2026-05-06T00:02:40","slug":"universal-works-uniform-jacket-wool-fleece-navy","status":"publish","type":"product","link":"https:\/\/streetmarkets.fr\/app\/produit\/universal-works-uniform-jacket-wool-fleece-navy\/","title":{"rendered":"UNIVERSAL WORKS Uniform jacket Wool Fleece Navy"},"content":{"rendered":"<p><b>Cr\u00e9ateur :<\/b> Universal Works<\/p>\n<p><b>R\u00e9alisation : <\/b>Veste inspir\u00e9e des v\u00eatements de travail en m\u00e9lange de laine, coupe boxy, col classique, 6 boutons<\/p>\n<p>65% Wool, 35% Recycled Polyester<\/p>\n<p>Code produit : 00021-NAVY<\/p>\n<p id=\"tw-target-text\" class=\"tw-data-text tw-text-large tw-ta\" dir=\"ltr\" data-placeholder=\"Traduction\" data-ved=\"2ahUKEwiGxb-fkb-PAxWnTqQEHTVaEjYQ3ewLegQIChAV\" aria-label=\"Texte traduit\u00a0: Workwear-inspired jacket in wool blend, boxy fit, classic collar, 6 buttons\"><em><span class=\"Y2IQFc\" lang=\"en\">Workwear-inspired jacket in wool blend, boxy fit, classic collar, 6 buttons<\/span><\/em><\/p>\n","protected":false},"excerpt":{"rendered":"<p>Cr\u00e9ateur : Universal Works R\u00e9alisation : Veste inspir\u00e9e des v\u00eatements de travail en m\u00e9lange de laine, coupe boxy, col classique, 6 boutons 65% Wool, 35% Recycled Polyester Code produit : 00021-NAVY Workwear-inspired jacket in wool blend, boxy fit, classic collar, 6 buttons<\/p>\n","protected":false},"featured_media":3611408,"comment_status":"open","ping_status":"closed","template":"","meta":[],"product_brand":[],"product_cat":[],"product_tag":[],"acf":[],"_links":{"self":[{"href":"https:\/\/streetmarkets.fr\/app\/wp-json\/wp\/v2\/product\/3611407"}],"collection":[{"href":"https:\/\/streetmarkets.fr\/app\/wp-json\/wp\/v2\/product"}],"about":[{"href":"https:\/\/streetmarkets.fr\/app\/wp-json\/wp\/v2\/types\/product"}],"replies":[{"embeddable":true,"href":"https:\/\/streetmarkets.fr\/app\/wp-json\/wp\/v2\/comments?post=3611407"}],"wp:featuredmedia":[{"embeddable":true,"href":"https:\/\/streetmarkets.fr\/app\/wp-json\/wp\/v2\/media\/3611408"}],"wp:attachment":[{"href":"https:\/\/streetmarkets.fr\/app\/wp-json\/wp\/v2\/media?parent=3611407"}],"wp:term":[{"taxonomy":"product_brand","embeddable":true,"href":"https:\/\/streetmarkets.fr\/app\/wp-json\/wp\/v2\/product_brand?post=3611407"},{"taxonomy":"product_cat","embeddable":true,"href":"https:\/\/streetmarkets.fr\/app\/wp-json\/wp\/v2\/product_cat?post=3611407"},{"taxonomy":"product_tag","embeddable":true,"href":"https:\/\/streetmarkets.fr\/app\/wp-json\/wp\/v2\/product_tag?post=3611407"}],"curies":[{"name":"wp","href":"https:\/\/api.w.org\/{rel}","templated":true}]}}