{"id":3611379,"date":"2026-02-15T01:00:36","date_gmt":"2026-02-15T00:00:36","guid":{"rendered":"https:\/\/streetmarkets.fr\/app\/produit\/universal-works-black-wool-fleece-zip-waistcoat\/"},"modified":"2026-05-12T01:58:53","modified_gmt":"2026-05-11T23:58:53","slug":"universal-works-black-wool-fleece-zip-waistcoat","status":"publish","type":"product","link":"https:\/\/streetmarkets.fr\/app\/produit\/universal-works-black-wool-fleece-zip-waistcoat\/","title":{"rendered":"UNIVERSAL WORKS Black Wool Fleece Zip Waistcoat"},"content":{"rendered":"<p><b>Cr\u00e9ateur :<\/b> Universal Works<\/p>\n<p><b>R\u00e9alisation : <\/b>Veste zipp\u00e9e sans manche en m\u00e9lange de laine, coupe droite<\/p>\n<p>65% Wool, 35% Recycled Polyester<\/p>\n<p>Code produit : 00015-BLACK<\/p>\n<p class=\"p1\"><em>Sleeveless zipped jacket<\/em><\/p>\n","protected":false},"excerpt":{"rendered":"<p>Cr\u00e9ateur : Universal Works R\u00e9alisation : Veste zipp\u00e9e sans manche en m\u00e9lange de laine, coupe droite 65% Wool, 35% Recycled Polyester Code produit : 00015-BLACK Sleeveless zipped jacket<\/p>\n","protected":false},"featured_media":3611380,"comment_status":"open","ping_status":"closed","template":"","meta":[],"product_brand":[],"product_cat":[],"product_tag":[],"acf":[],"_links":{"self":[{"href":"https:\/\/streetmarkets.fr\/app\/wp-json\/wp\/v2\/product\/3611379"}],"collection":[{"href":"https:\/\/streetmarkets.fr\/app\/wp-json\/wp\/v2\/product"}],"about":[{"href":"https:\/\/streetmarkets.fr\/app\/wp-json\/wp\/v2\/types\/product"}],"replies":[{"embeddable":true,"href":"https:\/\/streetmarkets.fr\/app\/wp-json\/wp\/v2\/comments?post=3611379"}],"wp:featuredmedia":[{"embeddable":true,"href":"https:\/\/streetmarkets.fr\/app\/wp-json\/wp\/v2\/media\/3611380"}],"wp:attachment":[{"href":"https:\/\/streetmarkets.fr\/app\/wp-json\/wp\/v2\/media?parent=3611379"}],"wp:term":[{"taxonomy":"product_brand","embeddable":true,"href":"https:\/\/streetmarkets.fr\/app\/wp-json\/wp\/v2\/product_brand?post=3611379"},{"taxonomy":"product_cat","embeddable":true,"href":"https:\/\/streetmarkets.fr\/app\/wp-json\/wp\/v2\/product_cat?post=3611379"},{"taxonomy":"product_tag","embeddable":true,"href":"https:\/\/streetmarkets.fr\/app\/wp-json\/wp\/v2\/product_tag?post=3611379"}],"curies":[{"name":"wp","href":"https:\/\/api.w.org\/{rel}","templated":true}]}}