{"id":3611326,"date":"2026-02-15T01:00:19","date_gmt":"2026-02-15T00:00:19","guid":{"rendered":"https:\/\/streetmarkets.fr\/app\/produit\/sunspel-classic-tee-white\/"},"modified":"2026-05-14T01:58:19","modified_gmt":"2026-05-13T23:58:19","slug":"sunspel-classic-tee-white","status":"publish","type":"product","link":"https:\/\/streetmarkets.fr\/app\/produit\/sunspel-classic-tee-white\/","title":{"rendered":"SUNSPEL CLASSIC Tee White"},"content":{"rendered":"<p><b>Cr\u00e9ateur :<\/b> Sunspel, England<br \/>\n<b><\/b><\/p>\n<p><b>R\u00e9alisation : <\/b>Ce Tee-shirt classique est fabriqu\u00e9 \u00e0 la main dans l&rsquo;usine Sunspel \u00e0 Long Eaton, en Angleterre, en utilisant le coton Supima \u00e0 fibres extra-longues le plus fin qui puisse \u00eatre retrac\u00e9 jusqu&rsquo;\u00e0 sa ferme d&rsquo;origine californienne.<\/p>\n<p>Le tissu \u2013 un d\u00e9veloppement unique de Sunspel \u2013 est l\u00e9ger, durable et exceptionnellement doux sur la peau. Avec une coupe classique, il est indispensable \u00e0 toute garde-robe, juste le T-shirt parfait.<\/p>\n<p>100% Supima Cotton, made in England<\/p>\n<p><b><\/b><em>Design : This classic tee is handmade at Sunspel&rsquo;s factory in Long Eaton, England, using the finest extra-long staple Supima cotton that can be traced back to its original California farm.<\/em><\/p>\n<p><em>The fabric \u2013 a unique development from Sunspel \u2013 is lightweight, durable and exceptionally soft on the skin. With a classic fit, it&rsquo;s a wardrobe essential, just the perfect T-shirt.<\/em><\/p>\n<p><em>100% Supima Cotton, made in England<\/em><\/p>\n","protected":false},"excerpt":{"rendered":"<p>Cr\u00e9ateur : Sunspel, England R\u00e9alisation : Ce Tee-shirt classique est fabriqu\u00e9 \u00e0 la main dans l&rsquo;usine Sunspel \u00e0 Long Eaton, en Angleterre, en utilisant le coton Supima \u00e0 fibres extra-longues le plus fin qui puisse \u00eatre retrac\u00e9 jusqu&rsquo;\u00e0 sa ferme d&rsquo;origine californienne. Le tissu \u2013 un d\u00e9veloppement unique de Sunspel \u2013 est l\u00e9ger, durable et [&hellip;]<\/p>\n","protected":false},"featured_media":3611327,"comment_status":"open","ping_status":"closed","template":"","meta":[],"product_brand":[],"product_cat":[],"product_tag":[],"acf":[],"_links":{"self":[{"href":"https:\/\/streetmarkets.fr\/app\/wp-json\/wp\/v2\/product\/3611326"}],"collection":[{"href":"https:\/\/streetmarkets.fr\/app\/wp-json\/wp\/v2\/product"}],"about":[{"href":"https:\/\/streetmarkets.fr\/app\/wp-json\/wp\/v2\/types\/product"}],"replies":[{"embeddable":true,"href":"https:\/\/streetmarkets.fr\/app\/wp-json\/wp\/v2\/comments?post=3611326"}],"wp:featuredmedia":[{"embeddable":true,"href":"https:\/\/streetmarkets.fr\/app\/wp-json\/wp\/v2\/media\/3611327"}],"wp:attachment":[{"href":"https:\/\/streetmarkets.fr\/app\/wp-json\/wp\/v2\/media?parent=3611326"}],"wp:term":[{"taxonomy":"product_brand","embeddable":true,"href":"https:\/\/streetmarkets.fr\/app\/wp-json\/wp\/v2\/product_brand?post=3611326"},{"taxonomy":"product_cat","embeddable":true,"href":"https:\/\/streetmarkets.fr\/app\/wp-json\/wp\/v2\/product_cat?post=3611326"},{"taxonomy":"product_tag","embeddable":true,"href":"https:\/\/streetmarkets.fr\/app\/wp-json\/wp\/v2\/product_tag?post=3611326"}],"curies":[{"name":"wp","href":"https:\/\/api.w.org\/{rel}","templated":true}]}}