{"id":3611321,"date":"2026-02-15T01:00:19","date_gmt":"2026-02-15T00:00:19","guid":{"rendered":"https:\/\/streetmarkets.fr\/app\/produit\/sunspel-riviera-shirt-ash-grey\/"},"modified":"2026-05-06T02:02:12","modified_gmt":"2026-05-06T00:02:12","slug":"sunspel-riviera-shirt-ash-grey","status":"publish","type":"product","link":"https:\/\/streetmarkets.fr\/app\/produit\/sunspel-riviera-shirt-ash-grey\/","title":{"rendered":"SUNSPEL RIVIERA Shirt Ash grey"},"content":{"rendered":"<p><b>Cr\u00e9ateur :<\/b> Sunspel, England<br \/>\n<b><\/b><\/p>\n<p><b>R\u00e9alisation : <\/b>Version \u00e0 col plat du polo Riviera. Maille fine en coton con\u00e7ue pour la chaleur, l\u00e9g\u00e8ret\u00e9, respirabilit\u00e9 et douceur. Coupe r\u00e9guli\u00e8re avec boutons assortis.<\/p>\n<p>100% Coton Supima<\/p>\n<p><b><\/b><em>Design : <span class=\"Y2IQFc\" lang=\"en\">Flat-collar version of the Riviera polo shirt. Fine cotton knit designed for warmth, lightness, breathability, and softness. Regular fit with matching buttons. 100% Supima cotton<\/span><\/em><\/p>\n","protected":false},"excerpt":{"rendered":"<p>Cr\u00e9ateur : Sunspel, England R\u00e9alisation : Version \u00e0 col plat du polo Riviera. Maille fine en coton con\u00e7ue pour la chaleur, l\u00e9g\u00e8ret\u00e9, respirabilit\u00e9 et douceur. Coupe r\u00e9guli\u00e8re avec boutons assortis. 100% Coton Supima Design : Flat-collar version of the Riviera polo shirt. Fine cotton knit designed for warmth, lightness, breathability, and softness. Regular fit with [&hellip;]<\/p>\n","protected":false},"featured_media":3611322,"comment_status":"open","ping_status":"closed","template":"","meta":[],"product_brand":[],"product_cat":[],"product_tag":[],"acf":[],"_links":{"self":[{"href":"https:\/\/streetmarkets.fr\/app\/wp-json\/wp\/v2\/product\/3611321"}],"collection":[{"href":"https:\/\/streetmarkets.fr\/app\/wp-json\/wp\/v2\/product"}],"about":[{"href":"https:\/\/streetmarkets.fr\/app\/wp-json\/wp\/v2\/types\/product"}],"replies":[{"embeddable":true,"href":"https:\/\/streetmarkets.fr\/app\/wp-json\/wp\/v2\/comments?post=3611321"}],"wp:featuredmedia":[{"embeddable":true,"href":"https:\/\/streetmarkets.fr\/app\/wp-json\/wp\/v2\/media\/3611322"}],"wp:attachment":[{"href":"https:\/\/streetmarkets.fr\/app\/wp-json\/wp\/v2\/media?parent=3611321"}],"wp:term":[{"taxonomy":"product_brand","embeddable":true,"href":"https:\/\/streetmarkets.fr\/app\/wp-json\/wp\/v2\/product_brand?post=3611321"},{"taxonomy":"product_cat","embeddable":true,"href":"https:\/\/streetmarkets.fr\/app\/wp-json\/wp\/v2\/product_cat?post=3611321"},{"taxonomy":"product_tag","embeddable":true,"href":"https:\/\/streetmarkets.fr\/app\/wp-json\/wp\/v2\/product_tag?post=3611321"}],"curies":[{"name":"wp","href":"https:\/\/api.w.org\/{rel}","templated":true}]}}