{"id":3611306,"date":"2026-02-15T01:00:16","date_gmt":"2026-02-15T00:00:16","guid":{"rendered":"https:\/\/streetmarkets.fr\/app\/produit\/sunspel-riviera-polo-navy\/"},"modified":"2026-05-13T02:00:54","modified_gmt":"2026-05-13T00:00:54","slug":"sunspel-riviera-polo-navy","status":"publish","type":"product","link":"https:\/\/streetmarkets.fr\/app\/produit\/sunspel-riviera-polo-navy\/","title":{"rendered":"SUNSPEL RIVIERA Polo Navy"},"content":{"rendered":"<p><b>Cr\u00e9ateur :<\/b> Sunspel, England<br \/>\n<b><\/b><\/p>\n<p><b>R\u00e9alisation : <\/b>Ce polo Riviera style James Bond. Con\u00e7u \u00e0 l&rsquo;origine pour Daniel Craig au Casino Royale, ce polo est Fabriqu\u00e9 \u00e0 partir d&rsquo;un tissu de coton l\u00e9ger qui est non seulement respirant, mais extr\u00eamement doux. Coupe cintr\u00e9e, finition avec boutons assortis et poche poitrine font de ce polo un classique moderne.<\/p>\n<p>100% Coton Supima<\/p>\n<p><b><\/b><em>Design : <span class=\"Y2IQFc\" lang=\"en\">This James Bond-style Riviera polo shirt. Originally designed for Daniel Craig in Casino Royale, this polo shirt is made from a lightweight cotton fabric that is not only breathable but also extremely soft. Its slim fit, matching button detailing, and chest pocket make this polo shirt a modern classic. 100% Supima Cotton<\/span><\/em><\/p>\n","protected":false},"excerpt":{"rendered":"<p>Cr\u00e9ateur : Sunspel, England R\u00e9alisation : Ce polo Riviera style James Bond. Con\u00e7u \u00e0 l&rsquo;origine pour Daniel Craig au Casino Royale, ce polo est Fabriqu\u00e9 \u00e0 partir d&rsquo;un tissu de coton l\u00e9ger qui est non seulement respirant, mais extr\u00eamement doux. Coupe cintr\u00e9e, finition avec boutons assortis et poche poitrine font de ce polo un classique [&hellip;]<\/p>\n","protected":false},"featured_media":3611307,"comment_status":"open","ping_status":"closed","template":"","meta":[],"product_brand":[],"product_cat":[],"product_tag":[],"acf":[],"_links":{"self":[{"href":"https:\/\/streetmarkets.fr\/app\/wp-json\/wp\/v2\/product\/3611306"}],"collection":[{"href":"https:\/\/streetmarkets.fr\/app\/wp-json\/wp\/v2\/product"}],"about":[{"href":"https:\/\/streetmarkets.fr\/app\/wp-json\/wp\/v2\/types\/product"}],"replies":[{"embeddable":true,"href":"https:\/\/streetmarkets.fr\/app\/wp-json\/wp\/v2\/comments?post=3611306"}],"wp:featuredmedia":[{"embeddable":true,"href":"https:\/\/streetmarkets.fr\/app\/wp-json\/wp\/v2\/media\/3611307"}],"wp:attachment":[{"href":"https:\/\/streetmarkets.fr\/app\/wp-json\/wp\/v2\/media?parent=3611306"}],"wp:term":[{"taxonomy":"product_brand","embeddable":true,"href":"https:\/\/streetmarkets.fr\/app\/wp-json\/wp\/v2\/product_brand?post=3611306"},{"taxonomy":"product_cat","embeddable":true,"href":"https:\/\/streetmarkets.fr\/app\/wp-json\/wp\/v2\/product_cat?post=3611306"},{"taxonomy":"product_tag","embeddable":true,"href":"https:\/\/streetmarkets.fr\/app\/wp-json\/wp\/v2\/product_tag?post=3611306"}],"curies":[{"name":"wp","href":"https:\/\/api.w.org\/{rel}","templated":true}]}}