{"id":3611290,"date":"2026-02-15T01:00:14","date_gmt":"2026-02-15T00:00:14","guid":{"rendered":"https:\/\/streetmarkets.fr\/app\/produit\/ordinary-fit-jean-117ow-type-loose-one-wash-indigo\/"},"modified":"2026-04-12T01:59:03","modified_gmt":"2026-04-11T23:59:03","slug":"ordinary-fit-jean-117ow-type-loose-one-wash-indigo","status":"publish","type":"product","link":"https:\/\/streetmarkets.fr\/app\/produit\/ordinary-fit-jean-117ow-type-loose-one-wash-indigo\/","title":{"rendered":"ORDINARY FIT Jean 117OW Type Loose one wash indigo"},"content":{"rendered":"<p><strong>Cr\u00e9ateur :<\/strong> Ordinary Fit, Fabriqu\u00e9 au Japon<\/p>\n<p><strong>R\u00e9alisation : <\/strong><span class=\"Y2IQFc\" lang=\"fr\">Jean 117OW Type loose one wash indigo est confectionn\u00e9 en denim Selvedge. Silhouette ample avec une l\u00e9g\u00e8re coupe fusel\u00e9e.<\/span><\/p>\n<p><span class=\"Y2IQFc\" lang=\"fr\">100 % coton Passants de ceinture Braguette zipp\u00e9e 5 poches \u00c9cusson tiss\u00e9<\/span><\/p>\n<p><em><span class=\"Y2IQFc\" lang=\"en\">Details : <\/span><span class=\"Y2IQFc\" lang=\"en\">The <span class=\"Y2IQFc\" lang=\"fr\">Jean 117OW Type loose one wash indigo<\/span> are crafted from selvedge denim. <\/span><span class=\"Y2IQFc\" lang=\"en\">Loose silhouette with a slight tapered fit.<\/span><\/em><\/p>\n<p><em><span class=\"Y2IQFc\" lang=\"en\">100% cotton. Belt loops. Zip fly. 5 pockets. Woven patch.<\/span><\/em><\/p>\n","protected":false},"excerpt":{"rendered":"<p>Cr\u00e9ateur : Ordinary Fit, Fabriqu\u00e9 au Japon R\u00e9alisation : Jean 117OW Type loose one wash indigo est confectionn\u00e9 en denim Selvedge. Silhouette ample avec une l\u00e9g\u00e8re coupe fusel\u00e9e. 100 % coton Passants de ceinture Braguette zipp\u00e9e 5 poches \u00c9cusson tiss\u00e9 Details : The Jean 117OW Type loose one wash indigo are crafted from selvedge denim. [&hellip;]<\/p>\n","protected":false},"featured_media":3611291,"comment_status":"open","ping_status":"closed","template":"","meta":[],"product_brand":[],"product_cat":[],"product_tag":[],"acf":[],"_links":{"self":[{"href":"https:\/\/streetmarkets.fr\/app\/wp-json\/wp\/v2\/product\/3611290"}],"collection":[{"href":"https:\/\/streetmarkets.fr\/app\/wp-json\/wp\/v2\/product"}],"about":[{"href":"https:\/\/streetmarkets.fr\/app\/wp-json\/wp\/v2\/types\/product"}],"replies":[{"embeddable":true,"href":"https:\/\/streetmarkets.fr\/app\/wp-json\/wp\/v2\/comments?post=3611290"}],"wp:featuredmedia":[{"embeddable":true,"href":"https:\/\/streetmarkets.fr\/app\/wp-json\/wp\/v2\/media\/3611291"}],"wp:attachment":[{"href":"https:\/\/streetmarkets.fr\/app\/wp-json\/wp\/v2\/media?parent=3611290"}],"wp:term":[{"taxonomy":"product_brand","embeddable":true,"href":"https:\/\/streetmarkets.fr\/app\/wp-json\/wp\/v2\/product_brand?post=3611290"},{"taxonomy":"product_cat","embeddable":true,"href":"https:\/\/streetmarkets.fr\/app\/wp-json\/wp\/v2\/product_cat?post=3611290"},{"taxonomy":"product_tag","embeddable":true,"href":"https:\/\/streetmarkets.fr\/app\/wp-json\/wp\/v2\/product_tag?post=3611290"}],"curies":[{"name":"wp","href":"https:\/\/api.w.org\/{rel}","templated":true}]}}