{"id":3611284,"date":"2026-02-15T01:00:13","date_gmt":"2026-02-15T00:00:13","guid":{"rendered":"https:\/\/streetmarkets.fr\/app\/produit\/ordinary-fit-jean-p108-used-loose-ankle-one-wash\/"},"modified":"2026-05-06T02:02:12","modified_gmt":"2026-05-06T00:02:12","slug":"ordinary-fit-jean-p108-used-loose-ankle-one-wash","status":"publish","type":"product","link":"https:\/\/streetmarkets.fr\/app\/produit\/ordinary-fit-jean-p108-used-loose-ankle-one-wash\/","title":{"rendered":"ORDINARY FIT Jean P108 Used LOOSE ANKLE one wash"},"content":{"rendered":"<p><strong>Cr\u00e9ateur :<\/strong> Ordinary Fit, Fabriqu\u00e9 au Japon<\/p>\n<p><strong>R\u00e9alisation : <\/strong><span class=\"Y2IQFc\" lang=\"fr\">Jean 108 Loose Ankle one wash est confectionn\u00e9 en denim Selvedge. Avec un traitement d\u00e9lav\u00e9 pour un toucher doux et une couleur intense, sa coupe ample contraste avec une jambe l\u00e9g\u00e8rement raccourcie et fusel\u00e9e. <\/span><\/p>\n<p><span class=\"Y2IQFc\" lang=\"fr\">100 % coton Passants de ceinture Braguette zipp\u00e9e 5 poches \u00c9cusson tiss\u00e9<\/span><\/p>\n<p><em><span class=\"Y2IQFc\" lang=\"en\">Details : <\/span><span class=\"Y2IQFc\" lang=\"en\">The 108 Loose Ankle one wash jeans are crafted from selvedge denim. Featuring a faded finish for a soft feel and vibrant color, their loose fit contrasts with a slightly cropped, tapered leg. 100% cotton. Belt loops. Zip fly. 5 pockets. Woven patch.<\/span><\/em><\/p>\n","protected":false},"excerpt":{"rendered":"<p>Cr\u00e9ateur : Ordinary Fit, Fabriqu\u00e9 au Japon R\u00e9alisation : Jean 108 Loose Ankle one wash est confectionn\u00e9 en denim Selvedge. Avec un traitement d\u00e9lav\u00e9 pour un toucher doux et une couleur intense, sa coupe ample contraste avec une jambe l\u00e9g\u00e8rement raccourcie et fusel\u00e9e. 100 % coton Passants de ceinture Braguette zipp\u00e9e 5 poches \u00c9cusson tiss\u00e9 [&hellip;]<\/p>\n","protected":false},"featured_media":3611285,"comment_status":"open","ping_status":"closed","template":"","meta":[],"product_brand":[],"product_cat":[],"product_tag":[],"acf":[],"_links":{"self":[{"href":"https:\/\/streetmarkets.fr\/app\/wp-json\/wp\/v2\/product\/3611284"}],"collection":[{"href":"https:\/\/streetmarkets.fr\/app\/wp-json\/wp\/v2\/product"}],"about":[{"href":"https:\/\/streetmarkets.fr\/app\/wp-json\/wp\/v2\/types\/product"}],"replies":[{"embeddable":true,"href":"https:\/\/streetmarkets.fr\/app\/wp-json\/wp\/v2\/comments?post=3611284"}],"wp:featuredmedia":[{"embeddable":true,"href":"https:\/\/streetmarkets.fr\/app\/wp-json\/wp\/v2\/media\/3611285"}],"wp:attachment":[{"href":"https:\/\/streetmarkets.fr\/app\/wp-json\/wp\/v2\/media?parent=3611284"}],"wp:term":[{"taxonomy":"product_brand","embeddable":true,"href":"https:\/\/streetmarkets.fr\/app\/wp-json\/wp\/v2\/product_brand?post=3611284"},{"taxonomy":"product_cat","embeddable":true,"href":"https:\/\/streetmarkets.fr\/app\/wp-json\/wp\/v2\/product_cat?post=3611284"},{"taxonomy":"product_tag","embeddable":true,"href":"https:\/\/streetmarkets.fr\/app\/wp-json\/wp\/v2\/product_tag?post=3611284"}],"curies":[{"name":"wp","href":"https:\/\/api.w.org\/{rel}","templated":true}]}}