{"id":3611270,"date":"2026-02-15T01:00:12","date_gmt":"2026-02-15T00:00:12","guid":{"rendered":"https:\/\/streetmarkets.fr\/app\/produit\/ordinary-fit-fatigue-pant-101stripes-02-125\/"},"modified":"2026-05-12T01:58:39","modified_gmt":"2026-05-11T23:58:39","slug":"ordinary-fit-fatigue-pant-101stripes-02-125","status":"publish","type":"product","link":"https:\/\/streetmarkets.fr\/app\/produit\/ordinary-fit-fatigue-pant-101stripes-02-125\/","title":{"rendered":"ORDINARY FIT FATIGUE Pant 101Stripes 02 125"},"content":{"rendered":"<p><strong>Cr\u00e9ateur :<\/strong> Ordinary Fit, Fabriqu\u00e9 au Japon<\/p>\n<p><strong>R\u00e9alisation : <\/strong>Fatigue pant en tissus Hickory 14&#215;14\/ 9OZ, 100 % coton tiss\u00e9 main<\/p>\n<p><em><span class=\"Y2IQFc\" lang=\"en\">Detail : Fatigue pants in Hickory fabric 14&#215;14\/9OZ, 100% handwoven cotton<\/span><\/em><\/p>\n","protected":false},"excerpt":{"rendered":"<p>Cr\u00e9ateur : Ordinary Fit, Fabriqu\u00e9 au Japon R\u00e9alisation : Fatigue pant en tissus Hickory 14&#215;14\/ 9OZ, 100 % coton tiss\u00e9 main Detail : Fatigue pants in Hickory fabric 14&#215;14\/9OZ, 100% handwoven cotton<\/p>\n","protected":false},"featured_media":3611271,"comment_status":"open","ping_status":"closed","template":"","meta":[],"product_brand":[],"product_cat":[],"product_tag":[],"acf":[],"_links":{"self":[{"href":"https:\/\/streetmarkets.fr\/app\/wp-json\/wp\/v2\/product\/3611270"}],"collection":[{"href":"https:\/\/streetmarkets.fr\/app\/wp-json\/wp\/v2\/product"}],"about":[{"href":"https:\/\/streetmarkets.fr\/app\/wp-json\/wp\/v2\/types\/product"}],"replies":[{"embeddable":true,"href":"https:\/\/streetmarkets.fr\/app\/wp-json\/wp\/v2\/comments?post=3611270"}],"wp:featuredmedia":[{"embeddable":true,"href":"https:\/\/streetmarkets.fr\/app\/wp-json\/wp\/v2\/media\/3611271"}],"wp:attachment":[{"href":"https:\/\/streetmarkets.fr\/app\/wp-json\/wp\/v2\/media?parent=3611270"}],"wp:term":[{"taxonomy":"product_brand","embeddable":true,"href":"https:\/\/streetmarkets.fr\/app\/wp-json\/wp\/v2\/product_brand?post=3611270"},{"taxonomy":"product_cat","embeddable":true,"href":"https:\/\/streetmarkets.fr\/app\/wp-json\/wp\/v2\/product_cat?post=3611270"},{"taxonomy":"product_tag","embeddable":true,"href":"https:\/\/streetmarkets.fr\/app\/wp-json\/wp\/v2\/product_tag?post=3611270"}],"curies":[{"name":"wp","href":"https:\/\/api.w.org\/{rel}","templated":true}]}}