{"id":3611241,"date":"2026-02-15T01:00:07","date_gmt":"2026-02-15T00:00:07","guid":{"rendered":"https:\/\/streetmarkets.fr\/app\/produit\/jackman-dotsume-pocket-hs-tee-shirt-white\/"},"modified":"2026-05-09T01:59:32","modified_gmt":"2026-05-08T23:59:32","slug":"jackman-dotsume-pocket-hs-tee-shirt-white","status":"publish","type":"product","link":"https:\/\/streetmarkets.fr\/app\/produit\/jackman-dotsume-pocket-hs-tee-shirt-white\/","title":{"rendered":"JACKMAN DOTSUME Pocket HS Tee shirt White"},"content":{"rendered":"<p><b>Cr\u00e9ateur :<\/b> JACKMAN, Japan<\/p>\n<p><b>Detail :\u00a0<\/b>Tee shirt en tissu jersey Dotsume\/High-density est un mat\u00e9riau extra-\u00e9pais d&rsquo;environ 11,5 onces, fabriqu\u00e9 en coton am\u00e9ricain et tricot\u00e9 \u00e0 la machine \u00e0 tricoter \u00e0 boucle. Comme il est tricot\u00e9 tr\u00e8s lentement, chaque machine \u00e0 tricoter ne peut produire qu&rsquo;environ 30 pi\u00e8ces de t-shirts par jour.<b>\u00a0<\/b><\/p>\n<p>100 % coton<\/p>\n<p>Code : JM5446 09<\/p>\n<p><em>Dotsume\/High-density jersey fabric T-shirt is an extra-thick material of about 11.5 ounces, made of American cotton and knitted with a loop knitting machine. Since it is knitted very slowly, each knitting machine can only produce about 30 pieces of t-shirts per day.<\/em><\/p>\n","protected":false},"excerpt":{"rendered":"<p>Cr\u00e9ateur : JACKMAN, Japan Detail :\u00a0Tee shirt en tissu jersey Dotsume\/High-density est un mat\u00e9riau extra-\u00e9pais d&rsquo;environ 11,5 onces, fabriqu\u00e9 en coton am\u00e9ricain et tricot\u00e9 \u00e0 la machine \u00e0 tricoter \u00e0 boucle. Comme il est tricot\u00e9 tr\u00e8s lentement, chaque machine \u00e0 tricoter ne peut produire qu&rsquo;environ 30 pi\u00e8ces de t-shirts par jour.\u00a0 100 % coton Code [&hellip;]<\/p>\n","protected":false},"featured_media":3611242,"comment_status":"open","ping_status":"closed","template":"","meta":[],"product_brand":[],"product_cat":[],"product_tag":[],"acf":[],"_links":{"self":[{"href":"https:\/\/streetmarkets.fr\/app\/wp-json\/wp\/v2\/product\/3611241"}],"collection":[{"href":"https:\/\/streetmarkets.fr\/app\/wp-json\/wp\/v2\/product"}],"about":[{"href":"https:\/\/streetmarkets.fr\/app\/wp-json\/wp\/v2\/types\/product"}],"replies":[{"embeddable":true,"href":"https:\/\/streetmarkets.fr\/app\/wp-json\/wp\/v2\/comments?post=3611241"}],"wp:featuredmedia":[{"embeddable":true,"href":"https:\/\/streetmarkets.fr\/app\/wp-json\/wp\/v2\/media\/3611242"}],"wp:attachment":[{"href":"https:\/\/streetmarkets.fr\/app\/wp-json\/wp\/v2\/media?parent=3611241"}],"wp:term":[{"taxonomy":"product_brand","embeddable":true,"href":"https:\/\/streetmarkets.fr\/app\/wp-json\/wp\/v2\/product_brand?post=3611241"},{"taxonomy":"product_cat","embeddable":true,"href":"https:\/\/streetmarkets.fr\/app\/wp-json\/wp\/v2\/product_cat?post=3611241"},{"taxonomy":"product_tag","embeddable":true,"href":"https:\/\/streetmarkets.fr\/app\/wp-json\/wp\/v2\/product_tag?post=3611241"}],"curies":[{"name":"wp","href":"https:\/\/api.w.org\/{rel}","templated":true}]}}