{"id":3611217,"date":"2026-02-15T01:00:04","date_gmt":"2026-02-15T00:00:04","guid":{"rendered":"https:\/\/streetmarkets.fr\/app\/produit\/portuguese-flannel-dogtown-navy-shirt\/"},"modified":"2026-05-06T02:02:11","modified_gmt":"2026-05-06T00:02:11","slug":"portuguese-flannel-dogtown-navy-shirt","status":"publish","type":"product","link":"https:\/\/streetmarkets.fr\/app\/produit\/portuguese-flannel-dogtown-navy-shirt\/","title":{"rendered":"PORTUGUESE FLANNEL DOGTOWN Navy shirt"},"content":{"rendered":"<p><strong>Marque :<\/strong> Portuguese Flannel, Portugal<\/p>\n<p><strong>R\u00e9alisation : <\/strong>Chemise Dogtown Manches courtes, boutons coquille de nacre<\/p>\n<p>Composition : 100% Tencel<\/p>\n<p>Portuguese Flannel est une entreprise familiale qui s&rsquo;\u00e9tend sur quatre g\u00e9n\u00e9rations. Les usines de la marque sont situ\u00e9es dans et autour de la ville de Guimar\u00e3es, au Portugal, une ville r\u00e9put\u00e9e pour ses usines de qualit\u00e9 et son industrie textile. L&rsquo;inspiration pour les chemises en flanelle portugaise vient de la r\u00e9gion environnante et de ses habitants. La marque Portuguese Flannel est un m\u00e9langeant ce savoir-faire traditionnel et une esth\u00e9tique contemporaine.<\/p>\n<p><em>Design : Dogtown shirt Short sleeves, mother-of-pearl buttons<\/em><\/p>\n<p><em>Composition: 100% Tencel<\/em><\/p>\n<p><em>Composition: 100% Cotton<\/em><\/p>\n<p><em>Portuguese Flannel is a family business that spans four generations. The brand&rsquo;s factories are located in and around the city of Guimar\u00e3es, Portugal, a city renowned for its quality factories and textile industry. The inspiration for Portuguese flannel shirts comes from the surrounding region and its people. The Portuguese Flannel brand is a mix of traditional know-how and contemporary aesthetics.<\/em><\/p>\n","protected":false},"excerpt":{"rendered":"<p>Marque : Portuguese Flannel, Portugal R\u00e9alisation : Chemise Dogtown Manches courtes, boutons coquille de nacre Composition : 100% Tencel Portuguese Flannel est une entreprise familiale qui s&rsquo;\u00e9tend sur quatre g\u00e9n\u00e9rations. Les usines de la marque sont situ\u00e9es dans et autour de la ville de Guimar\u00e3es, au Portugal, une ville r\u00e9put\u00e9e pour ses usines de qualit\u00e9 [&hellip;]<\/p>\n","protected":false},"featured_media":3611218,"comment_status":"open","ping_status":"closed","template":"","meta":[],"product_brand":[],"product_cat":[],"product_tag":[],"acf":[],"_links":{"self":[{"href":"https:\/\/streetmarkets.fr\/app\/wp-json\/wp\/v2\/product\/3611217"}],"collection":[{"href":"https:\/\/streetmarkets.fr\/app\/wp-json\/wp\/v2\/product"}],"about":[{"href":"https:\/\/streetmarkets.fr\/app\/wp-json\/wp\/v2\/types\/product"}],"replies":[{"embeddable":true,"href":"https:\/\/streetmarkets.fr\/app\/wp-json\/wp\/v2\/comments?post=3611217"}],"wp:featuredmedia":[{"embeddable":true,"href":"https:\/\/streetmarkets.fr\/app\/wp-json\/wp\/v2\/media\/3611218"}],"wp:attachment":[{"href":"https:\/\/streetmarkets.fr\/app\/wp-json\/wp\/v2\/media?parent=3611217"}],"wp:term":[{"taxonomy":"product_brand","embeddable":true,"href":"https:\/\/streetmarkets.fr\/app\/wp-json\/wp\/v2\/product_brand?post=3611217"},{"taxonomy":"product_cat","embeddable":true,"href":"https:\/\/streetmarkets.fr\/app\/wp-json\/wp\/v2\/product_cat?post=3611217"},{"taxonomy":"product_tag","embeddable":true,"href":"https:\/\/streetmarkets.fr\/app\/wp-json\/wp\/v2\/product_tag?post=3611217"}],"curies":[{"name":"wp","href":"https:\/\/api.w.org\/{rel}","templated":true}]}}