{"id":3611181,"date":"2026-02-15T00:59:52","date_gmt":"2026-02-14T23:59:52","guid":{"rendered":"https:\/\/streetmarkets.fr\/app\/produit\/goldwin-pertex-shield-air-mountain-jacket-black\/"},"modified":"2026-05-13T02:00:54","modified_gmt":"2026-05-13T00:00:54","slug":"goldwin-pertex-shield-air-mountain-jacket-black","status":"publish","type":"product","link":"https:\/\/streetmarkets.fr\/app\/produit\/goldwin-pertex-shield-air-mountain-jacket-black\/","title":{"rendered":"GOLDWIN Pertex Shield Air Mountain Jacket Black"},"content":{"rendered":"<p><b>Cr\u00e9ateur :<\/b> GOLDWIN, Japan<\/p>\n<p><b>Detail : <\/b>Pertex Shield Air Mountain Jacket<\/p>\n<p>Imperm\u00e9able, respirante et ultral\u00e9g\u00e8re con\u00e7u pour les environnements chauds et humides, La coupe ergonomique a \u00e9t\u00e9 con\u00e7ue pour une libert\u00e9 de mouvement totale. Le col montant prot\u00e8ge efficacement contre le vent, les poignets sont dot\u00e9s d&rsquo;un velcro original. Cette veste est dot\u00e9e d&rsquo; une poche int\u00e9rieure en filet et se range de mani\u00e8re compacte dans le sac de rangement fourni.<\/p>\n<p>Polyester 100 %<\/p>\n<p>Code : GL15100<\/p>\n<p id=\"tw-target-text\" class=\"tw-data-text tw-text-large tw-ta\" dir=\"ltr\" data-placeholder=\"Traduction\" data-ved=\"2ahUKEwiYw8Sx8KuJAxX_VqQEHWAxCHIQ3ewLegQIAxAU\" aria-label=\"Texte traduit\u00a0: Zip-up jacket with the heat retention and moisture control properties of wool. Slightly loose silhouette that can be adjusted with the drawstring hem. Mesh lining for easy layering. Elbows to protect against chafing. Hip pockets with zippers on both sides. Recycled yarn is partially used to reduce environmental impact.\">\n","protected":false},"excerpt":{"rendered":"<p>Cr\u00e9ateur : GOLDWIN, Japan Detail : Pertex Shield Air Mountain Jacket Imperm\u00e9able, respirante et ultral\u00e9g\u00e8re con\u00e7u pour les environnements chauds et humides, La coupe ergonomique a \u00e9t\u00e9 con\u00e7ue pour une libert\u00e9 de mouvement totale. Le col montant prot\u00e8ge efficacement contre le vent, les poignets sont dot\u00e9s d&rsquo;un velcro original. Cette veste est dot\u00e9e d&rsquo; une [&hellip;]<\/p>\n","protected":false},"featured_media":3611182,"comment_status":"open","ping_status":"closed","template":"","meta":[],"product_brand":[],"product_cat":[],"product_tag":[],"acf":[],"_links":{"self":[{"href":"https:\/\/streetmarkets.fr\/app\/wp-json\/wp\/v2\/product\/3611181"}],"collection":[{"href":"https:\/\/streetmarkets.fr\/app\/wp-json\/wp\/v2\/product"}],"about":[{"href":"https:\/\/streetmarkets.fr\/app\/wp-json\/wp\/v2\/types\/product"}],"replies":[{"embeddable":true,"href":"https:\/\/streetmarkets.fr\/app\/wp-json\/wp\/v2\/comments?post=3611181"}],"wp:featuredmedia":[{"embeddable":true,"href":"https:\/\/streetmarkets.fr\/app\/wp-json\/wp\/v2\/media\/3611182"}],"wp:attachment":[{"href":"https:\/\/streetmarkets.fr\/app\/wp-json\/wp\/v2\/media?parent=3611181"}],"wp:term":[{"taxonomy":"product_brand","embeddable":true,"href":"https:\/\/streetmarkets.fr\/app\/wp-json\/wp\/v2\/product_brand?post=3611181"},{"taxonomy":"product_cat","embeddable":true,"href":"https:\/\/streetmarkets.fr\/app\/wp-json\/wp\/v2\/product_cat?post=3611181"},{"taxonomy":"product_tag","embeddable":true,"href":"https:\/\/streetmarkets.fr\/app\/wp-json\/wp\/v2\/product_tag?post=3611181"}],"curies":[{"name":"wp","href":"https:\/\/api.w.org\/{rel}","templated":true}]}}