{"id":3611136,"date":"2026-02-15T00:59:49","date_gmt":"2026-02-14T23:59:49","guid":{"rendered":"https:\/\/streetmarkets.fr\/app\/produit\/norse-projects-jakob-crepe-t-shirt-orion-blue\/"},"modified":"2026-05-06T02:01:42","modified_gmt":"2026-05-06T00:01:42","slug":"norse-projects-jakob-crepe-t-shirt-orion-blue","status":"publish","type":"product","link":"https:\/\/streetmarkets.fr\/app\/produit\/norse-projects-jakob-crepe-t-shirt-orion-blue\/","title":{"rendered":"NORSE PROJECTS JAKOB Crepe T-shirt Orion blue"},"content":{"rendered":"<p><strong>Cr\u00e9ateur :<\/strong> Norse Projects, Danemark<\/p>\n<p><strong>R\u00e9alisation : <\/strong><span class=\"Y2IQFc\" lang=\"fr\">Le t-shirt en cr\u00eape de coton est une coupe d\u00e9contract\u00e9e confectionn\u00e9e en cr\u00eape de coton d&rsquo;\u00e9paisseur moyenne. Il est dot\u00e9 d&rsquo;un col c\u00f4tel\u00e9 et d&rsquo;un ourlet et de poignets \u00e0 double aiguille.<\/span><\/p>\n<p>100% cotton, \u00a0180 GSM, Relaxed fit<\/p>\n<p dir=\"ltr\" data-placeholder=\"Traduction\">N01-0624 Orion blue<\/p>\n<p dir=\"ltr\" data-placeholder=\"Traduction\"><em>Design : <span class=\"Y2IQFc\" lang=\"en\">The Cotton Crepe T-shirt is a relaxed fit crafted from mid-weight cotton crepe. It features a ribbed collar and double-needle hem and cuffs.<\/span><\/em><\/p>\n","protected":false},"excerpt":{"rendered":"<p>Cr\u00e9ateur : Norse Projects, Danemark R\u00e9alisation : Le t-shirt en cr\u00eape de coton est une coupe d\u00e9contract\u00e9e confectionn\u00e9e en cr\u00eape de coton d&rsquo;\u00e9paisseur moyenne. Il est dot\u00e9 d&rsquo;un col c\u00f4tel\u00e9 et d&rsquo;un ourlet et de poignets \u00e0 double aiguille. 100% cotton, \u00a0180 GSM, Relaxed fit N01-0624 Orion blue Design : The Cotton Crepe T-shirt is [&hellip;]<\/p>\n","protected":false},"featured_media":3611137,"comment_status":"open","ping_status":"closed","template":"","meta":[],"product_brand":[],"product_cat":[],"product_tag":[],"acf":[],"_links":{"self":[{"href":"https:\/\/streetmarkets.fr\/app\/wp-json\/wp\/v2\/product\/3611136"}],"collection":[{"href":"https:\/\/streetmarkets.fr\/app\/wp-json\/wp\/v2\/product"}],"about":[{"href":"https:\/\/streetmarkets.fr\/app\/wp-json\/wp\/v2\/types\/product"}],"replies":[{"embeddable":true,"href":"https:\/\/streetmarkets.fr\/app\/wp-json\/wp\/v2\/comments?post=3611136"}],"wp:featuredmedia":[{"embeddable":true,"href":"https:\/\/streetmarkets.fr\/app\/wp-json\/wp\/v2\/media\/3611137"}],"wp:attachment":[{"href":"https:\/\/streetmarkets.fr\/app\/wp-json\/wp\/v2\/media?parent=3611136"}],"wp:term":[{"taxonomy":"product_brand","embeddable":true,"href":"https:\/\/streetmarkets.fr\/app\/wp-json\/wp\/v2\/product_brand?post=3611136"},{"taxonomy":"product_cat","embeddable":true,"href":"https:\/\/streetmarkets.fr\/app\/wp-json\/wp\/v2\/product_cat?post=3611136"},{"taxonomy":"product_tag","embeddable":true,"href":"https:\/\/streetmarkets.fr\/app\/wp-json\/wp\/v2\/product_tag?post=3611136"}],"curies":[{"name":"wp","href":"https:\/\/api.w.org\/{rel}","templated":true}]}}