{"id":3611118,"date":"2026-02-15T00:59:46","date_gmt":"2026-02-14T23:59:46","guid":{"rendered":"https:\/\/streetmarkets.fr\/app\/produit\/jackman-gg-sweat-crewneck-classic-night-bench\/"},"modified":"2026-04-12T01:58:40","modified_gmt":"2026-04-11T23:58:40","slug":"jackman-gg-sweat-crewneck-classic-night-bench","status":"publish","type":"product","link":"https:\/\/streetmarkets.fr\/app\/produit\/jackman-gg-sweat-crewneck-classic-night-bench\/","title":{"rendered":"JACKMAN GG Sweat Crewneck Classic Night Bench"},"content":{"rendered":"<p><b>Cr\u00e9ateur :<\/b> JACKMAN, Japan<\/p>\n<p><b>Detail : <\/b>Sweat col rond, poignets et ourlet c\u00f4tel\u00e9s<\/p>\n<p>100 % coton<\/p>\n<p>Code : \u00a0JM7292 Night Bench<\/p>\n<p><em><span class=\"Y2IQFc\" lang=\"en\">Crew neck sweatshirt with ribbed cuffs and hem 100% cotton<\/span><\/em><\/p>\n","protected":false},"excerpt":{"rendered":"<p>Cr\u00e9ateur : JACKMAN, Japan Detail : Sweat col rond, poignets et ourlet c\u00f4tel\u00e9s 100 % coton Code : \u00a0JM7292 Night Bench Crew neck sweatshirt with ribbed cuffs and hem 100% cotton<\/p>\n","protected":false},"featured_media":3611119,"comment_status":"open","ping_status":"closed","template":"","meta":[],"product_brand":[],"product_cat":[],"product_tag":[],"acf":[],"_links":{"self":[{"href":"https:\/\/streetmarkets.fr\/app\/wp-json\/wp\/v2\/product\/3611118"}],"collection":[{"href":"https:\/\/streetmarkets.fr\/app\/wp-json\/wp\/v2\/product"}],"about":[{"href":"https:\/\/streetmarkets.fr\/app\/wp-json\/wp\/v2\/types\/product"}],"replies":[{"embeddable":true,"href":"https:\/\/streetmarkets.fr\/app\/wp-json\/wp\/v2\/comments?post=3611118"}],"wp:featuredmedia":[{"embeddable":true,"href":"https:\/\/streetmarkets.fr\/app\/wp-json\/wp\/v2\/media\/3611119"}],"wp:attachment":[{"href":"https:\/\/streetmarkets.fr\/app\/wp-json\/wp\/v2\/media?parent=3611118"}],"wp:term":[{"taxonomy":"product_brand","embeddable":true,"href":"https:\/\/streetmarkets.fr\/app\/wp-json\/wp\/v2\/product_brand?post=3611118"},{"taxonomy":"product_cat","embeddable":true,"href":"https:\/\/streetmarkets.fr\/app\/wp-json\/wp\/v2\/product_cat?post=3611118"},{"taxonomy":"product_tag","embeddable":true,"href":"https:\/\/streetmarkets.fr\/app\/wp-json\/wp\/v2\/product_tag?post=3611118"}],"curies":[{"name":"wp","href":"https:\/\/api.w.org\/{rel}","templated":true}]}}