{"id":3611105,"date":"2026-02-15T00:59:45","date_gmt":"2026-02-14T23:59:45","guid":{"rendered":"https:\/\/streetmarkets.fr\/app\/produit\/nanamica-alphadry-utility-pant-navy\/"},"modified":"2026-05-16T02:01:02","modified_gmt":"2026-05-16T00:01:02","slug":"nanamica-alphadry-utility-pant-navy","status":"publish","type":"product","link":"https:\/\/streetmarkets.fr\/app\/produit\/nanamica-alphadry-utility-pant-navy\/","title":{"rendered":"NANAMICA ALPHADRY Utility pant Navy"},"content":{"rendered":"<div class=\"woocommerce-product-details__short-description\">\n<p><b>Cr\u00e9ateur :<\/b> NANAMICA, Japan<\/p>\n<p><b>Detail : <\/b>Pantalon large \u00e0 coupe droite, cordon de serrage \u00e0 l&rsquo;int\u00e9rieur de la taille, poche zipp\u00e9e dissimul\u00e9e, ouverture \u00e0 glissi\u00e8re sur le devant, gousset \u00e0 l&rsquo;entrejambe pour \u00e9largir l&rsquo;amplitude de mouvement des jambes<\/p>\n<p>Fonctionnalit\u00e9 ajout\u00e9e du KODENSHI\u00ae au tissu ALPHADRY\u00ae, qui excelle dans l&rsquo;absorption de la transpiration, le s\u00e9chage rapide et l&rsquo;extensibilit\u00e9<\/p>\n<p>Le KODENSHI\u00ae \u00e9met des rayons infrarouges lointains vers le corps, ce qui aide \u00e0 maintenir une temp\u00e9rature corporelle naturelle<\/p>\n<p>77% Polyester, 23% Elasterell Polyester<\/p>\n<p><b><\/b><em><span class=\"Y2IQFc\" lang=\"en\">Detail : <\/span><span class=\"Y2IQFc\" lang=\"fr\">Pantalon large \u00e0 coupe droite, cordon de serrage \u00e0 l&rsquo;int\u00e9rieur de la taille, poche zipp\u00e9e dissimul\u00e9e, ouverture \u00e0 glissi\u00e8re sur le devant, gousset \u00e0 l&rsquo;entrejambe pour \u00e9largir l&rsquo;amplitude de mouvement des jambes Fonctionnalit\u00e9 ajout\u00e9e du KODENSHI\u00ae au tissu ALPHADRY\u00ae, qui excelle dans l&rsquo;absorption de la transpiration, le s\u00e9chage rapide et l&rsquo;extensibilit\u00e9 Le KODENSHI\u00ae \u00e9met des rayons infrarouges lointains vers le corps, ce qui aide \u00e0 maintenir une temp\u00e9rature corporelle naturelle 77 % polyester, 23 % polyester \u00e9lasthanne<\/span><\/em><\/p>\n<\/div>\n","protected":false},"excerpt":{"rendered":"<p>Cr\u00e9ateur : NANAMICA, Japan Detail : Pantalon large \u00e0 coupe droite, cordon de serrage \u00e0 l&rsquo;int\u00e9rieur de la taille, poche zipp\u00e9e dissimul\u00e9e, ouverture \u00e0 glissi\u00e8re sur le devant, gousset \u00e0 l&rsquo;entrejambe pour \u00e9largir l&rsquo;amplitude de mouvement des jambes Fonctionnalit\u00e9 ajout\u00e9e du KODENSHI\u00ae au tissu ALPHADRY\u00ae, qui excelle dans l&rsquo;absorption de la transpiration, le s\u00e9chage rapide [&hellip;]<\/p>\n","protected":false},"featured_media":3611106,"comment_status":"open","ping_status":"closed","template":"","meta":[],"product_brand":[],"product_cat":[],"product_tag":[],"acf":[],"_links":{"self":[{"href":"https:\/\/streetmarkets.fr\/app\/wp-json\/wp\/v2\/product\/3611105"}],"collection":[{"href":"https:\/\/streetmarkets.fr\/app\/wp-json\/wp\/v2\/product"}],"about":[{"href":"https:\/\/streetmarkets.fr\/app\/wp-json\/wp\/v2\/types\/product"}],"replies":[{"embeddable":true,"href":"https:\/\/streetmarkets.fr\/app\/wp-json\/wp\/v2\/comments?post=3611105"}],"wp:featuredmedia":[{"embeddable":true,"href":"https:\/\/streetmarkets.fr\/app\/wp-json\/wp\/v2\/media\/3611106"}],"wp:attachment":[{"href":"https:\/\/streetmarkets.fr\/app\/wp-json\/wp\/v2\/media?parent=3611105"}],"wp:term":[{"taxonomy":"product_brand","embeddable":true,"href":"https:\/\/streetmarkets.fr\/app\/wp-json\/wp\/v2\/product_brand?post=3611105"},{"taxonomy":"product_cat","embeddable":true,"href":"https:\/\/streetmarkets.fr\/app\/wp-json\/wp\/v2\/product_cat?post=3611105"},{"taxonomy":"product_tag","embeddable":true,"href":"https:\/\/streetmarkets.fr\/app\/wp-json\/wp\/v2\/product_tag?post=3611105"}],"curies":[{"name":"wp","href":"https:\/\/api.w.org\/{rel}","templated":true}]}}