{"id":3611099,"date":"2026-02-15T00:59:45","date_gmt":"2026-02-14T23:59:45","guid":{"rendered":"https:\/\/streetmarkets.fr\/app\/produit\/nanamica-2l-pertex-unlimited-field-vest-dark-navy\/"},"modified":"2026-05-10T01:58:57","modified_gmt":"2026-05-09T23:58:57","slug":"nanamica-2l-pertex-unlimited-field-vest-dark-navy","status":"publish","type":"product","link":"https:\/\/streetmarkets.fr\/app\/produit\/nanamica-2l-pertex-unlimited-field-vest-dark-navy\/","title":{"rendered":"NANAMICA 2L PERTEX UNLIMITED Field Vest Dark navy"},"content":{"rendered":"<div class=\"woocommerce-product-details__short-description\">\n<p><b>Cr\u00e9ateur :<\/b> NANAMICA, Japan<\/p>\n<p><b>Detail : <\/b><span class=\"Y2IQFc\" lang=\"fr\">Gilet militaire \u00e0 col montant. Le mat\u00e9riau ext\u00e9rieur est compos\u00e9 de PERTEX\u00ae\ufe0e UNLIMITED 2 couches, qui pr\u00e9sente une excellente imperm\u00e9abilit\u00e9 et respirabilit\u00e9, trait\u00e9 avec un traitement d\u00e9perlant durable. <\/span><\/p>\n<p><span class=\"Y2IQFc\" lang=\"fr\">Taffetas de nylon avec une texture mate semblable au coton. Doublure en coton \u00e0 carreaux maison\/Coolmax\u00ae. &#8211; L&rsquo;arri\u00e8re du col en velours c\u00f4tel\u00e9 de polyester agr\u00e9able au toucher. La coupe peut \u00eatre ajust\u00e9e avec le r\u00e9glage de l&rsquo;ourlet. Poche de s\u00e9curit\u00e9 avec fermeture \u00e9clair sur la poitrine gauche.<\/span><\/p>\n<p>Mati\u00e8re : 2L PERTEX\u00ae UNLIMITED Nylon Taffeta (100% Nylon)<\/p>\n<p><b><\/b><em><span class=\"Y2IQFc\" lang=\"en\">Detail : <\/span><span class=\"Y2IQFc\" lang=\"en\">Military vest with a stand-up collar. The outer material is made of 2-layer PERTEX\u00ae UNLIMITED, which offers excellent waterproofing and breathability, and is treated with a durable water-repellent (DWR) finish. Nylon taffeta with a matte, cotton-like texture. Lined with a house-patterned cotton\/Coolmax\u00ae check. The back of the collar is made of pleasant-to-the-touch polyester corduroy. The fit can be adjusted with the hem adjustment. Zippered security pocket on the left chest. Material: 2L PERTEX\u00ae UNLIMITED Nylon Taffeta (100% Nylon)<\/span><\/em><\/p>\n<\/div>\n","protected":false},"excerpt":{"rendered":"<p>Cr\u00e9ateur : NANAMICA, Japan Detail : Gilet militaire \u00e0 col montant. Le mat\u00e9riau ext\u00e9rieur est compos\u00e9 de PERTEX\u00ae\ufe0e UNLIMITED 2 couches, qui pr\u00e9sente une excellente imperm\u00e9abilit\u00e9 et respirabilit\u00e9, trait\u00e9 avec un traitement d\u00e9perlant durable. Taffetas de nylon avec une texture mate semblable au coton. Doublure en coton \u00e0 carreaux maison\/Coolmax\u00ae. &#8211; L&rsquo;arri\u00e8re du col en [&hellip;]<\/p>\n","protected":false},"featured_media":3611100,"comment_status":"open","ping_status":"closed","template":"","meta":[],"product_brand":[],"product_cat":[],"product_tag":[],"acf":[],"_links":{"self":[{"href":"https:\/\/streetmarkets.fr\/app\/wp-json\/wp\/v2\/product\/3611099"}],"collection":[{"href":"https:\/\/streetmarkets.fr\/app\/wp-json\/wp\/v2\/product"}],"about":[{"href":"https:\/\/streetmarkets.fr\/app\/wp-json\/wp\/v2\/types\/product"}],"replies":[{"embeddable":true,"href":"https:\/\/streetmarkets.fr\/app\/wp-json\/wp\/v2\/comments?post=3611099"}],"wp:featuredmedia":[{"embeddable":true,"href":"https:\/\/streetmarkets.fr\/app\/wp-json\/wp\/v2\/media\/3611100"}],"wp:attachment":[{"href":"https:\/\/streetmarkets.fr\/app\/wp-json\/wp\/v2\/media?parent=3611099"}],"wp:term":[{"taxonomy":"product_brand","embeddable":true,"href":"https:\/\/streetmarkets.fr\/app\/wp-json\/wp\/v2\/product_brand?post=3611099"},{"taxonomy":"product_cat","embeddable":true,"href":"https:\/\/streetmarkets.fr\/app\/wp-json\/wp\/v2\/product_cat?post=3611099"},{"taxonomy":"product_tag","embeddable":true,"href":"https:\/\/streetmarkets.fr\/app\/wp-json\/wp\/v2\/product_tag?post=3611099"}],"curies":[{"name":"wp","href":"https:\/\/api.w.org\/{rel}","templated":true}]}}