{"id":3611060,"date":"2026-02-15T00:59:41","date_gmt":"2026-02-14T23:59:41","guid":{"rendered":"https:\/\/streetmarkets.fr\/app\/produit\/gramicci-nylon-packable-g-short-grape\/"},"modified":"2026-05-15T01:59:43","modified_gmt":"2026-05-14T23:59:43","slug":"gramicci-nylon-packable-g-short-grape","status":"publish","type":"product","link":"https:\/\/streetmarkets.fr\/app\/produit\/gramicci-nylon-packable-g-short-grape\/","title":{"rendered":"GRAMICCI Nylon PACKABLE G-SHORT Grape"},"content":{"rendered":"<p><strong>Cr\u00e9ateur :<\/strong> Gramicci<\/p>\n<p><strong>R\u00e9alisation : <\/strong><span class=\"Y2IQFc\" lang=\"fr\">Fabriqu\u00e9 en nylon r\u00e9sistant Short pliable Comprend un entrejambe \u00e0 soufflet s&rsquo;ouvrant \u00e0 180 degr\u00e9s gr\u00e2ce \u00e0 la technologie de patronage Gramicci Le mod\u00e8le comprend une poche arri\u00e8re pliable, pratique \u00e0 transporter Poche lat\u00e9rale. Entrejambe de 23 cm<\/span><\/p>\n<p><em><span class=\"Y2IQFc\" lang=\"en\">Made from durable nylon Fold-over shorts Features a gusseted crotch that opens 180 degrees thanks to Gramicci patterning technology The design includes a fold-over back pocket for easy carrying Side pocket. 23 cm inseam<\/span><\/em><\/p>\n","protected":false},"excerpt":{"rendered":"<p>Cr\u00e9ateur : Gramicci R\u00e9alisation : Fabriqu\u00e9 en nylon r\u00e9sistant Short pliable Comprend un entrejambe \u00e0 soufflet s&rsquo;ouvrant \u00e0 180 degr\u00e9s gr\u00e2ce \u00e0 la technologie de patronage Gramicci Le mod\u00e8le comprend une poche arri\u00e8re pliable, pratique \u00e0 transporter Poche lat\u00e9rale. Entrejambe de 23 cm Made from durable nylon Fold-over shorts Features a gusseted crotch that opens [&hellip;]<\/p>\n","protected":false},"featured_media":3611061,"comment_status":"open","ping_status":"closed","template":"","meta":[],"product_brand":[7137],"product_cat":[],"product_tag":[],"acf":[],"_links":{"self":[{"href":"https:\/\/streetmarkets.fr\/app\/wp-json\/wp\/v2\/product\/3611060"}],"collection":[{"href":"https:\/\/streetmarkets.fr\/app\/wp-json\/wp\/v2\/product"}],"about":[{"href":"https:\/\/streetmarkets.fr\/app\/wp-json\/wp\/v2\/types\/product"}],"replies":[{"embeddable":true,"href":"https:\/\/streetmarkets.fr\/app\/wp-json\/wp\/v2\/comments?post=3611060"}],"wp:featuredmedia":[{"embeddable":true,"href":"https:\/\/streetmarkets.fr\/app\/wp-json\/wp\/v2\/media\/3611061"}],"wp:attachment":[{"href":"https:\/\/streetmarkets.fr\/app\/wp-json\/wp\/v2\/media?parent=3611060"}],"wp:term":[{"taxonomy":"product_brand","embeddable":true,"href":"https:\/\/streetmarkets.fr\/app\/wp-json\/wp\/v2\/product_brand?post=3611060"},{"taxonomy":"product_cat","embeddable":true,"href":"https:\/\/streetmarkets.fr\/app\/wp-json\/wp\/v2\/product_cat?post=3611060"},{"taxonomy":"product_tag","embeddable":true,"href":"https:\/\/streetmarkets.fr\/app\/wp-json\/wp\/v2\/product_tag?post=3611060"}],"curies":[{"name":"wp","href":"https:\/\/api.w.org\/{rel}","templated":true}]}}