{"id":3611052,"date":"2026-02-15T00:59:40","date_gmt":"2026-02-14T23:59:40","guid":{"rendered":"https:\/\/streetmarkets.fr\/app\/produit\/gramicci-x-and-wander-brushed-nylon-vest-charcoal\/"},"modified":"2026-05-03T01:58:58","modified_gmt":"2026-05-02T23:58:58","slug":"gramicci-x-and-wander-brushed-nylon-vest-charcoal","status":"publish","type":"product","link":"https:\/\/streetmarkets.fr\/app\/produit\/gramicci-x-and-wander-brushed-nylon-vest-charcoal\/","title":{"rendered":"GRAMICCI x AND WANDER Brushed Nylon Vest Charcoal"},"content":{"rendered":"<p><strong>Cr\u00e9ateur :<\/strong> Gramicci<\/p>\n<p><strong>R\u00e9alisation : <\/strong><span class=\"Y2IQFc\" lang=\"fr\">Tissu en fil de coton\/polyester SORONA, poche poitrine avec d\u00e9tail mousqueton, col \u00e0 boutons-pression Forme carr\u00e9e<\/span><\/p>\n<p><em><span class=\"Y2IQFc\" lang=\"fr\">Tissu en fil de coton\/polyester SORONA, poche poitrine avec d\u00e9tail mousqueton, col \u00e0 boutons-pression Forme carr\u00e9e<\/span><\/em><\/p>\n","protected":false},"excerpt":{"rendered":"<p>Cr\u00e9ateur : Gramicci R\u00e9alisation : Tissu en fil de coton\/polyester SORONA, poche poitrine avec d\u00e9tail mousqueton, col \u00e0 boutons-pression Forme carr\u00e9e Tissu en fil de coton\/polyester SORONA, poche poitrine avec d\u00e9tail mousqueton, col \u00e0 boutons-pression Forme carr\u00e9e<\/p>\n","protected":false},"featured_media":3611053,"comment_status":"open","ping_status":"closed","template":"","meta":[],"product_brand":[7137],"product_cat":[],"product_tag":[],"acf":[],"_links":{"self":[{"href":"https:\/\/streetmarkets.fr\/app\/wp-json\/wp\/v2\/product\/3611052"}],"collection":[{"href":"https:\/\/streetmarkets.fr\/app\/wp-json\/wp\/v2\/product"}],"about":[{"href":"https:\/\/streetmarkets.fr\/app\/wp-json\/wp\/v2\/types\/product"}],"replies":[{"embeddable":true,"href":"https:\/\/streetmarkets.fr\/app\/wp-json\/wp\/v2\/comments?post=3611052"}],"wp:featuredmedia":[{"embeddable":true,"href":"https:\/\/streetmarkets.fr\/app\/wp-json\/wp\/v2\/media\/3611053"}],"wp:attachment":[{"href":"https:\/\/streetmarkets.fr\/app\/wp-json\/wp\/v2\/media?parent=3611052"}],"wp:term":[{"taxonomy":"product_brand","embeddable":true,"href":"https:\/\/streetmarkets.fr\/app\/wp-json\/wp\/v2\/product_brand?post=3611052"},{"taxonomy":"product_cat","embeddable":true,"href":"https:\/\/streetmarkets.fr\/app\/wp-json\/wp\/v2\/product_cat?post=3611052"},{"taxonomy":"product_tag","embeddable":true,"href":"https:\/\/streetmarkets.fr\/app\/wp-json\/wp\/v2\/product_tag?post=3611052"}],"curies":[{"name":"wp","href":"https:\/\/api.w.org\/{rel}","templated":true}]}}