{"id":3611027,"date":"2026-02-15T00:59:28","date_gmt":"2026-02-14T23:59:28","guid":{"rendered":"https:\/\/streetmarkets.fr\/app\/produit\/good-on-rough-crew-sweat-p-natural\/"},"modified":"2026-05-13T02:00:28","modified_gmt":"2026-05-13T00:00:28","slug":"good-on-rough-crew-sweat-p-natural","status":"publish","type":"product","link":"https:\/\/streetmarkets.fr\/app\/produit\/good-on-rough-crew-sweat-p-natural\/","title":{"rendered":"GOOD ON ROUGH Crew Sweat P-Natural"},"content":{"rendered":"<p><b>Cr\u00e9ateur :<\/b> Good On Japan<br \/>\n<b><\/b><\/p>\n<p><b>R\u00e9alisation : <\/b>Sweat \u00e0 col rond avec ourlet arrondi, teinture pigmentaire<\/p>\n<p>100% coton Premium USA Cotton<b><\/b><\/p>\n<p><em>Design : <span class=\"Y2IQFc\" lang=\"en\">Round neck sweatshirt with rounded hem, pigment dye<\/span><\/em><\/p>\n<p><em>Japanese know-how.<\/em><\/p>\n","protected":false},"excerpt":{"rendered":"<p>Cr\u00e9ateur : Good On Japan R\u00e9alisation : Sweat \u00e0 col rond avec ourlet arrondi, teinture pigmentaire 100% coton Premium USA Cotton Design : Round neck sweatshirt with rounded hem, pigment dye Japanese know-how.<\/p>\n","protected":false},"featured_media":3611028,"comment_status":"open","ping_status":"closed","template":"","meta":[],"product_brand":[],"product_cat":[],"product_tag":[],"acf":[],"_links":{"self":[{"href":"https:\/\/streetmarkets.fr\/app\/wp-json\/wp\/v2\/product\/3611027"}],"collection":[{"href":"https:\/\/streetmarkets.fr\/app\/wp-json\/wp\/v2\/product"}],"about":[{"href":"https:\/\/streetmarkets.fr\/app\/wp-json\/wp\/v2\/types\/product"}],"replies":[{"embeddable":true,"href":"https:\/\/streetmarkets.fr\/app\/wp-json\/wp\/v2\/comments?post=3611027"}],"wp:featuredmedia":[{"embeddable":true,"href":"https:\/\/streetmarkets.fr\/app\/wp-json\/wp\/v2\/media\/3611028"}],"wp:attachment":[{"href":"https:\/\/streetmarkets.fr\/app\/wp-json\/wp\/v2\/media?parent=3611027"}],"wp:term":[{"taxonomy":"product_brand","embeddable":true,"href":"https:\/\/streetmarkets.fr\/app\/wp-json\/wp\/v2\/product_brand?post=3611027"},{"taxonomy":"product_cat","embeddable":true,"href":"https:\/\/streetmarkets.fr\/app\/wp-json\/wp\/v2\/product_cat?post=3611027"},{"taxonomy":"product_tag","embeddable":true,"href":"https:\/\/streetmarkets.fr\/app\/wp-json\/wp\/v2\/product_tag?post=3611027"}],"curies":[{"name":"wp","href":"https:\/\/api.w.org\/{rel}","templated":true}]}}