{"id":3610912,"date":"2026-02-15T00:59:14","date_gmt":"2026-02-14T23:59:14","guid":{"rendered":"https:\/\/streetmarkets.fr\/app\/produit\/gramicci-gramicci-pant-olive\/"},"modified":"2026-05-06T02:01:16","modified_gmt":"2026-05-06T00:01:16","slug":"gramicci-gramicci-pant-olive","status":"publish","type":"product","link":"https:\/\/streetmarkets.fr\/app\/produit\/gramicci-gramicci-pant-olive\/","title":{"rendered":"GRAMICCI Gramicci Pant Olive"},"content":{"rendered":"<p><strong>Cr\u00e9ateur :<\/strong> Gramicci<\/p>\n<p><strong>R\u00e9alisation : <\/strong><span class=\"Y2IQFc\" lang=\"fr\">Le pantalon Gramicci original de 1982 Dispose d&rsquo;un entrejambe \u00e0 soufflet pour la libert\u00e9 de mouvement Taille facile \u00e0 ajuster avec ceinture et boucle int\u00e9gr\u00e9es Braguette zipp\u00e9e avec deux poches sur les coutures lat\u00e9rales et deux poches arri\u00e8re passepoil\u00e9es Coupe d\u00e9contract\u00e9e et taille basse<\/span><\/p>\n<p id=\"tw-target-text\" class=\"tw-data-text tw-text-large tw-ta\" dir=\"ltr\" data-placeholder=\"Traduction\"><span class=\"Y2IQFc\" lang=\"fr\">100% serg\u00e9 de coton biologique<\/span><\/p>\n<p dir=\"ltr\" data-placeholder=\"Traduction\">Taille US<\/p>\n<p id=\"tw-target-text\" class=\"tw-data-text tw-text-large tw-ta\" dir=\"ltr\" data-placeholder=\"Traduction\" data-ved=\"2ahUKEwjN4djqxoOJAxU2TKQEHeG8JRcQ3ewLegQIBxAU\" aria-label=\"Texte traduit\u00a0: The original Gramicci pants from 1982 Features a gusseted crotch for freedom of movement Easy-adjust waist with integrated belt and buckle Zip fly with two side-seam pockets and two back welt pockets Relaxed fit and low rise\"><em><span class=\"Y2IQFc\" lang=\"en\">The original Gramicci pants from 1982 Features a gusseted crotch for freedom of movement Easy-adjust waist with integrated belt and buckle Zip fly with two side-seam pockets and two back welt pockets Relaxed fit and low rise<\/span><\/em><\/p>\n","protected":false},"excerpt":{"rendered":"<p>Cr\u00e9ateur : Gramicci R\u00e9alisation : Le pantalon Gramicci original de 1982 Dispose d&rsquo;un entrejambe \u00e0 soufflet pour la libert\u00e9 de mouvement Taille facile \u00e0 ajuster avec ceinture et boucle int\u00e9gr\u00e9es Braguette zipp\u00e9e avec deux poches sur les coutures lat\u00e9rales et deux poches arri\u00e8re passepoil\u00e9es Coupe d\u00e9contract\u00e9e et taille basse 100% serg\u00e9 de coton biologique Taille [&hellip;]<\/p>\n","protected":false},"featured_media":3610913,"comment_status":"open","ping_status":"closed","template":"","meta":[],"product_brand":[7137],"product_cat":[],"product_tag":[],"acf":[],"_links":{"self":[{"href":"https:\/\/streetmarkets.fr\/app\/wp-json\/wp\/v2\/product\/3610912"}],"collection":[{"href":"https:\/\/streetmarkets.fr\/app\/wp-json\/wp\/v2\/product"}],"about":[{"href":"https:\/\/streetmarkets.fr\/app\/wp-json\/wp\/v2\/types\/product"}],"replies":[{"embeddable":true,"href":"https:\/\/streetmarkets.fr\/app\/wp-json\/wp\/v2\/comments?post=3610912"}],"wp:featuredmedia":[{"embeddable":true,"href":"https:\/\/streetmarkets.fr\/app\/wp-json\/wp\/v2\/media\/3610913"}],"wp:attachment":[{"href":"https:\/\/streetmarkets.fr\/app\/wp-json\/wp\/v2\/media?parent=3610912"}],"wp:term":[{"taxonomy":"product_brand","embeddable":true,"href":"https:\/\/streetmarkets.fr\/app\/wp-json\/wp\/v2\/product_brand?post=3610912"},{"taxonomy":"product_cat","embeddable":true,"href":"https:\/\/streetmarkets.fr\/app\/wp-json\/wp\/v2\/product_cat?post=3610912"},{"taxonomy":"product_tag","embeddable":true,"href":"https:\/\/streetmarkets.fr\/app\/wp-json\/wp\/v2\/product_tag?post=3610912"}],"curies":[{"name":"wp","href":"https:\/\/api.w.org\/{rel}","templated":true}]}}