{"id":3610902,"date":"2026-02-15T00:59:13","date_gmt":"2026-02-14T23:59:13","guid":{"rendered":"https:\/\/streetmarkets.fr\/app\/produit\/universal-works-zip-bomber-olive-wool-fleece\/"},"modified":"2026-05-10T01:58:43","modified_gmt":"2026-05-09T23:58:43","slug":"universal-works-zip-bomber-olive-wool-fleece","status":"publish","type":"product","link":"https:\/\/streetmarkets.fr\/app\/produit\/universal-works-zip-bomber-olive-wool-fleece\/","title":{"rendered":"UNIVERSAL WORKS ZIP BOMBER Olive Wool Fleece"},"content":{"rendered":"<p><b>Cr\u00e9ateur :<\/b> Universal Works<\/p>\n<p><b>R\u00e9alisation : <\/b>Coupe r\u00e9guli\u00e8re. Fermeture \u00e9clair bidirectionnelle sur le devant. Deux poches plaqu\u00e9es inf\u00e9rieures en angle. Col c\u00f4tel\u00e9 en coton. Reliure en c\u00f4tes de coton.<\/p>\n<p>65% Wool, 35% Recycled Polyester<\/p>\n<p id=\"tw-target-text\" class=\"tw-data-text tw-text-large tw-ta\" dir=\"ltr\" data-placeholder=\"Traduction\" data-ved=\"2ahUKEwjY5d601YGJAxWrVaQEHQauA8oQ3ewLegQIBxAU\" aria-label=\"Texte traduit\u00a0: Regular fit. Two-way front zipper. Two lower corner patch pockets. Cotton ribbed collar. Cotton rib binding.\"><em><span class=\"Y2IQFc\" lang=\"en\">Regular fit. Two-way front zipper. Two lower corner patch pockets. Cotton ribbed collar. Cotton rib binding.<\/span><\/em><\/p>\n","protected":false},"excerpt":{"rendered":"<p>Cr\u00e9ateur : Universal Works R\u00e9alisation : Coupe r\u00e9guli\u00e8re. Fermeture \u00e9clair bidirectionnelle sur le devant. Deux poches plaqu\u00e9es inf\u00e9rieures en angle. Col c\u00f4tel\u00e9 en coton. Reliure en c\u00f4tes de coton. 65% Wool, 35% Recycled Polyester Regular fit. Two-way front zipper. Two lower corner patch pockets. Cotton ribbed collar. Cotton rib binding.<\/p>\n","protected":false},"featured_media":3610903,"comment_status":"open","ping_status":"closed","template":"","meta":[],"product_brand":[],"product_cat":[],"product_tag":[],"acf":[],"_links":{"self":[{"href":"https:\/\/streetmarkets.fr\/app\/wp-json\/wp\/v2\/product\/3610902"}],"collection":[{"href":"https:\/\/streetmarkets.fr\/app\/wp-json\/wp\/v2\/product"}],"about":[{"href":"https:\/\/streetmarkets.fr\/app\/wp-json\/wp\/v2\/types\/product"}],"replies":[{"embeddable":true,"href":"https:\/\/streetmarkets.fr\/app\/wp-json\/wp\/v2\/comments?post=3610902"}],"wp:featuredmedia":[{"embeddable":true,"href":"https:\/\/streetmarkets.fr\/app\/wp-json\/wp\/v2\/media\/3610903"}],"wp:attachment":[{"href":"https:\/\/streetmarkets.fr\/app\/wp-json\/wp\/v2\/media?parent=3610902"}],"wp:term":[{"taxonomy":"product_brand","embeddable":true,"href":"https:\/\/streetmarkets.fr\/app\/wp-json\/wp\/v2\/product_brand?post=3610902"},{"taxonomy":"product_cat","embeddable":true,"href":"https:\/\/streetmarkets.fr\/app\/wp-json\/wp\/v2\/product_cat?post=3610902"},{"taxonomy":"product_tag","embeddable":true,"href":"https:\/\/streetmarkets.fr\/app\/wp-json\/wp\/v2\/product_tag?post=3610902"}],"curies":[{"name":"wp","href":"https:\/\/api.w.org\/{rel}","templated":true}]}}