{"id":3610896,"date":"2026-02-15T00:59:13","date_gmt":"2026-02-14T23:59:13","guid":{"rendered":"https:\/\/streetmarkets.fr\/app\/produit\/universal-works-oxford-pant-olive-recycled-soft-wool\/"},"modified":"2026-05-12T01:58:12","modified_gmt":"2026-05-11T23:58:12","slug":"universal-works-oxford-pant-olive-recycled-soft-wool","status":"publish","type":"product","link":"https:\/\/streetmarkets.fr\/app\/produit\/universal-works-oxford-pant-olive-recycled-soft-wool\/","title":{"rendered":"UNIVERSAL WORKS OXFORD Pant Olive Recycled Soft Wool"},"content":{"rendered":"<p><b>Cr\u00e9ateur :<\/b> Universal Works<\/p>\n<p><b>R\u00e9alisation : <\/b>Jambe large et ample, \u00e9lastique et cordon de serrage\u00a0pli simple sur le devant.<\/p>\n<p class=\"p1\">Deux poches arri\u00e8re : rabat boutonn\u00e9 &amp; jet\u00e9e boutonn\u00e9e. Deux poches avant avec poche ticket interne.<\/p>\n<p>66% Recycled Wool, 30% Polyester, 4% Other Fibres. 100% Cotton Trim<\/p>\n<p>Code produit : 31521<\/p>\n<p class=\"p1\"><em>Wide, loose leg, elastic and drawstring, single pleat at the front. Two back pockets: buttoned flap &amp; buttoned throw. Two front pockets with internal ticket pocket.<\/em><\/p>\n","protected":false},"excerpt":{"rendered":"<p>Cr\u00e9ateur : Universal Works R\u00e9alisation : Jambe large et ample, \u00e9lastique et cordon de serrage\u00a0pli simple sur le devant. Deux poches arri\u00e8re : rabat boutonn\u00e9 &amp; jet\u00e9e boutonn\u00e9e. Deux poches avant avec poche ticket interne. 66% Recycled Wool, 30% Polyester, 4% Other Fibres. 100% Cotton Trim Code produit : 31521 Wide, loose leg, elastic and [&hellip;]<\/p>\n","protected":false},"featured_media":3610897,"comment_status":"open","ping_status":"closed","template":"","meta":[],"product_brand":[],"product_cat":[],"product_tag":[],"acf":[],"_links":{"self":[{"href":"https:\/\/streetmarkets.fr\/app\/wp-json\/wp\/v2\/product\/3610896"}],"collection":[{"href":"https:\/\/streetmarkets.fr\/app\/wp-json\/wp\/v2\/product"}],"about":[{"href":"https:\/\/streetmarkets.fr\/app\/wp-json\/wp\/v2\/types\/product"}],"replies":[{"embeddable":true,"href":"https:\/\/streetmarkets.fr\/app\/wp-json\/wp\/v2\/comments?post=3610896"}],"wp:featuredmedia":[{"embeddable":true,"href":"https:\/\/streetmarkets.fr\/app\/wp-json\/wp\/v2\/media\/3610897"}],"wp:attachment":[{"href":"https:\/\/streetmarkets.fr\/app\/wp-json\/wp\/v2\/media?parent=3610896"}],"wp:term":[{"taxonomy":"product_brand","embeddable":true,"href":"https:\/\/streetmarkets.fr\/app\/wp-json\/wp\/v2\/product_brand?post=3610896"},{"taxonomy":"product_cat","embeddable":true,"href":"https:\/\/streetmarkets.fr\/app\/wp-json\/wp\/v2\/product_cat?post=3610896"},{"taxonomy":"product_tag","embeddable":true,"href":"https:\/\/streetmarkets.fr\/app\/wp-json\/wp\/v2\/product_tag?post=3610896"}],"curies":[{"name":"wp","href":"https:\/\/api.w.org\/{rel}","templated":true}]}}