{"id":3610887,"date":"2026-02-15T00:59:11","date_gmt":"2026-02-14T23:59:11","guid":{"rendered":"https:\/\/streetmarkets.fr\/app\/produit\/gramicci-g-short-chino\/"},"modified":"2026-05-11T02:00:11","modified_gmt":"2026-05-11T00:00:11","slug":"gramicci-g-short-chino","status":"publish","type":"product","link":"https:\/\/streetmarkets.fr\/app\/produit\/gramicci-g-short-chino\/","title":{"rendered":"GRAMICCI G-Short Chino"},"content":{"rendered":"<p><strong>Cr\u00e9ateur :<\/strong> Gramicci<\/p>\n<p><strong>R\u00e9alisation : <\/strong>100% coton biologique<br \/>\nTissu serg\u00e9 r\u00e9sistant<br \/>\nCeinture de serrage en nylon int\u00e9gr\u00e9e<br \/>\nCeinture \u00e9lastique<br \/>\nGousset d&rsquo;entrejambe en forme de diamant<br \/>\nDeux poches avant<br \/>\nDeux poches coup\u00e9es \u00e0 l&rsquo;arri\u00e8re<br \/>\nCoutures renforc\u00e9es partout<br \/>\nCoupe d\u00e9contract\u00e9e<br \/>\nCouture int\u00e9rieure de 9 pouces<\/p>\n<p>L\u00e0 o\u00f9 tout a commenc\u00e9 : nos G-Shorts tant appr\u00e9ci\u00e9s. Cr\u00e9\u00e9 \u00e0 l&rsquo;origine en 1982 avec l&rsquo;escalade en t\u00eate, ce short r\u00e9sistant et fonctionnel est devenu un v\u00e9ritable classique du plein air gr\u00e2ce \u00e0 son design robuste, confortable et facile \u00e0 porter. Con\u00e7us pour offrir une libert\u00e9 de mouvement ultime, ils sont dot\u00e9s d&rsquo;un soufflet d&rsquo;entrejambe en forme de losange pour une port\u00e9e de jambe \u00e0 180\u00b0, ainsi que d&rsquo;une ceinture en nylon int\u00e9gr\u00e9e et d&rsquo;une taille \u00e9lastiqu\u00e9e. Fabriqu\u00e9 \u00e0 partir de coton biologique, il est d\u00e9finitivement con\u00e7u pour durer et, gr\u00e2ce \u00e0 sa coupe d\u00e9contract\u00e9e, il est vraiment polyvalent : le short parfait \u00e0 tout faire, que vous fassiez de l&rsquo;escalade, de la randonn\u00e9e ou que vous vous reposiez simplement.<\/p>\n<p>Taille US<\/p>\n","protected":false},"excerpt":{"rendered":"<p>Cr\u00e9ateur : Gramicci R\u00e9alisation : 100% coton biologique Tissu serg\u00e9 r\u00e9sistant Ceinture de serrage en nylon int\u00e9gr\u00e9e Ceinture \u00e9lastique Gousset d&rsquo;entrejambe en forme de diamant Deux poches avant Deux poches coup\u00e9es \u00e0 l&rsquo;arri\u00e8re Coutures renforc\u00e9es partout Coupe d\u00e9contract\u00e9e Couture int\u00e9rieure de 9 pouces L\u00e0 o\u00f9 tout a commenc\u00e9 : nos G-Shorts tant appr\u00e9ci\u00e9s. Cr\u00e9\u00e9 \u00e0 [&hellip;]<\/p>\n","protected":false},"featured_media":3610888,"comment_status":"open","ping_status":"closed","template":"","meta":[],"product_brand":[7137],"product_cat":[],"product_tag":[],"acf":[],"_links":{"self":[{"href":"https:\/\/streetmarkets.fr\/app\/wp-json\/wp\/v2\/product\/3610887"}],"collection":[{"href":"https:\/\/streetmarkets.fr\/app\/wp-json\/wp\/v2\/product"}],"about":[{"href":"https:\/\/streetmarkets.fr\/app\/wp-json\/wp\/v2\/types\/product"}],"replies":[{"embeddable":true,"href":"https:\/\/streetmarkets.fr\/app\/wp-json\/wp\/v2\/comments?post=3610887"}],"wp:featuredmedia":[{"embeddable":true,"href":"https:\/\/streetmarkets.fr\/app\/wp-json\/wp\/v2\/media\/3610888"}],"wp:attachment":[{"href":"https:\/\/streetmarkets.fr\/app\/wp-json\/wp\/v2\/media?parent=3610887"}],"wp:term":[{"taxonomy":"product_brand","embeddable":true,"href":"https:\/\/streetmarkets.fr\/app\/wp-json\/wp\/v2\/product_brand?post=3610887"},{"taxonomy":"product_cat","embeddable":true,"href":"https:\/\/streetmarkets.fr\/app\/wp-json\/wp\/v2\/product_cat?post=3610887"},{"taxonomy":"product_tag","embeddable":true,"href":"https:\/\/streetmarkets.fr\/app\/wp-json\/wp\/v2\/product_tag?post=3610887"}],"curies":[{"name":"wp","href":"https:\/\/api.w.org\/{rel}","templated":true}]}}