{"id":3610877,"date":"2026-02-15T00:59:10","date_gmt":"2026-02-14T23:59:10","guid":{"rendered":"https:\/\/streetmarkets.fr\/app\/produit\/sunray-haleiwa-tee-fire-whirl-tee\/"},"modified":"2026-05-14T01:57:46","modified_gmt":"2026-05-13T23:57:46","slug":"sunray-haleiwa-tee-fire-whirl-tee","status":"publish","type":"product","link":"https:\/\/streetmarkets.fr\/app\/produit\/sunray-haleiwa-tee-fire-whirl-tee\/","title":{"rendered":"SUNRAY HALEIWA Tee Fire whirl Tee"},"content":{"rendered":"<p><b>Cr\u00e9ateur :<\/b> Sunray, Japon<br \/>\n<b><\/b><\/p>\n<p><b>R\u00e9alisation : <\/b>T-shirt Sunray Sportswear Haleiwa .<\/p>\n<p>100 % Jersey de coton flamm\u00e9 fabriqu\u00e9 \u00e0 partir d&rsquo;anciennes machines \u00e0 boucle, construction tubulaire<\/p>\n<p><b><\/b><em>Design : Sunray Sportswear Haleiwa T-shirt, made in Japan<\/em><\/p>\n<p><em>100% Slub Cotton Jersey made from old loop machines, tubular construction<\/em><\/p>\n","protected":false},"excerpt":{"rendered":"<p>Cr\u00e9ateur : Sunray, Japon R\u00e9alisation : T-shirt Sunray Sportswear Haleiwa . 100 % Jersey de coton flamm\u00e9 fabriqu\u00e9 \u00e0 partir d&rsquo;anciennes machines \u00e0 boucle, construction tubulaire Design : Sunray Sportswear Haleiwa T-shirt, made in Japan 100% Slub Cotton Jersey made from old loop machines, tubular construction<\/p>\n","protected":false},"featured_media":3610878,"comment_status":"open","ping_status":"closed","template":"","meta":[],"product_brand":[],"product_cat":[],"product_tag":[],"acf":[],"_links":{"self":[{"href":"https:\/\/streetmarkets.fr\/app\/wp-json\/wp\/v2\/product\/3610877"}],"collection":[{"href":"https:\/\/streetmarkets.fr\/app\/wp-json\/wp\/v2\/product"}],"about":[{"href":"https:\/\/streetmarkets.fr\/app\/wp-json\/wp\/v2\/types\/product"}],"replies":[{"embeddable":true,"href":"https:\/\/streetmarkets.fr\/app\/wp-json\/wp\/v2\/comments?post=3610877"}],"wp:featuredmedia":[{"embeddable":true,"href":"https:\/\/streetmarkets.fr\/app\/wp-json\/wp\/v2\/media\/3610878"}],"wp:attachment":[{"href":"https:\/\/streetmarkets.fr\/app\/wp-json\/wp\/v2\/media?parent=3610877"}],"wp:term":[{"taxonomy":"product_brand","embeddable":true,"href":"https:\/\/streetmarkets.fr\/app\/wp-json\/wp\/v2\/product_brand?post=3610877"},{"taxonomy":"product_cat","embeddable":true,"href":"https:\/\/streetmarkets.fr\/app\/wp-json\/wp\/v2\/product_cat?post=3610877"},{"taxonomy":"product_tag","embeddable":true,"href":"https:\/\/streetmarkets.fr\/app\/wp-json\/wp\/v2\/product_tag?post=3610877"}],"curies":[{"name":"wp","href":"https:\/\/api.w.org\/{rel}","templated":true}]}}