{"id":3610814,"date":"2026-02-15T00:58:53","date_gmt":"2026-02-14T23:58:53","guid":{"rendered":"https:\/\/streetmarkets.fr\/app\/produit\/gramicci-pant-loose-tapered-chino\/"},"modified":"2026-05-13T01:59:43","modified_gmt":"2026-05-12T23:59:43","slug":"gramicci-pant-loose-tapered-chino","status":"publish","type":"product","link":"https:\/\/streetmarkets.fr\/app\/produit\/gramicci-pant-loose-tapered-chino\/","title":{"rendered":"GRAMICCI Pant Loose Tapered Chino"},"content":{"rendered":"<p><strong>Cr\u00e9ateur :<\/strong> Gramicci<\/p>\n<p><strong>R\u00e9alisation : <\/strong><span class=\"Y2IQFc\" lang=\"fr\">Pantalon d\u00e9lav\u00e9 pour un look vintage et un toucher doux Taille basse et coupe ample le long de l&rsquo;ourlet Ceinture flexible pour une flexibilit\u00e9 optimale et Deux poches avant et deux poches lat\u00e9rales.<\/span><\/p>\n<p>Pantalon fusel\u00e9 ample, coupe moderne.<\/p>\n<p id=\"tw-target-text\" class=\"tw-data-text tw-text-large tw-ta\" dir=\"ltr\" data-placeholder=\"Traduction\"><span class=\"Y2IQFc\" lang=\"fr\">Fabriqu\u00e9 avec 100% serg\u00e9 de coton biologique<\/span><\/p>\n<p><strong>La parenth\u00e8se : <\/strong><span class=\"Y2IQFc\" lang=\"fr\">Depuis 1982, Gramicci fabrique des v\u00eatements fonctionnels pour la vie en plein air.<\/span><\/p>\n<p id=\"tw-target-text\" class=\"tw-data-text tw-text-large tw-ta\" dir=\"ltr\" data-placeholder=\"Traduction\"><span class=\"Y2IQFc\" lang=\"fr\">Tout a commenc\u00e9 en Californie dans les ann\u00e9es 1970, lorsqu&rsquo;une nouvelle g\u00e9n\u00e9ration d&rsquo;alpinistes \u00e0 l&rsquo;esprit libre, connue sous le nom de Stonemasters, a \u00e9lu domicile au parc national de Yosemite, pionni\u00e8re d&rsquo;une nouvelle fa\u00e7on d&rsquo;escalader, en mettant l&rsquo;accent sur la vitesse et le style. Ces nouvelles m\u00e9thodes n\u00e9cessitaient un nouvel uniforme, et m\u00eame si les pantalons de peintre et les surplus d&rsquo;\u00e9quipement de l&rsquo;arm\u00e9e fonctionnaient jusqu&rsquo;\u00e0 un certain point, la flexibilit\u00e9 \u00e9tait n\u00e9cessaire. Mike Graham, un Stonemaster avec un sens aigu du design, s&rsquo;est lanc\u00e9 dans la cr\u00e9ation du premier v\u00e9ritable short d&rsquo;escalade.<\/span><\/p>\n<p dir=\"ltr\" data-placeholder=\"Traduction\">Taille US<\/p>\n","protected":false},"excerpt":{"rendered":"<p>Cr\u00e9ateur : Gramicci R\u00e9alisation : Pantalon d\u00e9lav\u00e9 pour un look vintage et un toucher doux Taille basse et coupe ample le long de l&rsquo;ourlet Ceinture flexible pour une flexibilit\u00e9 optimale et Deux poches avant et deux poches lat\u00e9rales. Pantalon fusel\u00e9 ample, coupe moderne. Fabriqu\u00e9 avec 100% serg\u00e9 de coton biologique La parenth\u00e8se : Depuis 1982, [&hellip;]<\/p>\n","protected":false},"featured_media":3610815,"comment_status":"open","ping_status":"closed","template":"","meta":[],"product_brand":[7137],"product_cat":[],"product_tag":[],"acf":[],"_links":{"self":[{"href":"https:\/\/streetmarkets.fr\/app\/wp-json\/wp\/v2\/product\/3610814"}],"collection":[{"href":"https:\/\/streetmarkets.fr\/app\/wp-json\/wp\/v2\/product"}],"about":[{"href":"https:\/\/streetmarkets.fr\/app\/wp-json\/wp\/v2\/types\/product"}],"replies":[{"embeddable":true,"href":"https:\/\/streetmarkets.fr\/app\/wp-json\/wp\/v2\/comments?post=3610814"}],"wp:featuredmedia":[{"embeddable":true,"href":"https:\/\/streetmarkets.fr\/app\/wp-json\/wp\/v2\/media\/3610815"}],"wp:attachment":[{"href":"https:\/\/streetmarkets.fr\/app\/wp-json\/wp\/v2\/media?parent=3610814"}],"wp:term":[{"taxonomy":"product_brand","embeddable":true,"href":"https:\/\/streetmarkets.fr\/app\/wp-json\/wp\/v2\/product_brand?post=3610814"},{"taxonomy":"product_cat","embeddable":true,"href":"https:\/\/streetmarkets.fr\/app\/wp-json\/wp\/v2\/product_cat?post=3610814"},{"taxonomy":"product_tag","embeddable":true,"href":"https:\/\/streetmarkets.fr\/app\/wp-json\/wp\/v2\/product_tag?post=3610814"}],"curies":[{"name":"wp","href":"https:\/\/api.w.org\/{rel}","templated":true}]}}