{"id":3610793,"date":"2026-02-15T00:58:51","date_gmt":"2026-02-14T23:58:51","guid":{"rendered":"https:\/\/streetmarkets.fr\/app\/produit\/naked-and-famous-jeans-weird-guy-left-hand-twill-selvedge-indigo\/"},"modified":"2026-05-13T01:59:43","modified_gmt":"2026-05-12T23:59:43","slug":"naked-and-famous-jeans-weird-guy-left-hand-twill-selvedge-indigo","status":"publish","type":"product","link":"https:\/\/streetmarkets.fr\/app\/produit\/naked-and-famous-jeans-weird-guy-left-hand-twill-selvedge-indigo\/","title":{"rendered":"NAKED and FAMOUS Jeans Weird guy LEFT HAND TWILL SELVEDGE INDIGO"},"content":{"rendered":"<p><strong>Cr\u00e9ateur :<\/strong> Naked and Famous, toiles japonaise fabriqu\u00e9 au Canada<\/p>\n<p><strong>R\u00e9alisation : <\/strong>Denim selvedge japonais teint en corde indigo de 13,75 oz, tiss\u00e9 sur des m\u00e9tiers \u00e0 navette vintage dans une construction en serg\u00e9 \u00e0 gauche. La cha\u00eene teinte indigo et la trame blanche combin\u00e9es \u00e0 une lisi\u00e8re \u00e0 rayures blanches donnent \u00e0 ce jean un look classique. La construction en serg\u00e9 \u00e0 gauche offrira une sensation de denim plus douce lorsqu&rsquo;elle sera port\u00e9e au fil du temps et mettra l&rsquo;accent sur la d\u00e9coloration verticale.<\/p>\n<p>100 % coton, indigo X white, 13,75 oz<\/p>\n<p><strong>Coupe Weird Guy : Notre coupe fusel\u00e9e standard, confortable de la taille aux hanches et fusel\u00e9e du genou \u00e0 l&rsquo;ourlet.<\/strong><\/p>\n<p><strong>La parenth\u00e8se : <\/strong>La marque Naked &amp; Famous, c&rsquo;est l&rsquo; histoire de passionn\u00e9s qui consacrent leurs ressources \u00e0 trouver le meilleur tissu au monde et \u00e0 le transformer en superbes jeans. Pas de publicit\u00e9, pas de lavages, pas de pr\u00e9-vieillissement. Juste un excellent denim \u00e0 un prix raisonnable.<\/p>\n<p>Ils voyagent au Japon plusieurs fois par an pour trouver de nouveaux tissus, travaillant avec des usines de denim pour d\u00e9velopper des choses folles comme le denim qui brille dans le noir, les m\u00e9langes de cachemire, le scratch-n-sniff framboise, le denim r\u00e9fl\u00e9chissant, le denim arc-en-ciel, etc..<\/p>\n<p>Tous les produits sont fi\u00e8rement coup\u00e9s, fabriqu\u00e9s et cousus au Canada.<\/p>\n","protected":false},"excerpt":{"rendered":"<p>Cr\u00e9ateur : Naked and Famous, toiles japonaise fabriqu\u00e9 au Canada R\u00e9alisation : Denim selvedge japonais teint en corde indigo de 13,75 oz, tiss\u00e9 sur des m\u00e9tiers \u00e0 navette vintage dans une construction en serg\u00e9 \u00e0 gauche. La cha\u00eene teinte indigo et la trame blanche combin\u00e9es \u00e0 une lisi\u00e8re \u00e0 rayures blanches donnent \u00e0 ce jean [&hellip;]<\/p>\n","protected":false},"featured_media":3610794,"comment_status":"open","ping_status":"closed","template":"","meta":[],"product_brand":[],"product_cat":[],"product_tag":[],"acf":[],"_links":{"self":[{"href":"https:\/\/streetmarkets.fr\/app\/wp-json\/wp\/v2\/product\/3610793"}],"collection":[{"href":"https:\/\/streetmarkets.fr\/app\/wp-json\/wp\/v2\/product"}],"about":[{"href":"https:\/\/streetmarkets.fr\/app\/wp-json\/wp\/v2\/types\/product"}],"replies":[{"embeddable":true,"href":"https:\/\/streetmarkets.fr\/app\/wp-json\/wp\/v2\/comments?post=3610793"}],"wp:featuredmedia":[{"embeddable":true,"href":"https:\/\/streetmarkets.fr\/app\/wp-json\/wp\/v2\/media\/3610794"}],"wp:attachment":[{"href":"https:\/\/streetmarkets.fr\/app\/wp-json\/wp\/v2\/media?parent=3610793"}],"wp:term":[{"taxonomy":"product_brand","embeddable":true,"href":"https:\/\/streetmarkets.fr\/app\/wp-json\/wp\/v2\/product_brand?post=3610793"},{"taxonomy":"product_cat","embeddable":true,"href":"https:\/\/streetmarkets.fr\/app\/wp-json\/wp\/v2\/product_cat?post=3610793"},{"taxonomy":"product_tag","embeddable":true,"href":"https:\/\/streetmarkets.fr\/app\/wp-json\/wp\/v2\/product_tag?post=3610793"}],"curies":[{"name":"wp","href":"https:\/\/api.w.org\/{rel}","templated":true}]}}