{"id":3610763,"date":"2026-02-15T00:58:47","date_gmt":"2026-02-14T23:58:47","guid":{"rendered":"https:\/\/streetmarkets.fr\/app\/produit\/gramicci-corduroy-g-pant-mocha-beige\/"},"modified":"2026-05-16T01:59:49","modified_gmt":"2026-05-15T23:59:49","slug":"gramicci-corduroy-g-pant-mocha-beige","status":"publish","type":"product","link":"https:\/\/streetmarkets.fr\/app\/produit\/gramicci-corduroy-g-pant-mocha-beige\/","title":{"rendered":"GRAMICCI Corduroy G Pant Mocha beige"},"content":{"rendered":"<p><strong>Cr\u00e9ateur :<\/strong> Gramicci<\/p>\n<p><strong>R\u00e9alisation : <\/strong>Comprend deux poches lat\u00e9rales et deux poches arri\u00e8re<br \/>\nFabriqu\u00e9 \u00e0 partir de velours c\u00f4tel\u00e9 extensible &#8211; Coton 98%, Polyur\u00e9thane 2%<br \/>\nCeinture en sangle int\u00e9gr\u00e9e<br \/>\nEntrejambe \u00e0 soufflet pour le style, la mobilit\u00e9 et le confort<br \/>\nEntrejambe 32&Prime;<br \/>\nLe pantalon Corduroy de Gramicci est dot\u00e9 d&rsquo;un entrejambe \u00e0 soufflet et permet une flexibilit\u00e9 des jambes \u00e0 180 degr\u00e9s, et la ceinture en sangle et la taille d\u00e9contract\u00e9e peuvent \u00eatre ajust\u00e9es d&rsquo;une seule main.<\/p>\n<p><strong>La parenth\u00e8se : <\/strong>Dans les ann\u00e9es 1980, le pantalon innovant Gramicci a \u00e9t\u00e9 cr\u00e9\u00e9 sur la base de l&rsquo;exp\u00e9rience pour int\u00e9grer toutes les fonctions dont un grimpeur pourrait avoir besoin. La silhouette et les sp\u00e9cifications ont \u00e9t\u00e9 mises \u00e0 jour pour r\u00e9pondre aux besoins de l&rsquo;\u00e8re moderne. Les pantalons Gramicci classiques tr\u00e8s appr\u00e9ci\u00e9s depuis de nombreuses ann\u00e9es sont d\u00e9sormais disponibles en velours c\u00f4tel\u00e9 extensible, parfait pour l&rsquo;automne et l&rsquo;hiver. Ils sont fabriqu\u00e9s en velours c\u00f4tel\u00e9 classique avec des cr\u00eates l\u00e9g\u00e8rement larges et la ceinture en sangle est de la m\u00eame couleur que le corps, ce qui leur donne un look \u00e9l\u00e9gant.<\/p>\n","protected":false},"excerpt":{"rendered":"<p>Cr\u00e9ateur : Gramicci R\u00e9alisation : Comprend deux poches lat\u00e9rales et deux poches arri\u00e8re Fabriqu\u00e9 \u00e0 partir de velours c\u00f4tel\u00e9 extensible &#8211; Coton 98%, Polyur\u00e9thane 2% Ceinture en sangle int\u00e9gr\u00e9e Entrejambe \u00e0 soufflet pour le style, la mobilit\u00e9 et le confort Entrejambe 32&Prime; Le pantalon Corduroy de Gramicci est dot\u00e9 d&rsquo;un entrejambe \u00e0 soufflet et permet [&hellip;]<\/p>\n","protected":false},"featured_media":3610764,"comment_status":"open","ping_status":"closed","template":"","meta":[],"product_brand":[7137],"product_cat":[],"product_tag":[],"acf":[],"_links":{"self":[{"href":"https:\/\/streetmarkets.fr\/app\/wp-json\/wp\/v2\/product\/3610763"}],"collection":[{"href":"https:\/\/streetmarkets.fr\/app\/wp-json\/wp\/v2\/product"}],"about":[{"href":"https:\/\/streetmarkets.fr\/app\/wp-json\/wp\/v2\/types\/product"}],"replies":[{"embeddable":true,"href":"https:\/\/streetmarkets.fr\/app\/wp-json\/wp\/v2\/comments?post=3610763"}],"wp:featuredmedia":[{"embeddable":true,"href":"https:\/\/streetmarkets.fr\/app\/wp-json\/wp\/v2\/media\/3610764"}],"wp:attachment":[{"href":"https:\/\/streetmarkets.fr\/app\/wp-json\/wp\/v2\/media?parent=3610763"}],"wp:term":[{"taxonomy":"product_brand","embeddable":true,"href":"https:\/\/streetmarkets.fr\/app\/wp-json\/wp\/v2\/product_brand?post=3610763"},{"taxonomy":"product_cat","embeddable":true,"href":"https:\/\/streetmarkets.fr\/app\/wp-json\/wp\/v2\/product_cat?post=3610763"},{"taxonomy":"product_tag","embeddable":true,"href":"https:\/\/streetmarkets.fr\/app\/wp-json\/wp\/v2\/product_tag?post=3610763"}],"curies":[{"name":"wp","href":"https:\/\/api.w.org\/{rel}","templated":true}]}}