{"id":3610741,"date":"2026-02-15T00:58:43","date_gmt":"2026-02-14T23:58:43","guid":{"rendered":"https:\/\/streetmarkets.fr\/app\/produit\/good-on-crew-tee-soda\/"},"modified":"2026-05-09T01:58:17","modified_gmt":"2026-05-08T23:58:17","slug":"good-on-crew-tee-soda","status":"publish","type":"product","link":"https:\/\/streetmarkets.fr\/app\/produit\/good-on-crew-tee-soda\/","title":{"rendered":"GOOD ON Crew tee Soda"},"content":{"rendered":"<p><b>Cr\u00e9ateur :<\/b> Good On Japan<br \/>\n<b><\/b><\/p>\n<p><b>R\u00e9alisation : <\/b><span class=\"Y2IQFc\" lang=\"fr\">Tee-shirt tubulaire, coupe regular et teinture pigmentaire<\/span><\/p>\n<p>100% Coton Premium USA<\/p>\n<p><b><\/b><b>La parenth\u00e8se : <\/b>Un basique avec un savoir-faire Japonais.<\/p>\n","protected":false},"excerpt":{"rendered":"<p>Cr\u00e9ateur : Good On Japan R\u00e9alisation : Tee-shirt tubulaire, coupe regular et teinture pigmentaire 100% Coton Premium USA La parenth\u00e8se : Un basique avec un savoir-faire Japonais.<\/p>\n","protected":false},"featured_media":3610742,"comment_status":"open","ping_status":"closed","template":"","meta":[],"product_brand":[],"product_cat":[],"product_tag":[],"acf":[],"_links":{"self":[{"href":"https:\/\/streetmarkets.fr\/app\/wp-json\/wp\/v2\/product\/3610741"}],"collection":[{"href":"https:\/\/streetmarkets.fr\/app\/wp-json\/wp\/v2\/product"}],"about":[{"href":"https:\/\/streetmarkets.fr\/app\/wp-json\/wp\/v2\/types\/product"}],"replies":[{"embeddable":true,"href":"https:\/\/streetmarkets.fr\/app\/wp-json\/wp\/v2\/comments?post=3610741"}],"wp:featuredmedia":[{"embeddable":true,"href":"https:\/\/streetmarkets.fr\/app\/wp-json\/wp\/v2\/media\/3610742"}],"wp:attachment":[{"href":"https:\/\/streetmarkets.fr\/app\/wp-json\/wp\/v2\/media?parent=3610741"}],"wp:term":[{"taxonomy":"product_brand","embeddable":true,"href":"https:\/\/streetmarkets.fr\/app\/wp-json\/wp\/v2\/product_brand?post=3610741"},{"taxonomy":"product_cat","embeddable":true,"href":"https:\/\/streetmarkets.fr\/app\/wp-json\/wp\/v2\/product_cat?post=3610741"},{"taxonomy":"product_tag","embeddable":true,"href":"https:\/\/streetmarkets.fr\/app\/wp-json\/wp\/v2\/product_tag?post=3610741"}],"curies":[{"name":"wp","href":"https:\/\/api.w.org\/{rel}","templated":true}]}}