{"id":3610687,"date":"2026-02-15T00:58:33","date_gmt":"2026-02-14T23:58:33","guid":{"rendered":"https:\/\/streetmarkets.fr\/app\/produit\/moonstar-baskets-alweather-rf-olive\/"},"modified":"2026-05-06T02:00:26","modified_gmt":"2026-05-06T00:00:26","slug":"moonstar-baskets-alweather-rf-olive","status":"publish","type":"product","link":"https:\/\/streetmarkets.fr\/app\/produit\/moonstar-baskets-alweather-rf-olive\/","title":{"rendered":"MOONSTAR Baskets ALWEATHER RF Olive"},"content":{"rendered":"<p><b>Cr\u00e9ateur :<\/b> Moonstar \/ Japon<br \/>\n<b><\/b><\/p>\n<p><b>R\u00e9alisation : <\/b>Ce mod\u00e8le tout temps est fabriqu\u00e9 en toile recouverte de caoutchouc. Ses caract\u00e9ristiques permettent de les porter par temps de pluie.<\/p>\n<p>Tige en toile, semelle en Caoutchouc<\/p>\n<p><em>This all-weather shoe is made of canvas coated with rubber. Its features make it suitable for wearing in the rain.<\/em><\/p>\n<p><em>Canvas upper, rubber sole<\/em><\/p>\n","protected":false},"excerpt":{"rendered":"<p>Cr\u00e9ateur : Moonstar \/ Japon R\u00e9alisation : Ce mod\u00e8le tout temps est fabriqu\u00e9 en toile recouverte de caoutchouc. Ses caract\u00e9ristiques permettent de les porter par temps de pluie. Tige en toile, semelle en Caoutchouc This all-weather shoe is made of canvas coated with rubber. Its features make it suitable for wearing in the rain. Canvas [&hellip;]<\/p>\n","protected":false},"featured_media":3610688,"comment_status":"open","ping_status":"closed","template":"","meta":[],"product_brand":[],"product_cat":[],"product_tag":[],"acf":[],"_links":{"self":[{"href":"https:\/\/streetmarkets.fr\/app\/wp-json\/wp\/v2\/product\/3610687"}],"collection":[{"href":"https:\/\/streetmarkets.fr\/app\/wp-json\/wp\/v2\/product"}],"about":[{"href":"https:\/\/streetmarkets.fr\/app\/wp-json\/wp\/v2\/types\/product"}],"replies":[{"embeddable":true,"href":"https:\/\/streetmarkets.fr\/app\/wp-json\/wp\/v2\/comments?post=3610687"}],"wp:featuredmedia":[{"embeddable":true,"href":"https:\/\/streetmarkets.fr\/app\/wp-json\/wp\/v2\/media\/3610688"}],"wp:attachment":[{"href":"https:\/\/streetmarkets.fr\/app\/wp-json\/wp\/v2\/media?parent=3610687"}],"wp:term":[{"taxonomy":"product_brand","embeddable":true,"href":"https:\/\/streetmarkets.fr\/app\/wp-json\/wp\/v2\/product_brand?post=3610687"},{"taxonomy":"product_cat","embeddable":true,"href":"https:\/\/streetmarkets.fr\/app\/wp-json\/wp\/v2\/product_cat?post=3610687"},{"taxonomy":"product_tag","embeddable":true,"href":"https:\/\/streetmarkets.fr\/app\/wp-json\/wp\/v2\/product_tag?post=3610687"}],"curies":[{"name":"wp","href":"https:\/\/api.w.org\/{rel}","templated":true}]}}