{"id":3610661,"date":"2026-02-15T00:58:21","date_gmt":"2026-02-14T23:58:21","guid":{"rendered":"https:\/\/streetmarkets.fr\/app\/produit\/paraboot-chambord-lisse-noir-semelle-gomme\/"},"modified":"2026-05-15T01:58:53","modified_gmt":"2026-05-14T23:58:53","slug":"paraboot-chambord-lisse-noir-semelle-gomme","status":"publish","type":"product","link":"https:\/\/streetmarkets.fr\/app\/produit\/paraboot-chambord-lisse-noir-semelle-gomme\/","title":{"rendered":"PARABOOT CHAMBORD Lisse noir semelle gomme"},"content":{"rendered":"<p><b>Cr\u00e9ateur :<\/b> Paraboot \/ France<br \/>\n<b><\/b><\/p>\n<p><b>R\u00e9alisation : <\/b>La Chambord a la particularit\u00e9 d&rsquo;avoir une piq\u00fbre du plateau \u00e0 45\u00b0, un savoir-faire unique Paraboot. De par sa forme, ce mod\u00e8le convient aux pieds les plus fins.<\/p>\n<p>Forme au chaussant g\u00e9n\u00e9reux au bout tout en rondeur<br \/>\nFabriqu\u00e9 en France<br \/>\nCousu Norv\u00e9gien, doubl\u00e9 cuir<br \/>\nSemelle en cuir et gomme naturelle<\/p>\n<p>Commande uniquement \u00e0 partir de pays de l&rsquo;Union Europ\u00e9enne<\/p>\n<p id=\"tw-target-text\" class=\"tw-data-text tw-text-large tw-ta\" dir=\"ltr\" data-placeholder=\"Traduction\" data-ved=\"2ahUKEwipkOrslLKJAxXuVqQEHfVxGdgQ3ewLegQIBxAU\" aria-label=\"Texte traduit\u00a0: The Chambord has the particularity of having a 45\u00b0 edge angle, a unique Paraboot know-how. Due to its shape, this model is suitable for the thinnest feet. Generous fit shape with rounded toe Made in France Norwegian stitched, leather lined Leather and natural rubber sole\"><em><span class=\"Y2IQFc\" lang=\"en\">The Chambord has the particularity of having a 45\u00b0 edge angle, a unique Paraboot know-how. Due to its shape, this model is suitable for the thinnest feet. Generous fit shape with rounded toe Made in France Norwegian stitched, leather lined Leather and natural rubber sole<\/span><\/em><\/p>\n<p id=\"tw-target-text\" class=\"tw-data-text tw-text-large tw-ta\" dir=\"ltr\" data-placeholder=\"Traduction\" data-ved=\"2ahUKEwipkOrslLKJAxXuVqQEHfVxGdgQ3ewLegQIBxAU\" aria-label=\"Texte traduit\u00a0: Order only from European Union countries\"><em><span class=\"Y2IQFc\" lang=\"en\">Order only from European Union countries<\/span><\/em><\/p>\n","protected":false},"excerpt":{"rendered":"<p>Cr\u00e9ateur : Paraboot \/ France R\u00e9alisation : La Chambord a la particularit\u00e9 d&rsquo;avoir une piq\u00fbre du plateau \u00e0 45\u00b0, un savoir-faire unique Paraboot. De par sa forme, ce mod\u00e8le convient aux pieds les plus fins. Forme au chaussant g\u00e9n\u00e9reux au bout tout en rondeur Fabriqu\u00e9 en France Cousu Norv\u00e9gien, doubl\u00e9 cuir Semelle en cuir et [&hellip;]<\/p>\n","protected":false},"featured_media":3610662,"comment_status":"open","ping_status":"closed","template":"","meta":[],"product_brand":[],"product_cat":[],"product_tag":[],"acf":[],"_links":{"self":[{"href":"https:\/\/streetmarkets.fr\/app\/wp-json\/wp\/v2\/product\/3610661"}],"collection":[{"href":"https:\/\/streetmarkets.fr\/app\/wp-json\/wp\/v2\/product"}],"about":[{"href":"https:\/\/streetmarkets.fr\/app\/wp-json\/wp\/v2\/types\/product"}],"replies":[{"embeddable":true,"href":"https:\/\/streetmarkets.fr\/app\/wp-json\/wp\/v2\/comments?post=3610661"}],"wp:featuredmedia":[{"embeddable":true,"href":"https:\/\/streetmarkets.fr\/app\/wp-json\/wp\/v2\/media\/3610662"}],"wp:attachment":[{"href":"https:\/\/streetmarkets.fr\/app\/wp-json\/wp\/v2\/media?parent=3610661"}],"wp:term":[{"taxonomy":"product_brand","embeddable":true,"href":"https:\/\/streetmarkets.fr\/app\/wp-json\/wp\/v2\/product_brand?post=3610661"},{"taxonomy":"product_cat","embeddable":true,"href":"https:\/\/streetmarkets.fr\/app\/wp-json\/wp\/v2\/product_cat?post=3610661"},{"taxonomy":"product_tag","embeddable":true,"href":"https:\/\/streetmarkets.fr\/app\/wp-json\/wp\/v2\/product_tag?post=3610661"}],"curies":[{"name":"wp","href":"https:\/\/api.w.org\/{rel}","templated":true}]}}