{"id":3610635,"date":"2026-02-15T00:58:17","date_gmt":"2026-02-14T23:58:17","guid":{"rendered":"https:\/\/streetmarkets.fr\/app\/produit\/paraboot-villandry-lis-ecorce-semelle-gomme\/"},"modified":"2026-05-03T01:58:10","modified_gmt":"2026-05-02T23:58:10","slug":"paraboot-villandry-lis-ecorce-semelle-gomme","status":"publish","type":"product","link":"https:\/\/streetmarkets.fr\/app\/produit\/paraboot-villandry-lis-ecorce-semelle-gomme\/","title":{"rendered":"PARABOOT VILLANDRY Lis \u00e9corce semelle gomme"},"content":{"rendered":"<p><b>Cr\u00e9ateur :<\/b> Paraboot \/ France<br \/>\n<b><\/b><\/p>\n<p><b>R\u00e9alisation : <\/b>Un derby pens\u00e9 avec la semelle, la tr\u00e9pointe et les lignes \u00e9l\u00e9gantes du Chambord tout en arborant le plateau iconique de la Michael. Le compromis entre raffinement et robustesse.<\/p>\n<p>Forme au chaussant traditionnel avec un bout arrondi<br \/>\nFabriqu\u00e9 en France<br \/>\nCousu Norv\u00e9gien, doubl\u00e9 cuir<br \/>\nSemelle en gomme naturelle<\/p>\n<p>Commande uniquement \u00e0 partir de pays de l&rsquo;Union Europ\u00e9enne<\/p>\n<p id=\"tw-target-text\" class=\"tw-data-text tw-text-large tw-ta\" dir=\"ltr\" data-placeholder=\"Traduction\" data-ved=\"2ahUKEwipkOrslLKJAxXuVqQEHfVxGdgQ3ewLegQIBxAU\" aria-label=\"Texte traduit\u00a0: A derby designed with the sole, the welt and the elegant lines of the Chambord while featuring the iconic platform of the Michael. The compromise between refinement and robustness. Traditional fit with a rounded toe Made in France Norwegian stitched, leather lined Natural rubber sole\"><em><span class=\"Y2IQFc\" lang=\"en\">A derby designed with the sole, the welt and the elegant lines of the Chambord while featuring the iconic platform of the Michael. The compromise between refinement and robustness. Traditional fit with a rounded toe Made in France Norwegian stitched, leather lined Natural rubber sole<\/span><\/em><\/p>\n<p id=\"tw-target-text\" class=\"tw-data-text tw-text-large tw-ta\" dir=\"ltr\" data-placeholder=\"Traduction\" data-ved=\"2ahUKEwipkOrslLKJAxXuVqQEHfVxGdgQ3ewLegQIBxAU\" aria-label=\"Texte traduit\u00a0: Order only from European Union countries\"><em><span class=\"Y2IQFc\" lang=\"en\">Order only from European Union countries<\/span><\/em><\/p>\n","protected":false},"excerpt":{"rendered":"<p>Cr\u00e9ateur : Paraboot \/ France R\u00e9alisation : Un derby pens\u00e9 avec la semelle, la tr\u00e9pointe et les lignes \u00e9l\u00e9gantes du Chambord tout en arborant le plateau iconique de la Michael. Le compromis entre raffinement et robustesse. Forme au chaussant traditionnel avec un bout arrondi Fabriqu\u00e9 en France Cousu Norv\u00e9gien, doubl\u00e9 cuir Semelle en gomme naturelle [&hellip;]<\/p>\n","protected":false},"featured_media":3610636,"comment_status":"open","ping_status":"closed","template":"","meta":[],"product_brand":[],"product_cat":[],"product_tag":[],"acf":[],"_links":{"self":[{"href":"https:\/\/streetmarkets.fr\/app\/wp-json\/wp\/v2\/product\/3610635"}],"collection":[{"href":"https:\/\/streetmarkets.fr\/app\/wp-json\/wp\/v2\/product"}],"about":[{"href":"https:\/\/streetmarkets.fr\/app\/wp-json\/wp\/v2\/types\/product"}],"replies":[{"embeddable":true,"href":"https:\/\/streetmarkets.fr\/app\/wp-json\/wp\/v2\/comments?post=3610635"}],"wp:featuredmedia":[{"embeddable":true,"href":"https:\/\/streetmarkets.fr\/app\/wp-json\/wp\/v2\/media\/3610636"}],"wp:attachment":[{"href":"https:\/\/streetmarkets.fr\/app\/wp-json\/wp\/v2\/media?parent=3610635"}],"wp:term":[{"taxonomy":"product_brand","embeddable":true,"href":"https:\/\/streetmarkets.fr\/app\/wp-json\/wp\/v2\/product_brand?post=3610635"},{"taxonomy":"product_cat","embeddable":true,"href":"https:\/\/streetmarkets.fr\/app\/wp-json\/wp\/v2\/product_cat?post=3610635"},{"taxonomy":"product_tag","embeddable":true,"href":"https:\/\/streetmarkets.fr\/app\/wp-json\/wp\/v2\/product_tag?post=3610635"}],"curies":[{"name":"wp","href":"https:\/\/api.w.org\/{rel}","templated":true}]}}