{"id":3610539,"date":"2026-02-15T00:58:06","date_gmt":"2026-02-14T23:58:06","guid":{"rendered":"https:\/\/streetmarkets.fr\/app\/produit\/keen-sandales-uneek-wk-black\/"},"modified":"2026-05-03T02:01:26","modified_gmt":"2026-05-03T00:01:26","slug":"keen-sandales-uneek-wk-black","status":"publish","type":"product","link":"https:\/\/streetmarkets.fr\/app\/produit\/keen-sandales-uneek-wk-black\/","title":{"rendered":"KEEN Sandales UNEEK WK Birch Plaza"},"content":{"rendered":"<p><strong>Cr\u00e9ateur :<\/strong> Keen, Etats-Unis<\/p>\n<p><strong>R\u00e9alisation : <\/strong><span class=\"Y2IQFc\" lang=\"fr\">Deux cordons et une semelle. UNEEK WK s&rsquo;adapte \u00e0 vos pieds et assure un ajustement parfait. Les cordons librement mobiles offrent libert\u00e9 de mouvement, s\u00e9curit\u00e9 et stabilit\u00e9.<\/span><\/p>\n<p><span class=\"Y2IQFc\" lang=\"fr\">Eco Anti-Odor pour un contr\u00f4le naturel des odeurs. Les cordons librement mobiles s&rsquo;adaptent au pied Semelle int\u00e9rieure recouverte de microfibre Ligne tress\u00e9e en polyester avec \u00e2me en nylon pour une r\u00e9sistance accrue Profil coup\u00e9 au couteau pour une traction am\u00e9lior\u00e9e Dos du talon en microfibre Lacets bien rang\u00e9s Plastique PET recycl\u00e9<\/span><\/p>\n<p><em><span class=\"Y2IQFc\" lang=\"en\">Two cords and one sole. UNEEK adapts to your feet and ensures a perfect fit. The freely movable cords provide freedom of movement, security, and stability. Eco Anti-Odor for natural odor control. The freely movable cords adapt to the foot. Microfiber-covered insole. Braided polyester cord with nylon core for increased strength. Knife-cut profile for improved traction. Microfiber heel counter. Neatly tucked laces. Recycled PET plastic.<\/span><\/em><\/p>\n","protected":false},"excerpt":{"rendered":"<p>Cr\u00e9ateur : Keen, Etats-Unis R\u00e9alisation : Deux cordons et une semelle. UNEEK WK s&rsquo;adapte \u00e0 vos pieds et assure un ajustement parfait. Les cordons librement mobiles offrent libert\u00e9 de mouvement, s\u00e9curit\u00e9 et stabilit\u00e9. Eco Anti-Odor pour un contr\u00f4le naturel des odeurs. Les cordons librement mobiles s&rsquo;adaptent au pied Semelle int\u00e9rieure recouverte de microfibre Ligne tress\u00e9e [&hellip;]<\/p>\n","protected":false},"featured_media":3610540,"comment_status":"open","ping_status":"closed","template":"","meta":[],"product_brand":[],"product_cat":[],"product_tag":[],"acf":[],"_links":{"self":[{"href":"https:\/\/streetmarkets.fr\/app\/wp-json\/wp\/v2\/product\/3610539"}],"collection":[{"href":"https:\/\/streetmarkets.fr\/app\/wp-json\/wp\/v2\/product"}],"about":[{"href":"https:\/\/streetmarkets.fr\/app\/wp-json\/wp\/v2\/types\/product"}],"replies":[{"embeddable":true,"href":"https:\/\/streetmarkets.fr\/app\/wp-json\/wp\/v2\/comments?post=3610539"}],"wp:featuredmedia":[{"embeddable":true,"href":"https:\/\/streetmarkets.fr\/app\/wp-json\/wp\/v2\/media\/3610540"}],"wp:attachment":[{"href":"https:\/\/streetmarkets.fr\/app\/wp-json\/wp\/v2\/media?parent=3610539"}],"wp:term":[{"taxonomy":"product_brand","embeddable":true,"href":"https:\/\/streetmarkets.fr\/app\/wp-json\/wp\/v2\/product_brand?post=3610539"},{"taxonomy":"product_cat","embeddable":true,"href":"https:\/\/streetmarkets.fr\/app\/wp-json\/wp\/v2\/product_cat?post=3610539"},{"taxonomy":"product_tag","embeddable":true,"href":"https:\/\/streetmarkets.fr\/app\/wp-json\/wp\/v2\/product_tag?post=3610539"}],"curies":[{"name":"wp","href":"https:\/\/api.w.org\/{rel}","templated":true}]}}