{"id":3610530,"date":"2026-02-15T00:58:04","date_gmt":"2026-02-14T23:58:04","guid":{"rendered":"https:\/\/streetmarkets.fr\/app\/produit\/paraboot-sandales-pacific-sport-lisse-noire\/"},"modified":"2026-05-10T01:58:23","modified_gmt":"2026-05-09T23:58:23","slug":"paraboot-sandales-pacific-sport-lisse-noire","status":"publish","type":"product","link":"https:\/\/streetmarkets.fr\/app\/produit\/paraboot-sandales-pacific-sport-lisse-noire\/","title":{"rendered":"PARABOOT Sandales PACIFIC\/ Sport lisse noire"},"content":{"rendered":"<p><b>Cr\u00e9ateur :<\/b> Paraboot \/ France<br \/>\n<b><\/b><\/p>\n<p><b>R\u00e9alisation : <\/b>Ces sandales, initialement con\u00e7ues pour les moines Chartreux, sont de r\u00e9elles chaussures adapt\u00e9es pour la marche.<\/p>\n<p>&#8211; Forme au chaussant plut\u00f4t g\u00e9n\u00e9reux au bout arrondi<br \/>\n&#8211; Fabriqu\u00e9 en Italie<br \/>\n&#8211; Cousu soud\u00e9, doubl\u00e9 cuir<br \/>\n&#8211; Semelle en gomme naturelle<\/p>\n<p>Commande uniquement \u00e0 partir de pays de l&rsquo;Union Europ\u00e9enne<\/p>\n<p><em><span class=\"Y2IQFc\" lang=\"en\">These sandals, originally designed for Carthusian monks, are truly walking shoes. &#8211; Generous fit with a rounded toe &#8211; Made in Italy &#8211; Welded stitching, leather lining &#8211; Natural rubber sole<\/span><\/em><\/p>\n<p class=\"tw-data-text tw-text-large tw-ta\" dir=\"ltr\" data-placeholder=\"Traduction\" data-ved=\"2ahUKEwiC-p3u8bOJAxXzaqQEHaMdGdoQ3ewLegQIBxAU\" aria-label=\"Texte traduit\u00a0: This model, originally technical, is inspired by mountain approach walks from the '60s and '80s. Today, this legendary mountain shoe model has been revisited for an urban style. Traditional fit with a rounded toe Made in France Norwegian stitched, leather lined Natural rubber sole Order only from European Union countries\"><em><span class=\"Y2IQFc\" lang=\"en\">Sole Order only from European Union countries<\/span><\/em><\/p>\n","protected":false},"excerpt":{"rendered":"<p>Cr\u00e9ateur : Paraboot \/ France R\u00e9alisation : Ces sandales, initialement con\u00e7ues pour les moines Chartreux, sont de r\u00e9elles chaussures adapt\u00e9es pour la marche. &#8211; Forme au chaussant plut\u00f4t g\u00e9n\u00e9reux au bout arrondi &#8211; Fabriqu\u00e9 en Italie &#8211; Cousu soud\u00e9, doubl\u00e9 cuir &#8211; Semelle en gomme naturelle Commande uniquement \u00e0 partir de pays de l&rsquo;Union Europ\u00e9enne [&hellip;]<\/p>\n","protected":false},"featured_media":3610531,"comment_status":"open","ping_status":"closed","template":"","meta":[],"product_brand":[],"product_cat":[],"product_tag":[],"acf":[],"_links":{"self":[{"href":"https:\/\/streetmarkets.fr\/app\/wp-json\/wp\/v2\/product\/3610530"}],"collection":[{"href":"https:\/\/streetmarkets.fr\/app\/wp-json\/wp\/v2\/product"}],"about":[{"href":"https:\/\/streetmarkets.fr\/app\/wp-json\/wp\/v2\/types\/product"}],"replies":[{"embeddable":true,"href":"https:\/\/streetmarkets.fr\/app\/wp-json\/wp\/v2\/comments?post=3610530"}],"wp:featuredmedia":[{"embeddable":true,"href":"https:\/\/streetmarkets.fr\/app\/wp-json\/wp\/v2\/media\/3610531"}],"wp:attachment":[{"href":"https:\/\/streetmarkets.fr\/app\/wp-json\/wp\/v2\/media?parent=3610530"}],"wp:term":[{"taxonomy":"product_brand","embeddable":true,"href":"https:\/\/streetmarkets.fr\/app\/wp-json\/wp\/v2\/product_brand?post=3610530"},{"taxonomy":"product_cat","embeddable":true,"href":"https:\/\/streetmarkets.fr\/app\/wp-json\/wp\/v2\/product_cat?post=3610530"},{"taxonomy":"product_tag","embeddable":true,"href":"https:\/\/streetmarkets.fr\/app\/wp-json\/wp\/v2\/product_tag?post=3610530"}],"curies":[{"name":"wp","href":"https:\/\/api.w.org\/{rel}","templated":true}]}}