{"id":3610476,"date":"2026-02-15T00:57:56","date_gmt":"2026-02-14T23:57:56","guid":{"rendered":"https:\/\/streetmarkets.fr\/app\/produit\/il-bussetto-portefeuille-carre-bi-fold-zip-black\/"},"modified":"2026-05-03T01:58:10","modified_gmt":"2026-05-02T23:58:10","slug":"il-bussetto-portefeuille-carre-bi-fold-zip-black","status":"publish","type":"product","link":"https:\/\/streetmarkets.fr\/app\/produit\/il-bussetto-portefeuille-carre-bi-fold-zip-black\/","title":{"rendered":"IL BUSSETTO Portefeuille Carr\u00e9 Bi-Fold Zip Black"},"content":{"rendered":"<p><strong>Cr\u00e9ateur :<\/strong> IL BUSSETTO, <span class=\"product-description-more-text\">Fabriqu\u00e9e en Italie<\/span><\/p>\n<p><strong>R\u00e9alisation : <\/strong>Porte feuille carr\u00e9 \u00e0 deux volets. Cuir de vachette, tannage v\u00e9g\u00e9tal<\/p>\n<p class=\"p1\">Int\u00e9rieur cuir naturel<\/p>\n<p>N\u00b01 Black<\/p>\n<p class=\"p1\">Format adapt\u00e9 \u00e0 la carte nationale d&rsquo;identit\u00e9 fran\u00e7aise<\/p>\n<p>Ce portefeuille est livr\u00e9 dans sa pochette Il Bussetto<\/p>\n","protected":false},"excerpt":{"rendered":"<p>Cr\u00e9ateur : IL BUSSETTO, Fabriqu\u00e9e en Italie R\u00e9alisation : Porte feuille carr\u00e9 \u00e0 deux volets. Cuir de vachette, tannage v\u00e9g\u00e9tal Int\u00e9rieur cuir naturel N\u00b01 Black Format adapt\u00e9 \u00e0 la carte nationale d&rsquo;identit\u00e9 fran\u00e7aise Ce portefeuille est livr\u00e9 dans sa pochette Il Bussetto<\/p>\n","protected":false},"featured_media":3610477,"comment_status":"open","ping_status":"closed","template":"","meta":[],"product_brand":[],"product_cat":[],"product_tag":[],"acf":[],"_links":{"self":[{"href":"https:\/\/streetmarkets.fr\/app\/wp-json\/wp\/v2\/product\/3610476"}],"collection":[{"href":"https:\/\/streetmarkets.fr\/app\/wp-json\/wp\/v2\/product"}],"about":[{"href":"https:\/\/streetmarkets.fr\/app\/wp-json\/wp\/v2\/types\/product"}],"replies":[{"embeddable":true,"href":"https:\/\/streetmarkets.fr\/app\/wp-json\/wp\/v2\/comments?post=3610476"}],"wp:featuredmedia":[{"embeddable":true,"href":"https:\/\/streetmarkets.fr\/app\/wp-json\/wp\/v2\/media\/3610477"}],"wp:attachment":[{"href":"https:\/\/streetmarkets.fr\/app\/wp-json\/wp\/v2\/media?parent=3610476"}],"wp:term":[{"taxonomy":"product_brand","embeddable":true,"href":"https:\/\/streetmarkets.fr\/app\/wp-json\/wp\/v2\/product_brand?post=3610476"},{"taxonomy":"product_cat","embeddable":true,"href":"https:\/\/streetmarkets.fr\/app\/wp-json\/wp\/v2\/product_cat?post=3610476"},{"taxonomy":"product_tag","embeddable":true,"href":"https:\/\/streetmarkets.fr\/app\/wp-json\/wp\/v2\/product_tag?post=3610476"}],"curies":[{"name":"wp","href":"https:\/\/api.w.org\/{rel}","templated":true}]}}